{"id":13499,"date":"2025-01-21T09:37:34","date_gmt":"2025-01-21T06:37:34","guid":{"rendered":"https:\/\/ceoparts.com\/?post_type=product&#038;p=13499"},"modified":"2026-05-16T15:01:20","modified_gmt":"2026-05-16T12:01:20","slug":"still-ecu-alt-potans-45223604700","status":"publish","type":"product","link":"https:\/\/ceoparts.com\/de\/urun\/still-ecu-alt-potans-45223604700\/","title":{"rendered":"Still ECU Unter Potans &#8211; 45223604700"},"content":{"rendered":"<p>Still ECU Unter Potans &#8211; 45223604700<\/p>","protected":false},"excerpt":{"rendered":"<p data-start=\"0\" data-end=\"185\"><br data-start=\"892\" data-end=\"895\" \/>Still ECU Unterer Potentiometer ist ein pr\u00e4ziser Potentiometer, der in elektronischen Steuerger\u00e4ten (ECU) von Gabelstaplern verwendet wird. Er unterst\u00fctzt die genaue Einstellung der Fahrzeugleistung.<\/p>\n<p data-start=\"1096\" data-end=\"1378\"><strong data-start=\"1096\" data-end=\"1114\">Eigenschaften:<\/strong><br data-start=\"1114\" data-end=\"1117\" \/><strong data-start=\"1117\" data-end=\"1133\">Produktname:<\/strong> Still ECU Unterer Potentiometer<br data-start=\"1165\" data-end=\"1168\" \/><strong data-start=\"1168\" data-end=\"1184\">Teilenummer:<\/strong> 45223604700<br data-start=\"1196\" data-end=\"1199\" \/><strong data-start=\"1199\" data-end=\"1212\">Material:<\/strong> Robuste elektronische Komponenten<br data-start=\"1246\" data-end=\"1249\" \/><strong data-start=\"1249\" data-end=\"1268\">Einsatzbereich:<\/strong> ECU-Systeme von Still Gabelstaplern<br data-start=\"1304\" data-end=\"1307\" \/><strong data-start=\"1307\" data-end=\"1319\">Vorteil:<\/strong> Hohe Pr\u00e4zision, zuverl\u00e4ssige Leistung, lange Lebensdauer<\/p>\n<p data-start=\"1380\" data-end=\"1547\">\n","protected":false},"featured_media":13501,"template":"","meta":[],"product_brand":[],"product_cat":[241,469,524],"product_tag":[],"class_list":{"0":"post-13499","1":"product","2":"type-product","3":"status-publish","4":"has-post-thumbnail","6":"product_cat-still","7":"product_cat-elektrik-ve-sistem-parcalari","8":"product_cat-yedek-parca-still","10":"first","11":"instock","12":"taxable","13":"shipping-taxable","14":"purchasable","15":"product-type-simple"},"_links":{"self":[{"href":"https:\/\/ceoparts.com\/de\/wp-json\/wp\/v2\/product\/13499","targetHints":{"allow":["GET"]}}],"collection":[{"href":"https:\/\/ceoparts.com\/de\/wp-json\/wp\/v2\/product"}],"about":[{"href":"https:\/\/ceoparts.com\/de\/wp-json\/wp\/v2\/types\/product"}],"wp:featuredmedia":[{"embeddable":true,"href":"https:\/\/ceoparts.com\/de\/wp-json\/wp\/v2\/media\/13501"}],"wp:attachment":[{"href":"https:\/\/ceoparts.com\/de\/wp-json\/wp\/v2\/media?parent=13499"}],"wp:term":[{"taxonomy":"product_brand","embeddable":true,"href":"https:\/\/ceoparts.com\/de\/wp-json\/wp\/v2\/product_brand?post=13499"},{"taxonomy":"product_cat","embeddable":true,"href":"https:\/\/ceoparts.com\/de\/wp-json\/wp\/v2\/product_cat?post=13499"},{"taxonomy":"product_tag","embeddable":true,"href":"https:\/\/ceoparts.com\/de\/wp-json\/wp\/v2\/product_tag?post=13499"}],"curies":[{"name":"wp","href":"https:\/\/api.w.org\/{rel}","templated":true}]}}