{"id":13508,"date":"2025-01-21T09:54:47","date_gmt":"2025-01-21T06:54:47","guid":{"rendered":"https:\/\/ceoparts.com\/?post_type=product&#038;p=13508"},"modified":"2026-05-16T15:26:23","modified_gmt":"2026-05-16T12:26:23","slug":"toyota-joystick-574601132171-10692274","status":"publish","type":"product","link":"https:\/\/ceoparts.com\/de\/urun\/toyota-joystick-574601132171-10692274\/","title":{"rendered":"Toyota Joystick &#8211; 574601132171, 10692274"},"content":{"rendered":"<p>Toyota Joystick &#8211; 574601132171, 10692274<\/p>","protected":false},"excerpt":{"rendered":"<article class=\"text-token-text-primary w-full\" dir=\"auto\" data-testid=\"conversation-turn-62\" data-scroll-anchor=\"true\">\n<div class=\"text-base my-auto mx-auto py-5 [--thread-content-margin:--spacing(4)] @[37rem]:[--thread-content-margin:--spacing(6)] @[72rem]:[--thread-content-margin:--spacing(16)] px-(--thread-content-margin)\">\n<div class=\"[--thread-content-max-width:32rem] @[34rem]:[--thread-content-max-width:40rem] @[64rem]:[--thread-content-max-width:48rem] mx-auto flex max-w-(--thread-content-max-width) flex-1 text-base gap-4 md:gap-5 lg:gap-6 group\/turn-messages focus-visible:outline-hidden\" tabindex=\"-1\">\n<div class=\"group\/conversation-turn relative flex w-full min-w-0 flex-col agent-turn\">\n<div class=\"relative flex-col gap-1 md:gap-3\">\n<div class=\"flex max-w-full flex-col grow\">\n<div class=\"min-h-8 text-message relative flex w-full flex-col items-end gap-2 text-start break-words whitespace-normal [.text-message+&amp;]:mt-5\" dir=\"auto\" data-message-author-role=\"assistant\" data-message-id=\"7621e98b-6c43-49a3-9930-f07f5206e332\" data-message-model-slug=\"gpt-4-1-mini\">\n<div class=\"flex w-full flex-col gap-1 empty:hidden first:pt-[3px]\">\n<div class=\"markdown prose dark:prose-invert w-full break-words light\">\n<p data-start=\"0\" data-end=\"189\"><br data-start=\"886\" data-end=\"889\" \/>Toyota Joystick ist ein langlebiger Steuerhebel, der Gabelstaplerfahrern eine einfache und pr\u00e4zise Steuerung erm\u00f6glicht. Sein ergonomisches Design sorgt f\u00fcr Komfort bei langer Nutzung.<\/p>\n<p data-start=\"1075\" data-end=\"1358\"><strong data-start=\"1075\" data-end=\"1093\">Eigenschaften:<\/strong><br data-start=\"1093\" data-end=\"1096\" \/><strong data-start=\"1096\" data-end=\"1112\">Produktname:<\/strong> Toyota Joystick<br data-start=\"1128\" data-end=\"1131\" \/><strong data-start=\"1131\" data-end=\"1147\">Teilenummer:<\/strong> 574601132171, 10692274<br data-start=\"1170\" data-end=\"1173\" \/><strong data-start=\"1173\" data-end=\"1186\">Material:<\/strong> Robuster Kunststoff und Metall<br data-start=\"1217\" data-end=\"1220\" \/><strong data-start=\"1220\" data-end=\"1239\">Einsatzbereich:<\/strong> Steuerungssysteme von Toyota Gabelstaplern<br data-start=\"1282\" data-end=\"1285\" \/><strong data-start=\"1285\" data-end=\"1297\">Vorteil:<\/strong> Pr\u00e4zise Steuerung, ergonomisches Design, lange Lebensdauer<\/p>\n<p data-start=\"1360\" data-end=\"1563\">\n","protected":false},"featured_media":13509,"template":"","meta":[],"product_brand":[],"product_cat":[471],"product_tag":[],"class_list":{"0":"post-13508","1":"product","2":"type-product","3":"status-publish","4":"has-post-thumbnail","6":"product_cat-joystick-pedal-yedek-parca","8":"first","9":"instock","10":"taxable","11":"shipping-taxable","12":"purchasable","13":"product-type-simple"},"_links":{"self":[{"href":"https:\/\/ceoparts.com\/de\/wp-json\/wp\/v2\/product\/13508","targetHints":{"allow":["GET"]}}],"collection":[{"href":"https:\/\/ceoparts.com\/de\/wp-json\/wp\/v2\/product"}],"about":[{"href":"https:\/\/ceoparts.com\/de\/wp-json\/wp\/v2\/types\/product"}],"wp:featuredmedia":[{"embeddable":true,"href":"https:\/\/ceoparts.com\/de\/wp-json\/wp\/v2\/media\/13509"}],"wp:attachment":[{"href":"https:\/\/ceoparts.com\/de\/wp-json\/wp\/v2\/media?parent=13508"}],"wp:term":[{"taxonomy":"product_brand","embeddable":true,"href":"https:\/\/ceoparts.com\/de\/wp-json\/wp\/v2\/product_brand?post=13508"},{"taxonomy":"product_cat","embeddable":true,"href":"https:\/\/ceoparts.com\/de\/wp-json\/wp\/v2\/product_cat?post=13508"},{"taxonomy":"product_tag","embeddable":true,"href":"https:\/\/ceoparts.com\/de\/wp-json\/wp\/v2\/product_tag?post=13508"}],"curies":[{"name":"wp","href":"https:\/\/api.w.org\/{rel}","templated":true}]}}