{"id":13523,"date":"2025-01-21T11:50:20","date_gmt":"2025-01-21T08:50:20","guid":{"rendered":"https:\/\/ceoparts.com\/?post_type=product&#038;p=13523"},"modified":"2026-05-16T14:32:05","modified_gmt":"2026-05-16T11:32:05","slug":"linde-yakinlik-sensoru-12051073-7917415652","status":"publish","type":"product","link":"https:\/\/ceoparts.com\/de\/urun\/linde-yakinlik-sensoru-12051073-7917415652\/","title":{"rendered":"Linde N\u00e4herungssensor &#8211; 12051073, 7917415652"},"content":{"rendered":"<p>Linde N\u00e4herungssensor &#8211; 12051073, 7917415652<\/p>","protected":false},"excerpt":{"rendered":"<p data-start=\"0\" data-end=\"187\"><br data-start=\"898\" data-end=\"901\" \/>Linde N\u00e4herungssensor ist ein hochpr\u00e4ziser Sensor, der in Gabelstaplern verwendet wird. Er bietet eine zuverl\u00e4ssige N\u00e4herungserkennung und tr\u00e4gt zur ordnungsgem\u00e4\u00dfen Funktion der Ausr\u00fcstung bei.<\/p>\n<p data-start=\"1096\" data-end=\"1367\"><strong data-start=\"1096\" data-end=\"1114\">Eigenschaften:<\/strong><br data-start=\"1114\" data-end=\"1117\" \/><strong data-start=\"1117\" data-end=\"1133\">Produktname:<\/strong> Linde N\u00e4herungssensor<br data-start=\"1155\" data-end=\"1158\" \/><strong data-start=\"1158\" data-end=\"1174\">Teilenummer:<\/strong> 12051073, 7917415652<br data-start=\"1195\" data-end=\"1198\" \/><strong data-start=\"1198\" data-end=\"1211\">Material:<\/strong> Robustes elektronisches Material<br data-start=\"1244\" data-end=\"1247\" \/><strong data-start=\"1247\" data-end=\"1266\">Einsatzbereich:<\/strong> Linde Gabelstaplersysteme<br data-start=\"1292\" data-end=\"1295\" \/><strong data-start=\"1295\" data-end=\"1307\">Vorteil:<\/strong> Hohe Pr\u00e4zision, zuverl\u00e4ssige Erkennung, lange Lebensdauer<\/p>\n<p data-start=\"1369\" data-end=\"1539\">\n","protected":false},"featured_media":13526,"template":"","meta":[],"product_brand":[],"product_cat":[246,469,523],"product_tag":[],"class_list":{"0":"post-13523","1":"product","2":"type-product","3":"status-publish","4":"has-post-thumbnail","6":"product_cat-linde","7":"product_cat-elektrik-ve-sistem-parcalari","8":"product_cat-yedek-parca-linde","10":"first","11":"instock","12":"taxable","13":"shipping-taxable","14":"purchasable","15":"product-type-simple"},"_links":{"self":[{"href":"https:\/\/ceoparts.com\/de\/wp-json\/wp\/v2\/product\/13523","targetHints":{"allow":["GET"]}}],"collection":[{"href":"https:\/\/ceoparts.com\/de\/wp-json\/wp\/v2\/product"}],"about":[{"href":"https:\/\/ceoparts.com\/de\/wp-json\/wp\/v2\/types\/product"}],"wp:featuredmedia":[{"embeddable":true,"href":"https:\/\/ceoparts.com\/de\/wp-json\/wp\/v2\/media\/13526"}],"wp:attachment":[{"href":"https:\/\/ceoparts.com\/de\/wp-json\/wp\/v2\/media?parent=13523"}],"wp:term":[{"taxonomy":"product_brand","embeddable":true,"href":"https:\/\/ceoparts.com\/de\/wp-json\/wp\/v2\/product_brand?post=13523"},{"taxonomy":"product_cat","embeddable":true,"href":"https:\/\/ceoparts.com\/de\/wp-json\/wp\/v2\/product_cat?post=13523"},{"taxonomy":"product_tag","embeddable":true,"href":"https:\/\/ceoparts.com\/de\/wp-json\/wp\/v2\/product_tag?post=13523"}],"curies":[{"name":"wp","href":"https:\/\/api.w.org\/{rel}","templated":true}]}}