{"id":13527,"date":"2025-01-21T12:02:48","date_gmt":"2025-01-21T09:02:48","guid":{"rendered":"https:\/\/ceoparts.com\/?post_type=product&#038;p=13527"},"modified":"2026-05-16T20:15:40","modified_gmt":"2026-05-16T17:15:40","slug":"still-rx20-direksiyon-sensoru-10464331-0702667","status":"publish","type":"product","link":"https:\/\/ceoparts.com\/de\/urun\/still-rx20-direksiyon-sensoru-10464331-0702667\/","title":{"rendered":"Still RX20 Lenksensor &#8211; 10464331, 0702667"},"content":{"rendered":"<p>Still RX20 Lenksensor &#8211; 10464331, 0702667<\/p>","protected":false},"excerpt":{"rendered":"<p data-start=\"0\" data-end=\"212\"><br data-start=\"966\" data-end=\"969\" \/>Still RX20 Lenksensor ist ein pr\u00e4ziser Sensor, der in den Lenkungssystemen von Gabelstaplern verwendet wird. Er sorgt f\u00fcr eine genaue und zuverl\u00e4ssige Fahrzeugsteuerung durch elektronische Erfassung der Lenkbewegungen.<\/p>\n<p data-start=\"1189\" data-end=\"1472\"><strong data-start=\"1189\" data-end=\"1207\">Eigenschaften:<\/strong><br data-start=\"1207\" data-end=\"1210\" \/><strong data-start=\"1210\" data-end=\"1226\">Produktname:<\/strong> Still RX20 Lenksensor<br data-start=\"1248\" data-end=\"1251\" \/><strong data-start=\"1251\" data-end=\"1267\">Teilenummer:<\/strong> 10464331, 0702667<br data-start=\"1285\" data-end=\"1288\" \/><strong data-start=\"1288\" data-end=\"1301\">Material:<\/strong> Robuste elektronische Komponenten<br data-start=\"1335\" data-end=\"1338\" \/><strong data-start=\"1338\" data-end=\"1357\">Einsatzbereich:<\/strong> Lenksysteme von Still RX20 Gabelstaplern<br data-start=\"1398\" data-end=\"1401\" \/><strong data-start=\"1401\" data-end=\"1413\">Vorteil:<\/strong> Hohe Pr\u00e4zision, zuverl\u00e4ssige Leistung, lange Lebensdauer<\/p>\n<p data-start=\"1474\" data-end=\"1717\">\n","protected":false},"featured_media":13529,"template":"","meta":[],"product_brand":[],"product_cat":[241,469,524],"product_tag":[],"class_list":{"0":"post-13527","1":"product","2":"type-product","3":"status-publish","4":"has-post-thumbnail","6":"product_cat-still","7":"product_cat-elektrik-ve-sistem-parcalari","8":"product_cat-yedek-parca-still","10":"first","11":"instock","12":"taxable","13":"shipping-taxable","14":"purchasable","15":"product-type-simple"},"_links":{"self":[{"href":"https:\/\/ceoparts.com\/de\/wp-json\/wp\/v2\/product\/13527","targetHints":{"allow":["GET"]}}],"collection":[{"href":"https:\/\/ceoparts.com\/de\/wp-json\/wp\/v2\/product"}],"about":[{"href":"https:\/\/ceoparts.com\/de\/wp-json\/wp\/v2\/types\/product"}],"wp:featuredmedia":[{"embeddable":true,"href":"https:\/\/ceoparts.com\/de\/wp-json\/wp\/v2\/media\/13529"}],"wp:attachment":[{"href":"https:\/\/ceoparts.com\/de\/wp-json\/wp\/v2\/media?parent=13527"}],"wp:term":[{"taxonomy":"product_brand","embeddable":true,"href":"https:\/\/ceoparts.com\/de\/wp-json\/wp\/v2\/product_brand?post=13527"},{"taxonomy":"product_cat","embeddable":true,"href":"https:\/\/ceoparts.com\/de\/wp-json\/wp\/v2\/product_cat?post=13527"},{"taxonomy":"product_tag","embeddable":true,"href":"https:\/\/ceoparts.com\/de\/wp-json\/wp\/v2\/product_tag?post=13527"}],"curies":[{"name":"wp","href":"https:\/\/api.w.org\/{rel}","templated":true}]}}