{"id":13545,"date":"2025-01-21T15:52:05","date_gmt":"2025-01-21T12:52:05","guid":{"rendered":"https:\/\/ceoparts.com\/?post_type=product&#038;p=13545"},"modified":"2026-05-16T15:32:25","modified_gmt":"2026-05-16T12:32:25","slug":"kontak-anahtari-seti-801-5455576","status":"publish","type":"product","link":"https:\/\/ceoparts.com\/de\/urun\/kontak-anahtari-seti-801-5455576\/","title":{"rendered":"Z\u00fcndschloss-Satz 801 &#8211; 5455576"},"content":{"rendered":"<p>Z\u00fcndschloss-Satz 801 &#8211; 5455576<\/p>","protected":false},"excerpt":{"rendered":"<p data-start=\"0\" data-end=\"181\"><br data-start=\"872\" data-end=\"875\" \/>Z\u00fcndschaltersatz 801 ist ein langlebiger und zuverl\u00e4ssiger Schalter f\u00fcr elektrische Systeme von Gabelstaplern. Die einfache Montage gew\u00e4hrleistet einen sicheren und reibungslosen Betrieb Ihrer Maschine.<\/p>\n<p data-start=\"1079\" data-end=\"1349\"><strong data-start=\"1079\" data-end=\"1097\">Eigenschaften:<\/strong><br data-start=\"1097\" data-end=\"1100\" \/><strong data-start=\"1100\" data-end=\"1116\">Produktname:<\/strong> Z\u00fcndschaltersatz 801<br data-start=\"1137\" data-end=\"1140\" \/><strong data-start=\"1140\" data-end=\"1156\">Teilenummer:<\/strong> 5455576<br data-start=\"1164\" data-end=\"1167\" \/><strong data-start=\"1167\" data-end=\"1180\">Material:<\/strong> Robuster Kunststoff und Metall<br data-start=\"1211\" data-end=\"1214\" \/><strong data-start=\"1214\" data-end=\"1233\">Einsatzbereich:<\/strong> Elektrische Systeme von Gabelstaplern<br data-start=\"1271\" data-end=\"1274\" \/><strong data-start=\"1274\" data-end=\"1286\">Vorteil:<\/strong> Einfache Montage, lange Lebensdauer, zuverl\u00e4ssige Verbindung<\/p>\n<p data-start=\"1351\" data-end=\"1538\">\n","protected":false},"featured_media":13547,"template":"","meta":[],"product_brand":[],"product_cat":[469],"product_tag":[],"class_list":{"0":"post-13545","1":"product","2":"type-product","3":"status-publish","4":"has-post-thumbnail","6":"product_cat-elektrik-ve-sistem-parcalari","8":"first","9":"instock","10":"taxable","11":"shipping-taxable","12":"purchasable","13":"product-type-simple"},"_links":{"self":[{"href":"https:\/\/ceoparts.com\/de\/wp-json\/wp\/v2\/product\/13545","targetHints":{"allow":["GET"]}}],"collection":[{"href":"https:\/\/ceoparts.com\/de\/wp-json\/wp\/v2\/product"}],"about":[{"href":"https:\/\/ceoparts.com\/de\/wp-json\/wp\/v2\/types\/product"}],"wp:featuredmedia":[{"embeddable":true,"href":"https:\/\/ceoparts.com\/de\/wp-json\/wp\/v2\/media\/13547"}],"wp:attachment":[{"href":"https:\/\/ceoparts.com\/de\/wp-json\/wp\/v2\/media?parent=13545"}],"wp:term":[{"taxonomy":"product_brand","embeddable":true,"href":"https:\/\/ceoparts.com\/de\/wp-json\/wp\/v2\/product_brand?post=13545"},{"taxonomy":"product_cat","embeddable":true,"href":"https:\/\/ceoparts.com\/de\/wp-json\/wp\/v2\/product_cat?post=13545"},{"taxonomy":"product_tag","embeddable":true,"href":"https:\/\/ceoparts.com\/de\/wp-json\/wp\/v2\/product_tag?post=13545"}],"curies":[{"name":"wp","href":"https:\/\/api.w.org\/{rel}","templated":true}]}}