{"id":13550,"date":"2025-01-21T15:54:38","date_gmt":"2025-01-21T12:54:38","guid":{"rendered":"https:\/\/ceoparts.com\/?post_type=product&#038;p=13550"},"modified":"2026-05-16T21:10:30","modified_gmt":"2026-05-16T18:10:30","slug":"kontak-anahtari-seti-701-28528240","status":"publish","type":"product","link":"https:\/\/ceoparts.com\/de\/urun\/kontak-anahtari-seti-701-28528240\/","title":{"rendered":"Z\u00fcndschloss-Satz 701 &#8211; 28528240"},"content":{"rendered":"<p>Z\u00fcndschloss-Satz 701 &#8211; 28528240<\/p>","protected":false},"excerpt":{"rendered":"<p data-start=\"0\" data-end=\"181\"><br data-start=\"874\" data-end=\"877\" \/>Z\u00fcndschaltersatz 701 ist ein langlebiger und zuverl\u00e4ssiger Schalter f\u00fcr elektrische Systeme von Gabelstaplern. Die einfache Montage gew\u00e4hrleistet einen sicheren und reibungslosen Betrieb Ihrer Maschine.<\/p>\n<p data-start=\"1081\" data-end=\"1352\"><strong data-start=\"1081\" data-end=\"1099\">Eigenschaften:<\/strong><br data-start=\"1099\" data-end=\"1102\" \/><strong data-start=\"1102\" data-end=\"1118\">Produktname:<\/strong> Z\u00fcndschaltersatz 701<br data-start=\"1139\" data-end=\"1142\" \/><strong data-start=\"1142\" data-end=\"1158\">Teilenummer:<\/strong> 28528240<br data-start=\"1167\" data-end=\"1170\" \/><strong data-start=\"1170\" data-end=\"1183\">Material:<\/strong> Robuster Kunststoff und Metall<br data-start=\"1214\" data-end=\"1217\" \/><strong data-start=\"1217\" data-end=\"1236\">Einsatzbereich:<\/strong> Elektrische Systeme von Gabelstaplern<br data-start=\"1274\" data-end=\"1277\" \/><strong data-start=\"1277\" data-end=\"1289\">Vorteil:<\/strong> Einfache Montage, lange Lebensdauer, zuverl\u00e4ssige Verbindung<\/p>\n<p data-start=\"1354\" data-end=\"1541\">\n","protected":false},"featured_media":13552,"template":"","meta":[],"product_brand":[],"product_cat":[469],"product_tag":[],"class_list":{"0":"post-13550","1":"product","2":"type-product","3":"status-publish","4":"has-post-thumbnail","6":"product_cat-elektrik-ve-sistem-parcalari","8":"first","9":"instock","10":"taxable","11":"shipping-taxable","12":"purchasable","13":"product-type-simple"},"_links":{"self":[{"href":"https:\/\/ceoparts.com\/de\/wp-json\/wp\/v2\/product\/13550","targetHints":{"allow":["GET"]}}],"collection":[{"href":"https:\/\/ceoparts.com\/de\/wp-json\/wp\/v2\/product"}],"about":[{"href":"https:\/\/ceoparts.com\/de\/wp-json\/wp\/v2\/types\/product"}],"wp:featuredmedia":[{"embeddable":true,"href":"https:\/\/ceoparts.com\/de\/wp-json\/wp\/v2\/media\/13552"}],"wp:attachment":[{"href":"https:\/\/ceoparts.com\/de\/wp-json\/wp\/v2\/media?parent=13550"}],"wp:term":[{"taxonomy":"product_brand","embeddable":true,"href":"https:\/\/ceoparts.com\/de\/wp-json\/wp\/v2\/product_brand?post=13550"},{"taxonomy":"product_cat","embeddable":true,"href":"https:\/\/ceoparts.com\/de\/wp-json\/wp\/v2\/product_cat?post=13550"},{"taxonomy":"product_tag","embeddable":true,"href":"https:\/\/ceoparts.com\/de\/wp-json\/wp\/v2\/product_tag?post=13550"}],"curies":[{"name":"wp","href":"https:\/\/api.w.org\/{rel}","templated":true}]}}