{"id":13554,"date":"2025-01-21T15:57:42","date_gmt":"2025-01-21T12:57:42","guid":{"rendered":"https:\/\/ceoparts.com\/?post_type=product&#038;p=13554"},"modified":"2026-05-16T21:24:57","modified_gmt":"2026-05-16T18:24:57","slug":"kontak-anahtari-seti-702-28526100","status":"publish","type":"product","link":"https:\/\/ceoparts.com\/de\/urun\/kontak-anahtari-seti-702-28526100\/","title":{"rendered":"Z\u00fcndschloss-Satz 702 &#8211; 28526100"},"content":{"rendered":"<p>Z\u00fcndschloss-Satz 702 &#8211; 28526100<\/p>","protected":false},"excerpt":{"rendered":"<p data-start=\"0\" data-end=\"199\"><br data-start=\"892\" data-end=\"895\" \/>Z\u00fcndschaltersatz 702 ist ein langlebiger und zuverl\u00e4ssiger Schalter f\u00fcr elektrische Systeme von Gabelstaplern. Die einfache Montage gew\u00e4hrleistet einen sicheren und reibungslosen Betrieb Ihrer Maschine.<\/p>\n<p data-start=\"1099\" data-end=\"1370\"><strong data-start=\"1099\" data-end=\"1117\">Eigenschaften:<\/strong><br data-start=\"1117\" data-end=\"1120\" \/><strong data-start=\"1120\" data-end=\"1136\">Produktname:<\/strong> Z\u00fcndschaltersatz 702<br data-start=\"1157\" data-end=\"1160\" \/><strong data-start=\"1160\" data-end=\"1176\">Teilenummer:<\/strong> 28526100<br data-start=\"1185\" data-end=\"1188\" \/><strong data-start=\"1188\" data-end=\"1201\">Material:<\/strong> Robuster Kunststoff und Metall<br data-start=\"1232\" data-end=\"1235\" \/><strong data-start=\"1235\" data-end=\"1254\">Einsatzbereich:<\/strong> Elektrische Systeme von Gabelstaplern<br data-start=\"1292\" data-end=\"1295\" \/><strong data-start=\"1295\" data-end=\"1307\">Vorteil:<\/strong> Einfache Montage, lange Lebensdauer, zuverl\u00e4ssige Verbindung<\/p>\n<p data-start=\"1372\" data-end=\"1559\">\n","protected":false},"featured_media":13552,"template":"","meta":[],"product_brand":[],"product_cat":[469],"product_tag":[],"class_list":{"0":"post-13554","1":"product","2":"type-product","3":"status-publish","4":"has-post-thumbnail","6":"product_cat-elektrik-ve-sistem-parcalari","8":"first","9":"instock","10":"taxable","11":"shipping-taxable","12":"purchasable","13":"product-type-simple"},"_links":{"self":[{"href":"https:\/\/ceoparts.com\/de\/wp-json\/wp\/v2\/product\/13554","targetHints":{"allow":["GET"]}}],"collection":[{"href":"https:\/\/ceoparts.com\/de\/wp-json\/wp\/v2\/product"}],"about":[{"href":"https:\/\/ceoparts.com\/de\/wp-json\/wp\/v2\/types\/product"}],"wp:featuredmedia":[{"embeddable":true,"href":"https:\/\/ceoparts.com\/de\/wp-json\/wp\/v2\/media\/13552"}],"wp:attachment":[{"href":"https:\/\/ceoparts.com\/de\/wp-json\/wp\/v2\/media?parent=13554"}],"wp:term":[{"taxonomy":"product_brand","embeddable":true,"href":"https:\/\/ceoparts.com\/de\/wp-json\/wp\/v2\/product_brand?post=13554"},{"taxonomy":"product_cat","embeddable":true,"href":"https:\/\/ceoparts.com\/de\/wp-json\/wp\/v2\/product_cat?post=13554"},{"taxonomy":"product_tag","embeddable":true,"href":"https:\/\/ceoparts.com\/de\/wp-json\/wp\/v2\/product_tag?post=13554"}],"curies":[{"name":"wp","href":"https:\/\/api.w.org\/{rel}","templated":true}]}}