{"id":13555,"date":"2025-01-21T16:23:01","date_gmt":"2025-01-21T13:23:01","guid":{"rendered":"https:\/\/ceoparts.com\/?post_type=product&#038;p=13555"},"modified":"2026-05-16T20:14:48","modified_gmt":"2026-05-16T17:14:48","slug":"kontak-anahtari-seti-530-107ta1616","status":"publish","type":"product","link":"https:\/\/ceoparts.com\/de\/urun\/kontak-anahtari-seti-530-107ta1616\/","title":{"rendered":"Z\u00fcndschloss-Satz 530 &#8211; 107TA1616"},"content":{"rendered":"<p>Z\u00fcndschloss-Satz 530 &#8211; 107TA1616<\/p>","protected":false},"excerpt":{"rendered":"<p data-start=\"78\" data-end=\"294\"><br data-start=\"1038\" data-end=\"1041\" \/>Z\u00fcndschaltersatz 530 ist ein langlebiges und zuverl\u00e4ssiges elektrisches Schaltersatz, das f\u00fcr Gabelstapler entwickelt wurde. Es sorgt f\u00fcr einen reibungslosen Betrieb im elektrischen System Ihrer Maschine und bietet dem Bediener eine sichere Nutzung.<\/p>\n<p data-start=\"1292\" data-end=\"1582\"><strong data-start=\"1292\" data-end=\"1310\">Eigenschaften:<\/strong><br data-start=\"1310\" data-end=\"1313\" \/><strong data-start=\"1313\" data-end=\"1329\">Produktname:<\/strong> Z\u00fcndschaltersatz 530<br data-start=\"1350\" data-end=\"1353\" \/><strong data-start=\"1353\" data-end=\"1369\">Teilenummer:<\/strong> 107TA1616<br data-start=\"1379\" data-end=\"1382\" \/><strong data-start=\"1382\" data-end=\"1395\">Material:<\/strong> Robuster Kunststoff und Metall<br data-start=\"1426\" data-end=\"1429\" \/><strong data-start=\"1429\" data-end=\"1448\">Einsatzbereich:<\/strong> Elektrische Systeme von Gabelstaplern<br data-start=\"1486\" data-end=\"1489\" \/><strong data-start=\"1489\" data-end=\"1501\">Vorteil:<\/strong> Einfache Montage, zuverl\u00e4ssige elektrische Verbindung, langlebige Konstruktion<\/p>\n<p data-start=\"1584\" data-end=\"1814\">\n","protected":false},"featured_media":13547,"template":"","meta":[],"product_brand":[],"product_cat":[469],"product_tag":[],"class_list":{"0":"post-13555","1":"product","2":"type-product","3":"status-publish","4":"has-post-thumbnail","6":"product_cat-elektrik-ve-sistem-parcalari","8":"first","9":"instock","10":"taxable","11":"shipping-taxable","12":"purchasable","13":"product-type-simple"},"_links":{"self":[{"href":"https:\/\/ceoparts.com\/de\/wp-json\/wp\/v2\/product\/13555","targetHints":{"allow":["GET"]}}],"collection":[{"href":"https:\/\/ceoparts.com\/de\/wp-json\/wp\/v2\/product"}],"about":[{"href":"https:\/\/ceoparts.com\/de\/wp-json\/wp\/v2\/types\/product"}],"wp:featuredmedia":[{"embeddable":true,"href":"https:\/\/ceoparts.com\/de\/wp-json\/wp\/v2\/media\/13547"}],"wp:attachment":[{"href":"https:\/\/ceoparts.com\/de\/wp-json\/wp\/v2\/media?parent=13555"}],"wp:term":[{"taxonomy":"product_brand","embeddable":true,"href":"https:\/\/ceoparts.com\/de\/wp-json\/wp\/v2\/product_brand?post=13555"},{"taxonomy":"product_cat","embeddable":true,"href":"https:\/\/ceoparts.com\/de\/wp-json\/wp\/v2\/product_cat?post=13555"},{"taxonomy":"product_tag","embeddable":true,"href":"https:\/\/ceoparts.com\/de\/wp-json\/wp\/v2\/product_tag?post=13555"}],"curies":[{"name":"wp","href":"https:\/\/api.w.org\/{rel}","templated":true}]}}