{"id":13568,"date":"2025-01-21T17:20:47","date_gmt":"2025-01-21T14:20:47","guid":{"rendered":"https:\/\/ceoparts.com\/?post_type=product&#038;p=13568"},"modified":"2026-05-16T15:27:29","modified_gmt":"2026-05-16T12:27:29","slug":"bt-cesab-acil-stop-butonu-45627685-7636807","status":"publish","type":"product","link":"https:\/\/ceoparts.com\/de\/urun\/bt-cesab-acil-stop-butonu-45627685-7636807\/","title":{"rendered":"BT \/ CESAB Not-Aus-Taste &#8211; 45627685 , 7636807"},"content":{"rendered":"<p>BT \/ CESAB Not-Aus-Taste &#8211; 45627685 , 7636807<\/p>\n<p><\/p>\n<ul>\n<li><strong>BT Toyota LWE140 (Seri numaras\u0131 6053221 ve \u00fczeri)<\/strong><\/li>\n<li><strong>BT Toyota LWE160 (Seri numaras\u0131 6053221 ve \u00fczeri)<\/strong><\/li>\n<li><strong>BT Toyota LWE180 (Seri numaras\u0131 6053221 ve \u00fczeri)<\/strong><\/li>\n<li><strong>BT Toyota LWE200 (Seri numaras\u0131 6053221 ve \u00fczeri)<\/strong><\/li>\n<\/ul>\n<p><\/p>","protected":false},"excerpt":{"rendered":"<p data-start=\"79\" data-end=\"281\"><br data-start=\"1000\" data-end=\"1003\" \/>BT \/ CESAB Not-Aus-Taste ist ein langlebiges, sicherheitsorientiertes Ersatzteil f\u00fcr Gabelstapler. Es erm\u00f6glicht dem Bediener, die Maschine im Notfall schnell zu stoppen und erh\u00f6ht die Arbeitssicherheit.<\/p>\n<p data-start=\"1208\" data-end=\"1484\"><strong data-start=\"1208\" data-end=\"1226\">Eigenschaften:<\/strong><br data-start=\"1226\" data-end=\"1229\" \/><strong data-start=\"1229\" data-end=\"1245\">Produktname:<\/strong> BT \/ CESAB Not-Aus-Taste<br data-start=\"1270\" data-end=\"1273\" \/><strong data-start=\"1273\" data-end=\"1289\">Teilenummer:<\/strong> 45627685, 7636807<br data-start=\"1307\" data-end=\"1310\" \/><strong data-start=\"1310\" data-end=\"1323\">Material:<\/strong> Robuster Kunststoff und Metall<br data-start=\"1354\" data-end=\"1357\" \/><strong data-start=\"1357\" data-end=\"1376\">Einsatzbereich:<\/strong> BT und CESAB Gabelstaplermodelle<br data-start=\"1409\" data-end=\"1412\" \/><strong data-start=\"1412\" data-end=\"1424\">Vorteil:<\/strong> Schnelle Reaktion, sichere Bedienung, einfache Handhabung<\/p>\n<p data-start=\"1486\" data-end=\"1729\">\n","protected":false},"featured_media":13570,"template":"","meta":[],"product_brand":[],"product_cat":[251,454,518,521,530],"product_tag":[],"class_list":{"0":"post-13568","1":"product","2":"type-product","3":"status-publish","4":"has-post-thumbnail","6":"product_cat-bt","7":"product_cat-switch-ve-buton","8":"product_cat-yedek-parca-bt","9":"product_cat-toyota","10":"product_cat-yedek-parca-toyota","12":"first","13":"instock","14":"taxable","15":"shipping-taxable","16":"purchasable","17":"product-type-simple"},"_links":{"self":[{"href":"https:\/\/ceoparts.com\/de\/wp-json\/wp\/v2\/product\/13568","targetHints":{"allow":["GET"]}}],"collection":[{"href":"https:\/\/ceoparts.com\/de\/wp-json\/wp\/v2\/product"}],"about":[{"href":"https:\/\/ceoparts.com\/de\/wp-json\/wp\/v2\/types\/product"}],"wp:featuredmedia":[{"embeddable":true,"href":"https:\/\/ceoparts.com\/de\/wp-json\/wp\/v2\/media\/13570"}],"wp:attachment":[{"href":"https:\/\/ceoparts.com\/de\/wp-json\/wp\/v2\/media?parent=13568"}],"wp:term":[{"taxonomy":"product_brand","embeddable":true,"href":"https:\/\/ceoparts.com\/de\/wp-json\/wp\/v2\/product_brand?post=13568"},{"taxonomy":"product_cat","embeddable":true,"href":"https:\/\/ceoparts.com\/de\/wp-json\/wp\/v2\/product_cat?post=13568"},{"taxonomy":"product_tag","embeddable":true,"href":"https:\/\/ceoparts.com\/de\/wp-json\/wp\/v2\/product_tag?post=13568"}],"curies":[{"name":"wp","href":"https:\/\/api.w.org\/{rel}","templated":true}]}}