{"id":13654,"date":"2025-01-25T09:18:27","date_gmt":"2025-01-25T06:18:27","guid":{"rendered":"https:\/\/ceoparts.com\/?post_type=product&#038;p=13654"},"modified":"2026-05-16T15:18:59","modified_gmt":"2026-05-16T12:18:59","slug":"still-rx-joystick-50636305500","status":"publish","type":"product","link":"https:\/\/ceoparts.com\/de\/urun\/still-rx-joystick-50636305500\/","title":{"rendered":"Still RX Joyst\u0131ck 2.El- 50634305500"},"content":{"rendered":"<p>Still RX Joyst\u0131ck 2.El- 50634305500<\/p>","protected":false},"excerpt":{"rendered":"<p data-start=\"156\" data-end=\"362\"><br data-start=\"1125\" data-end=\"1128\" \/>Der Still RX Joystick ist ein hochwertiges gebrauchtes Ersatzteil f\u00fcr Gabelstaplermodelle. Dieser Joystick sorgt f\u00fcr pr\u00e4zise Steuerung und Fahrkomfort und steigert die Effizienz Ihrer Maschine.<\/p>\n<p data-start=\"1325\" data-end=\"1612\"><strong data-start=\"1325\" data-end=\"1343\">Eigenschaften:<\/strong><br data-start=\"1343\" data-end=\"1346\" \/><strong data-start=\"1346\" data-end=\"1362\">Produktname:<\/strong> Still RX Joystick Gebraucht<br data-start=\"1390\" data-end=\"1393\" \/><strong data-start=\"1393\" data-end=\"1409\">Teilenummer:<\/strong> 50634305500<br data-start=\"1421\" data-end=\"1424\" \/><strong data-start=\"1424\" data-end=\"1437\">Material:<\/strong> Robuste Kunststoff- und Metallmischung<br data-start=\"1476\" data-end=\"1479\" \/><strong data-start=\"1479\" data-end=\"1498\">Einsatzbereich:<\/strong> Still RX Gabelstaplermodelle<br data-start=\"1527\" data-end=\"1530\" \/><strong data-start=\"1530\" data-end=\"1542\">Vorteil:<\/strong> Pr\u00e4zise Steuerung, kosteng\u00fcnstige Gebrauchtl\u00f6sung, einfache Montage<\/p>\n<hr data-start=\"1614\" data-end=\"1617\" \/>\n<p data-start=\"1619\" data-end=\"1815\">\n","protected":false},"featured_media":13656,"template":"","meta":[],"product_brand":[],"product_cat":[241,433,524],"product_tag":[],"class_list":{"0":"post-13654","1":"product","2":"type-product","3":"status-publish","4":"has-post-thumbnail","6":"product_cat-still","7":"product_cat-ikinci-el-urunler","8":"product_cat-yedek-parca-still","10":"first","11":"instock","12":"taxable","13":"shipping-taxable","14":"purchasable","15":"product-type-simple"},"_links":{"self":[{"href":"https:\/\/ceoparts.com\/de\/wp-json\/wp\/v2\/product\/13654","targetHints":{"allow":["GET"]}}],"collection":[{"href":"https:\/\/ceoparts.com\/de\/wp-json\/wp\/v2\/product"}],"about":[{"href":"https:\/\/ceoparts.com\/de\/wp-json\/wp\/v2\/types\/product"}],"wp:featuredmedia":[{"embeddable":true,"href":"https:\/\/ceoparts.com\/de\/wp-json\/wp\/v2\/media\/13656"}],"wp:attachment":[{"href":"https:\/\/ceoparts.com\/de\/wp-json\/wp\/v2\/media?parent=13654"}],"wp:term":[{"taxonomy":"product_brand","embeddable":true,"href":"https:\/\/ceoparts.com\/de\/wp-json\/wp\/v2\/product_brand?post=13654"},{"taxonomy":"product_cat","embeddable":true,"href":"https:\/\/ceoparts.com\/de\/wp-json\/wp\/v2\/product_cat?post=13654"},{"taxonomy":"product_tag","embeddable":true,"href":"https:\/\/ceoparts.com\/de\/wp-json\/wp\/v2\/product_tag?post=13654"}],"curies":[{"name":"wp","href":"https:\/\/api.w.org\/{rel}","templated":true}]}}