{"id":13667,"date":"2025-01-25T09:44:57","date_gmt":"2025-01-25T06:44:57","guid":{"rendered":"https:\/\/ceoparts.com\/?post_type=product&#038;p=13667"},"modified":"2026-05-16T15:54:54","modified_gmt":"2026-05-16T12:54:54","slug":"still-rx-su2-kart-80v-2-el-56323602609","status":"publish","type":"product","link":"https:\/\/ceoparts.com\/de\/urun\/still-rx-su2-kart-80v-2-el-56323602609\/","title":{"rendered":"Still RX SU2 Kart 80V 2.El &#8211; 56323602609"},"content":{"rendered":"<p>Still RX SU2 Kart 80V 2.El &#8211; 56323602609<\/p>\n","protected":false},"excerpt":{"rendered":"<p data-start=\"0\" data-end=\"233\"><br data-start=\"1034\" data-end=\"1037\" \/>Still RX SU2 Kart 80V gebraucht ist eine langlebige und zuverl\u00e4ssige gebrauchte Fahrsteuerungseinheit f\u00fcr Still Gabelstaplermodelle mit 80V Betriebsspannung. Optimiert die Gabelstaplerleistung und gew\u00e4hrleistet einen zuverl\u00e4ssigen Betrieb.<\/p>\n<p data-start=\"1278\" data-end=\"1593\"><strong data-start=\"1278\" data-end=\"1296\">Eigenschaften:<\/strong><br data-start=\"1296\" data-end=\"1299\" \/><strong data-start=\"1299\" data-end=\"1315\">Produktname:<\/strong> Still RX SU2 Kart 80V gebraucht<br data-start=\"1347\" data-end=\"1350\" \/><strong data-start=\"1350\" data-end=\"1366\">Teilenummer:<\/strong> 56323602609<br data-start=\"1378\" data-end=\"1381\" \/><strong data-start=\"1381\" data-end=\"1394\">Material:<\/strong> Langlebige elektronische und metallische Komponenten<br data-start=\"1447\" data-end=\"1450\" \/><strong data-start=\"1450\" data-end=\"1469\">Einsatzbereich:<\/strong> Still RX SU2 Gabelstapler-Steuerungssysteme<br data-start=\"1513\" data-end=\"1516\" \/><strong data-start=\"1516\" data-end=\"1528\">Vorteil:<\/strong> Zuverl\u00e4ssiges Gebrauchtprodukt, hohe Leistung, lange Lebensdauer<\/p>\n<p data-start=\"1595\" data-end=\"1849\">\n","protected":false},"featured_media":13668,"template":"","meta":[],"product_brand":[],"product_cat":[241,433,524],"product_tag":[],"class_list":{"0":"post-13667","1":"product","2":"type-product","3":"status-publish","4":"has-post-thumbnail","6":"product_cat-still","7":"product_cat-ikinci-el-urunler","8":"product_cat-yedek-parca-still","10":"first","11":"instock","12":"taxable","13":"shipping-taxable","14":"purchasable","15":"product-type-simple"},"_links":{"self":[{"href":"https:\/\/ceoparts.com\/de\/wp-json\/wp\/v2\/product\/13667","targetHints":{"allow":["GET"]}}],"collection":[{"href":"https:\/\/ceoparts.com\/de\/wp-json\/wp\/v2\/product"}],"about":[{"href":"https:\/\/ceoparts.com\/de\/wp-json\/wp\/v2\/types\/product"}],"wp:featuredmedia":[{"embeddable":true,"href":"https:\/\/ceoparts.com\/de\/wp-json\/wp\/v2\/media\/13668"}],"wp:attachment":[{"href":"https:\/\/ceoparts.com\/de\/wp-json\/wp\/v2\/media?parent=13667"}],"wp:term":[{"taxonomy":"product_brand","embeddable":true,"href":"https:\/\/ceoparts.com\/de\/wp-json\/wp\/v2\/product_brand?post=13667"},{"taxonomy":"product_cat","embeddable":true,"href":"https:\/\/ceoparts.com\/de\/wp-json\/wp\/v2\/product_cat?post=13667"},{"taxonomy":"product_tag","embeddable":true,"href":"https:\/\/ceoparts.com\/de\/wp-json\/wp\/v2\/product_tag?post=13667"}],"curies":[{"name":"wp","href":"https:\/\/api.w.org\/{rel}","templated":true}]}}