{"id":13679,"date":"2025-01-27T10:27:57","date_gmt":"2025-01-27T07:27:57","guid":{"rendered":"https:\/\/ceoparts.com\/?post_type=product&#038;p=13679"},"modified":"2026-05-16T10:40:53","modified_gmt":"2026-05-16T07:40:53","slug":"bt-sensor-706-241868-266706","status":"publish","type":"product","link":"https:\/\/ceoparts.com\/de\/urun\/bt-sensor-706-241868-266706\/","title":{"rendered":"BT Sens\u00f6r 706 &#8211; 241868 , 266706"},"content":{"rendered":"<p>BT Sens\u00f6r 706 &#8211; 241868 , 266706<\/p>\n","protected":false},"excerpt":{"rendered":"<p data-start=\"0\" data-end=\"274\"><br data-start=\"1046\" data-end=\"1049\" \/>Der BT Sensor 706 ist speziell f\u00fcr BT Gabelstapler-Modelle entwickelt und bietet eine pr\u00e4zise und zuverl\u00e4ssige Sensorleistung in den elektronischen Systemen des Gabelstaplers. Hergestellt aus hochwertigen Materialien, ist er langlebig und verbessert die Betriebseffizienz des Gabelstaplers.<\/p>\n<p data-start=\"1341\" data-end=\"1609\"><strong data-start=\"1341\" data-end=\"1359\">Eigenschaften:<\/strong><br data-start=\"1359\" data-end=\"1362\" \/><strong data-start=\"1362\" data-end=\"1378\">Produktname:<\/strong> BT Sensor 706<br data-start=\"1392\" data-end=\"1395\" \/><strong data-start=\"1395\" data-end=\"1411\">Teilenummer:<\/strong> 241868, 266706<br data-start=\"1426\" data-end=\"1429\" \/><strong data-start=\"1429\" data-end=\"1442\">Material:<\/strong> Robuste elektronische Bauteile<br data-start=\"1473\" data-end=\"1476\" \/><strong data-start=\"1476\" data-end=\"1495\">Einsatzbereich:<\/strong> Elektronische Systeme f\u00fcr BT Gabelstapler<br data-start=\"1537\" data-end=\"1540\" \/><strong data-start=\"1540\" data-end=\"1552\">Vorteil:<\/strong> Hohe Pr\u00e4zision, zuverl\u00e4ssiger Betrieb, lange Lebensdauer<\/p>\n<p data-start=\"1611\" data-end=\"1902\">\n","protected":false},"featured_media":13677,"template":"","meta":[],"product_brand":[],"product_cat":[251,469,518],"product_tag":[],"class_list":{"0":"post-13679","1":"product","2":"type-product","3":"status-publish","4":"has-post-thumbnail","6":"product_cat-bt","7":"product_cat-elektrik-ve-sistem-parcalari","8":"product_cat-yedek-parca-bt","10":"first","11":"instock","12":"taxable","13":"shipping-taxable","14":"purchasable","15":"product-type-simple"},"_links":{"self":[{"href":"https:\/\/ceoparts.com\/de\/wp-json\/wp\/v2\/product\/13679","targetHints":{"allow":["GET"]}}],"collection":[{"href":"https:\/\/ceoparts.com\/de\/wp-json\/wp\/v2\/product"}],"about":[{"href":"https:\/\/ceoparts.com\/de\/wp-json\/wp\/v2\/types\/product"}],"wp:featuredmedia":[{"embeddable":true,"href":"https:\/\/ceoparts.com\/de\/wp-json\/wp\/v2\/media\/13677"}],"wp:attachment":[{"href":"https:\/\/ceoparts.com\/de\/wp-json\/wp\/v2\/media?parent=13679"}],"wp:term":[{"taxonomy":"product_brand","embeddable":true,"href":"https:\/\/ceoparts.com\/de\/wp-json\/wp\/v2\/product_brand?post=13679"},{"taxonomy":"product_cat","embeddable":true,"href":"https:\/\/ceoparts.com\/de\/wp-json\/wp\/v2\/product_cat?post=13679"},{"taxonomy":"product_tag","embeddable":true,"href":"https:\/\/ceoparts.com\/de\/wp-json\/wp\/v2\/product_tag?post=13679"}],"curies":[{"name":"wp","href":"https:\/\/api.w.org\/{rel}","templated":true}]}}