{"id":13735,"date":"2025-01-28T16:02:24","date_gmt":"2025-01-28T13:02:24","guid":{"rendered":"https:\/\/ceoparts.com\/?post_type=product&#038;p=13735"},"modified":"2026-05-16T08:30:07","modified_gmt":"2026-05-16T05:30:07","slug":"bt-ose-250-denge-mekanizmasi-212030","status":"publish","type":"product","link":"https:\/\/ceoparts.com\/de\/urun\/bt-ose-250-denge-mekanizmasi-212030\/","title":{"rendered":"BT OSE 250 Team f\u00fcr das Gleichgewichtssystem &#8211; 212030"},"content":{"rendered":"<p>BT OSE 250 Team f\u00fcr das Gleichgewichtssystem &#8211; 212030<\/p>\n<p>BT OL20\/OL25<\/p>\n<p>BT \u0130\u015fletim Sistemi<\/p>\n<p>BT OSE120\/OSE180\/OSE250<\/p>\n<p>&nbsp;<\/p>\n<p>BT 212030<\/p>","protected":false},"excerpt":{"rendered":"<p data-start=\"0\" data-end=\"265\"><br data-start=\"1096\" data-end=\"1099\" \/>Speziell f\u00fcr BT OSE Gabelstapler-Modelle entwickelt, gew\u00e4hrleistet dieser Ausgleichsmechanismus einen sicheren und stabilen Betrieb im Gleichgewichtssystem des Staplers. Unterst\u00fctzt die gleichm\u00e4\u00dfige Bewegung von Last und Ger\u00e4t. Hergestellt aus langlebigem Stahl und Legierungsmaterialien.<\/p>\n<p data-start=\"1389\" data-end=\"1669\"><strong data-start=\"1389\" data-end=\"1407\">Eigenschaften:<\/strong><br data-start=\"1407\" data-end=\"1410\" \/><strong data-start=\"1410\" data-end=\"1426\">Produktname:<\/strong> BT OSE 250 Ausgleichsmechanismus<br data-start=\"1459\" data-end=\"1462\" \/><strong data-start=\"1462\" data-end=\"1478\">Teilenummer:<\/strong> 212030<br data-start=\"1485\" data-end=\"1488\" \/><strong data-start=\"1488\" data-end=\"1501\">Material:<\/strong> Hochfester Stahl und Legierung<br data-start=\"1532\" data-end=\"1535\" \/><strong data-start=\"1535\" data-end=\"1554\">Einsatzbereich:<\/strong> Gleichgewichtssysteme f\u00fcr BT OSE Gabelstapler<br data-start=\"1600\" data-end=\"1603\" \/><strong data-start=\"1603\" data-end=\"1615\">Vorteil:<\/strong> Robuste Bauweise, hohe Haltbarkeit, lange Lebensdauer<\/p>\n<p data-start=\"1671\" data-end=\"1995\">\n","protected":false},"featured_media":13847,"template":"","meta":[],"product_brand":[],"product_cat":[251,420,426],"product_tag":[],"class_list":{"0":"post-13735","1":"product","2":"type-product","3":"status-publish","4":"has-post-thumbnail","6":"product_cat-bt","7":"product_cat-denge-mekanizmalar","8":"product_cat-bt-denge-mekanizma","10":"first","11":"instock","12":"taxable","13":"shipping-taxable","14":"purchasable","15":"product-type-simple"},"_links":{"self":[{"href":"https:\/\/ceoparts.com\/de\/wp-json\/wp\/v2\/product\/13735","targetHints":{"allow":["GET"]}}],"collection":[{"href":"https:\/\/ceoparts.com\/de\/wp-json\/wp\/v2\/product"}],"about":[{"href":"https:\/\/ceoparts.com\/de\/wp-json\/wp\/v2\/types\/product"}],"wp:featuredmedia":[{"embeddable":true,"href":"https:\/\/ceoparts.com\/de\/wp-json\/wp\/v2\/media\/13847"}],"wp:attachment":[{"href":"https:\/\/ceoparts.com\/de\/wp-json\/wp\/v2\/media?parent=13735"}],"wp:term":[{"taxonomy":"product_brand","embeddable":true,"href":"https:\/\/ceoparts.com\/de\/wp-json\/wp\/v2\/product_brand?post=13735"},{"taxonomy":"product_cat","embeddable":true,"href":"https:\/\/ceoparts.com\/de\/wp-json\/wp\/v2\/product_cat?post=13735"},{"taxonomy":"product_tag","embeddable":true,"href":"https:\/\/ceoparts.com\/de\/wp-json\/wp\/v2\/product_tag?post=13735"}],"curies":[{"name":"wp","href":"https:\/\/api.w.org\/{rel}","templated":true}]}}