{"id":13739,"date":"2025-01-28T16:11:06","date_gmt":"2025-01-28T13:11:06","guid":{"rendered":"https:\/\/ceoparts.com\/?post_type=product&#038;p=13739"},"modified":"2026-05-16T19:50:58","modified_gmt":"2026-05-16T16:50:58","slug":"bt-lpe-spe-denge-mekanizmasi-76111200-7593193","status":"publish","type":"product","link":"https:\/\/ceoparts.com\/de\/urun\/bt-lpe-spe-denge-mekanizmasi-76111200-7593193\/","title":{"rendered":"BT Toyota LPE\/SPE\/SWE Ausgleichsmechanismus &#8211; 76111200, 7593193"},"content":{"rendered":"<p>BT Toyota LPE\/SPE\/SWE Ausgleichsmechanismus &#8211; 76111200, 7593193<\/p>\n<p>BT 7611200 7523193 \u00d8 = 125mm<\/p>\n<p>BT Toyota LPE200 LPE220 LPE250<\/p>\n<p>SPE120L<br \/>\nSPE140L<br \/>\nSPE160L<br \/>\nSPE200D<br \/>\nSPE200L<br \/>\nSWE145L<br \/>\nSWE160L<br \/>\nSWE200L<\/p>","protected":false},"excerpt":{"rendered":"<p data-start=\"0\" data-end=\"287\"><br data-start=\"1217\" data-end=\"1220\" \/>Speziell f\u00fcr BT Toyota LPE, SPE und SWE Gabelstapler-Modelle entwickelt, gew\u00e4hrleistet dieser Ausgleichsmechanismus einen sicheren und stabilen Betrieb im Gleichgewichtssystem des Staplers. Unterst\u00fctzt die gleichm\u00e4\u00dfige Bewegung von Last und Ger\u00e4t. Hergestellt aus langlebigem Stahl und Legierungsmaterialien.<\/p>\n<p data-start=\"1530\" data-end=\"1849\"><strong data-start=\"1530\" data-end=\"1548\">Eigenschaften:<\/strong><br data-start=\"1548\" data-end=\"1551\" \/><strong data-start=\"1551\" data-end=\"1567\">Produktname:<\/strong> BT Toyota LPE\/SPE\/SWE Ausgleichsmechanismus<br data-start=\"1611\" data-end=\"1614\" \/><strong data-start=\"1614\" data-end=\"1630\">Teilenummer:<\/strong> 76111200, 7593193<br data-start=\"1648\" data-end=\"1651\" \/><strong data-start=\"1651\" data-end=\"1664\">Material:<\/strong> Hochfester Stahl und Legierung<br data-start=\"1695\" data-end=\"1698\" \/><strong data-start=\"1698\" data-end=\"1717\">Einsatzbereich:<\/strong> Gleichgewichtssysteme f\u00fcr BT Toyota LPE, SPE, SWE Gabelstapler<br data-start=\"1780\" data-end=\"1783\" \/><strong data-start=\"1783\" data-end=\"1795\">Vorteil:<\/strong> Robuste Bauweise, hohe Haltbarkeit, lange Lebensdauer<\/p>\n<p data-start=\"1851\" data-end=\"2194\">\n","protected":false},"featured_media":19997,"template":"","meta":[],"product_brand":[],"product_cat":[251,420,426,521,531],"product_tag":[],"class_list":{"0":"post-13739","1":"product","2":"type-product","3":"status-publish","4":"has-post-thumbnail","6":"product_cat-bt","7":"product_cat-denge-mekanizmalar","8":"product_cat-bt-denge-mekanizma","9":"product_cat-toyota","10":"product_cat-mekanizmalar-toyota","12":"first","13":"instock","14":"taxable","15":"shipping-taxable","16":"purchasable","17":"product-type-simple"},"_links":{"self":[{"href":"https:\/\/ceoparts.com\/de\/wp-json\/wp\/v2\/product\/13739","targetHints":{"allow":["GET"]}}],"collection":[{"href":"https:\/\/ceoparts.com\/de\/wp-json\/wp\/v2\/product"}],"about":[{"href":"https:\/\/ceoparts.com\/de\/wp-json\/wp\/v2\/types\/product"}],"wp:featuredmedia":[{"embeddable":true,"href":"https:\/\/ceoparts.com\/de\/wp-json\/wp\/v2\/media\/19997"}],"wp:attachment":[{"href":"https:\/\/ceoparts.com\/de\/wp-json\/wp\/v2\/media?parent=13739"}],"wp:term":[{"taxonomy":"product_brand","embeddable":true,"href":"https:\/\/ceoparts.com\/de\/wp-json\/wp\/v2\/product_brand?post=13739"},{"taxonomy":"product_cat","embeddable":true,"href":"https:\/\/ceoparts.com\/de\/wp-json\/wp\/v2\/product_cat?post=13739"},{"taxonomy":"product_tag","embeddable":true,"href":"https:\/\/ceoparts.com\/de\/wp-json\/wp\/v2\/product_tag?post=13739"}],"curies":[{"name":"wp","href":"https:\/\/api.w.org\/{rel}","templated":true}]}}