{"id":13750,"date":"2025-01-29T15:09:47","date_gmt":"2025-01-29T12:09:47","guid":{"rendered":"https:\/\/ceoparts.com\/?post_type=product&#038;p=13750"},"modified":"2026-05-02T18:56:53","modified_gmt":"2026-05-02T15:56:53","slug":"hyster-wicke-denge-mekanizmasi-tekerleksiz-4006485","status":"publish","type":"product","link":"https:\/\/ceoparts.com\/de\/urun\/hyster-wicke-denge-mekanizmasi-tekerleksiz-4006485\/","title":{"rendered":"Hyster Wicke Ausgleichsmechanismus (Radlos) &#8211; 4006485"},"content":{"rendered":"<p>Hyster Wicke Ausgleichsmechanismus (Radlos) &#8211; 4006485<\/p>","protected":false},"excerpt":{"rendered":"<p data-start=\"119\" data-end=\"450\"><br data-start=\"1427\" data-end=\"1430\" \/>Diese speziell f\u00fcr Hyster Gabelstapler gefertigte Wicke Ausgleichsmechanik ist die radlose Version, kompatibel mit radbest\u00fcckten Mechanismen. Sie gew\u00e4hrleistet einen ausgeglichenen Bewegungsablauf von Last und Ger\u00e4t und erh\u00f6ht so die Betriebssicherheit und Lebensdauer des Staplers. Hergestellt aus hochfestem Stahl und Speziallegierung.<\/p>\n<p data-start=\"1769\" data-end=\"2094\"><strong data-start=\"1769\" data-end=\"1787\">Eigenschaften:<\/strong><br data-start=\"1787\" data-end=\"1790\" \/><strong data-start=\"1790\" data-end=\"1806\">Produktname:<\/strong> Hyster Wicke Ausgleichsmechanik (ohne R\u00e4der)<br data-start=\"1851\" data-end=\"1854\" \/><strong data-start=\"1854\" data-end=\"1870\">Teilenummer:<\/strong> 4006485<br data-start=\"1878\" data-end=\"1881\" \/><strong data-start=\"1881\" data-end=\"1894\">Material:<\/strong> Hochfester Stahl und Legierungsmaterial<br data-start=\"1934\" data-end=\"1937\" \/><strong data-start=\"1937\" data-end=\"1956\">Einsatzbereich:<\/strong> Ausgleichsmechanismen f\u00fcr Hyster Gabelstapler<br data-start=\"2002\" data-end=\"2005\" \/><strong data-start=\"2005\" data-end=\"2017\">Vorteil:<\/strong> Robuste Bauweise, hohe Schlag- und Verschlei\u00dffestigkeit, lange Lebensdauer<\/p>\n<p data-start=\"2096\" data-end=\"2470\">\n","protected":false},"featured_media":13762,"template":"","meta":[],"product_brand":[],"product_cat":[256,401,420,421,532],"product_tag":[],"class_list":{"0":"post-13750","1":"product","2":"type-product","3":"status-publish","4":"has-post-thumbnail","6":"product_cat-hyster","7":"product_cat-wicke","8":"product_cat-denge-mekanizmalar","9":"product_cat-hyster-denge-mekanizma","10":"product_cat-mekanizmalar-wicke","12":"first","13":"instock","14":"taxable","15":"shipping-taxable","16":"purchasable","17":"product-type-simple"},"_links":{"self":[{"href":"https:\/\/ceoparts.com\/de\/wp-json\/wp\/v2\/product\/13750","targetHints":{"allow":["GET"]}}],"collection":[{"href":"https:\/\/ceoparts.com\/de\/wp-json\/wp\/v2\/product"}],"about":[{"href":"https:\/\/ceoparts.com\/de\/wp-json\/wp\/v2\/types\/product"}],"wp:featuredmedia":[{"embeddable":true,"href":"https:\/\/ceoparts.com\/de\/wp-json\/wp\/v2\/media\/13762"}],"wp:attachment":[{"href":"https:\/\/ceoparts.com\/de\/wp-json\/wp\/v2\/media?parent=13750"}],"wp:term":[{"taxonomy":"product_brand","embeddable":true,"href":"https:\/\/ceoparts.com\/de\/wp-json\/wp\/v2\/product_brand?post=13750"},{"taxonomy":"product_cat","embeddable":true,"href":"https:\/\/ceoparts.com\/de\/wp-json\/wp\/v2\/product_cat?post=13750"},{"taxonomy":"product_tag","embeddable":true,"href":"https:\/\/ceoparts.com\/de\/wp-json\/wp\/v2\/product_tag?post=13750"}],"curies":[{"name":"wp","href":"https:\/\/api.w.org\/{rel}","templated":true}]}}