{"id":13766,"date":"2025-01-29T15:29:27","date_gmt":"2025-01-29T12:29:27","guid":{"rendered":"https:\/\/ceoparts.com\/?post_type=product&#038;p=13766"},"modified":"2026-05-17T01:30:23","modified_gmt":"2026-05-16T22:30:23","slug":"hyster-mekanizma-100x40-denge-teker-pimi-4010123","status":"publish","type":"product","link":"https:\/\/ceoparts.com\/de\/urun\/hyster-mekanizma-100x40-denge-teker-pimi-4010123\/","title":{"rendered":"Hyster 100&#215;40 Mechanismus Ausgleichs-Radsplint &#8211; 4010123"},"content":{"rendered":"<p>Hyster 100&#215;40 Mechanismus Ausgleichs-Radsplint &#8211; 4010123<\/p>","protected":false},"excerpt":{"rendered":"<p data-start=\"171\" data-end=\"467\"><br data-start=\"1350\" data-end=\"1353\" \/>Dieser speziell f\u00fcr Hyster Gabelstapler gefertigte 100\u00d740 Stabilisator-Radbolzen verst\u00e4rkt die Mechanikverbindung der R\u00e4der und sorgt f\u00fcr einen sicheren und reibungslosen Betrieb. Hergestellt aus hochfestem Stahl, bietet er hervorragende Schlag- und Verschlei\u00dffestigkeit.<\/p>\n<p data-start=\"1626\" data-end=\"1932\"><strong data-start=\"1626\" data-end=\"1644\">Eigenschaften:<\/strong><br data-start=\"1644\" data-end=\"1647\" \/><strong data-start=\"1647\" data-end=\"1663\">Produktname:<\/strong> Hyster Mechanismus 100\u00d740 Stabilisator-Radbolzen<br data-start=\"1712\" data-end=\"1715\" \/><strong data-start=\"1715\" data-end=\"1731\">Teilenummer:<\/strong> 4010123<br data-start=\"1739\" data-end=\"1742\" \/><strong data-start=\"1742\" data-end=\"1755\">Material:<\/strong> Hochfester Stahl<br data-start=\"1772\" data-end=\"1775\" \/><strong data-start=\"1775\" data-end=\"1794\">Einsatzbereich:<\/strong> Stabilisator-Radsysteme f\u00fcr Hyster Gabelstapler<br data-start=\"1842\" data-end=\"1845\" \/><strong data-start=\"1845\" data-end=\"1857\">Vorteil:<\/strong> Robuste Bauweise, hohe Schlag- und Verschlei\u00dffestigkeit, lange Lebensdauer<\/p>\n<p data-start=\"1934\" data-end=\"2216\">\n","protected":false},"featured_media":13768,"template":"","meta":[],"product_brand":[],"product_cat":[256,464,467,520],"product_tag":[],"class_list":{"0":"post-13766","1":"product","2":"type-product","3":"status-publish","4":"has-post-thumbnail","6":"product_cat-hyster","7":"product_cat-burc-ve-mill-grubu","8":"product_cat-mil-grubu","9":"product_cat-yedek-parca-hyster","11":"first","12":"instock","13":"taxable","14":"shipping-taxable","15":"purchasable","16":"product-type-simple"},"_links":{"self":[{"href":"https:\/\/ceoparts.com\/de\/wp-json\/wp\/v2\/product\/13766","targetHints":{"allow":["GET"]}}],"collection":[{"href":"https:\/\/ceoparts.com\/de\/wp-json\/wp\/v2\/product"}],"about":[{"href":"https:\/\/ceoparts.com\/de\/wp-json\/wp\/v2\/types\/product"}],"wp:featuredmedia":[{"embeddable":true,"href":"https:\/\/ceoparts.com\/de\/wp-json\/wp\/v2\/media\/13768"}],"wp:attachment":[{"href":"https:\/\/ceoparts.com\/de\/wp-json\/wp\/v2\/media?parent=13766"}],"wp:term":[{"taxonomy":"product_brand","embeddable":true,"href":"https:\/\/ceoparts.com\/de\/wp-json\/wp\/v2\/product_brand?post=13766"},{"taxonomy":"product_cat","embeddable":true,"href":"https:\/\/ceoparts.com\/de\/wp-json\/wp\/v2\/product_cat?post=13766"},{"taxonomy":"product_tag","embeddable":true,"href":"https:\/\/ceoparts.com\/de\/wp-json\/wp\/v2\/product_tag?post=13766"}],"curies":[{"name":"wp","href":"https:\/\/api.w.org\/{rel}","templated":true}]}}