{"id":13775,"date":"2025-01-29T15:50:56","date_gmt":"2025-01-29T12:50:56","guid":{"rendered":"https:\/\/ceoparts.com\/?post_type=product&#038;p=13775"},"modified":"2026-05-16T17:34:03","modified_gmt":"2026-05-16T14:34:03","slug":"hyster-100x40-mekanizma-baglanti-pimi-4010119","status":"publish","type":"product","link":"https:\/\/ceoparts.com\/de\/urun\/hyster-100x40-mekanizma-baglanti-pimi-4010119\/","title":{"rendered":"Hyster 100&#215;40 Mechanismus Verbindungspinn &#8211; 4010119"},"content":{"rendered":"<p>Hyster 100&#215;40 Mechanismus Verbindungspinn &#8211; 4010119<\/p>","protected":false},"excerpt":{"rendered":"<p data-start=\"163\" data-end=\"423\"><br data-start=\"1177\" data-end=\"1180\" \/>Der speziell f\u00fcr Hyster Gabelstapler gefertigte 100\u00d740 Mechanismus-Verbindungspin sichert bewegliche Teile zuverl\u00e4ssig. Hergestellt aus hochfestem Stahl f\u00fcr eine lange und robuste Nutzung.<\/p>\n<p data-start=\"1370\" data-end=\"1664\"><strong data-start=\"1370\" data-end=\"1388\">Eigenschaften:<\/strong><br data-start=\"1388\" data-end=\"1391\" \/><strong data-start=\"1391\" data-end=\"1407\">Produktname:<\/strong> Hyster 100\u00d740 Mechanismus-Verbindungspin<br data-start=\"1448\" data-end=\"1451\" \/><strong data-start=\"1451\" data-end=\"1467\">Teilenummer:<\/strong> 4010119<br data-start=\"1475\" data-end=\"1478\" \/><strong data-start=\"1478\" data-end=\"1491\">Material:<\/strong> Hochfester Stahl<br data-start=\"1508\" data-end=\"1511\" \/><strong data-start=\"1511\" data-end=\"1530\">Einsatzbereich:<\/strong> Mechanische Verbindungssysteme f\u00fcr Hyster Gabelstapler<br data-start=\"1585\" data-end=\"1588\" \/><strong data-start=\"1588\" data-end=\"1600\">Vorteil:<\/strong> Robuste Bauweise, lange Lebensdauer, verschlei\u00df- und schlagfest<\/p>\n<p data-start=\"1666\" data-end=\"1881\">\n","protected":false},"featured_media":13776,"template":"","meta":[],"product_brand":[],"product_cat":[470,520,256],"product_tag":[],"class_list":{"0":"post-13775","1":"product","2":"type-product","3":"status-publish","4":"has-post-thumbnail","6":"product_cat-diger-yedek-parcalar","7":"product_cat-yedek-parca-hyster","8":"product_cat-hyster","10":"first","11":"instock","12":"taxable","13":"shipping-taxable","14":"purchasable","15":"product-type-simple"},"_links":{"self":[{"href":"https:\/\/ceoparts.com\/de\/wp-json\/wp\/v2\/product\/13775","targetHints":{"allow":["GET"]}}],"collection":[{"href":"https:\/\/ceoparts.com\/de\/wp-json\/wp\/v2\/product"}],"about":[{"href":"https:\/\/ceoparts.com\/de\/wp-json\/wp\/v2\/types\/product"}],"wp:featuredmedia":[{"embeddable":true,"href":"https:\/\/ceoparts.com\/de\/wp-json\/wp\/v2\/media\/13776"}],"wp:attachment":[{"href":"https:\/\/ceoparts.com\/de\/wp-json\/wp\/v2\/media?parent=13775"}],"wp:term":[{"taxonomy":"product_brand","embeddable":true,"href":"https:\/\/ceoparts.com\/de\/wp-json\/wp\/v2\/product_brand?post=13775"},{"taxonomy":"product_cat","embeddable":true,"href":"https:\/\/ceoparts.com\/de\/wp-json\/wp\/v2\/product_cat?post=13775"},{"taxonomy":"product_tag","embeddable":true,"href":"https:\/\/ceoparts.com\/de\/wp-json\/wp\/v2\/product_tag?post=13775"}],"curies":[{"name":"wp","href":"https:\/\/api.w.org\/{rel}","templated":true}]}}