{"id":13779,"date":"2025-01-29T15:54:21","date_gmt":"2025-01-29T12:54:21","guid":{"rendered":"https:\/\/ceoparts.com\/?post_type=product&#038;p=13779"},"modified":"2026-05-16T18:09:51","modified_gmt":"2026-05-16T15:09:51","slug":"wicke-metal-kapak-4010127","status":"publish","type":"product","link":"https:\/\/ceoparts.com\/de\/urun\/wicke-metal-kapak-4010127\/","title":{"rendered":"Wicke Metallabdeckung &#8211; 4010127"},"content":{"rendered":"<p>Wicke Metallabdeckung &#8211; 4010127<\/p>","protected":false},"excerpt":{"rendered":"<p data-start=\"125\" data-end=\"371\"><br data-start=\"1169\" data-end=\"1172\" \/>Der speziell f\u00fcr Gabelstapler und Industriemaschinen gefertigte Wicke Metalldeckel sch\u00fctzt Rad- und Lagersysteme vor \u00e4u\u00dferen Einfl\u00fcssen. Er besteht aus rostfreiem und hochfestem Material und bietet eine lange Lebensdauer.<\/p>\n<p data-start=\"1395\" data-end=\"1663\"><strong data-start=\"1395\" data-end=\"1413\">Eigenschaften:<\/strong><br data-start=\"1413\" data-end=\"1416\" \/><strong data-start=\"1416\" data-end=\"1432\">Produktname:<\/strong> Wicke Metalldeckel<br data-start=\"1451\" data-end=\"1454\" \/><strong data-start=\"1454\" data-end=\"1470\">Teilenummer:<\/strong> 4010127<br data-start=\"1478\" data-end=\"1481\" \/><strong data-start=\"1481\" data-end=\"1494\">Material:<\/strong> Rostfreies und hochfestes Metall<br data-start=\"1527\" data-end=\"1530\" \/><strong data-start=\"1530\" data-end=\"1549\">Einsatzbereich:<\/strong> Rad- und Lagersysteme f\u00fcr Gabelstapler<br data-start=\"1588\" data-end=\"1591\" \/><strong data-start=\"1591\" data-end=\"1603\">Vorteil:<\/strong> Hohe Best\u00e4ndigkeit, rostfreie Ausf\u00fchrung, lange Lebensdauer<\/p>\n<p data-start=\"1665\" data-end=\"1933\">\n","protected":false},"featured_media":13781,"template":"","meta":[],"product_brand":[],"product_cat":[401,470,532],"product_tag":[],"class_list":{"0":"post-13779","1":"product","2":"type-product","3":"status-publish","4":"has-post-thumbnail","6":"product_cat-wicke","7":"product_cat-diger-yedek-parcalar","8":"product_cat-mekanizmalar-wicke","10":"first","11":"instock","12":"taxable","13":"shipping-taxable","14":"purchasable","15":"product-type-simple"},"_links":{"self":[{"href":"https:\/\/ceoparts.com\/de\/wp-json\/wp\/v2\/product\/13779","targetHints":{"allow":["GET"]}}],"collection":[{"href":"https:\/\/ceoparts.com\/de\/wp-json\/wp\/v2\/product"}],"about":[{"href":"https:\/\/ceoparts.com\/de\/wp-json\/wp\/v2\/types\/product"}],"wp:featuredmedia":[{"embeddable":true,"href":"https:\/\/ceoparts.com\/de\/wp-json\/wp\/v2\/media\/13781"}],"wp:attachment":[{"href":"https:\/\/ceoparts.com\/de\/wp-json\/wp\/v2\/media?parent=13779"}],"wp:term":[{"taxonomy":"product_brand","embeddable":true,"href":"https:\/\/ceoparts.com\/de\/wp-json\/wp\/v2\/product_brand?post=13779"},{"taxonomy":"product_cat","embeddable":true,"href":"https:\/\/ceoparts.com\/de\/wp-json\/wp\/v2\/product_cat?post=13779"},{"taxonomy":"product_tag","embeddable":true,"href":"https:\/\/ceoparts.com\/de\/wp-json\/wp\/v2\/product_tag?post=13779"}],"curies":[{"name":"wp","href":"https:\/\/api.w.org\/{rel}","templated":true}]}}