{"id":13831,"date":"2025-01-31T10:18:40","date_gmt":"2025-01-31T07:18:40","guid":{"rendered":"https:\/\/ceoparts.com\/?post_type=product&#038;p=13831"},"modified":"2026-05-16T16:28:10","modified_gmt":"2026-05-16T13:28:10","slug":"linde-still-exvsf-denge-mekanizmasi-tekerleksiz-3794505500","status":"publish","type":"product","link":"https:\/\/ceoparts.com\/de\/urun\/linde-still-exvsf-denge-mekanizmasi-tekerleksiz-3794505500\/","title":{"rendered":"Linde\/ Still Gleichgewichtssystem &#8211; 3794505500"},"content":{"rendered":"<p>Linde\/ Still Gleichgewichtssystem &#8211; 3794505500<\/p>\n<p>Linde 3794505500<\/p>\n<p>&nbsp;<\/p>\n<table border=\"0\" width=\"128\" cellspacing=\"0\" cellpadding=\"0\">\n<colgroup>\n<col span=\"2\" width=\"64\" \/><\/colgroup>\n<tbody>\n<tr>\n<td class=\"xl63\" width=\"64\" height=\"20\"><span style=\"font-family: tim;\">Family<\/span><\/td>\n<td class=\"xl63\" width=\"64\"><span style=\"font-family: tim;\">Model<\/span><\/td>\n<\/tr>\n<tr>\n<td class=\"xl63\" height=\"20\"><span style=\"font-family: tim;\">1173<\/span><\/td>\n<td class=\"xl63\"><span style=\"font-family: tim;\">L14\/L16\/L20<\/span><\/td>\n<\/tr>\n<tr>\n<td class=\"xl63\" height=\"20\"><span style=\"font-family: tim;\">372<\/span><\/td>\n<td class=\"xl63\"><span style=\"font-family: tim;\">L14\/16<\/span><\/td>\n<\/tr>\n<tr>\n<td class=\"xl63\" height=\"20\"><span style=\"font-family: tim;\">372<\/span><\/td>\n<td class=\"xl63\"><span style=\"font-family: tim;\">L14\/16\/L14AP\/16AP<\/span><\/td>\n<\/tr>\n<tr>\n<td class=\"xl63\" height=\"20\"><span style=\"font-family: tim;\">379<\/span><\/td>\n<td class=\"xl63\"><span style=\"font-family: tim;\">L10\/12-L10\/12AS<\/span><\/td>\n<\/tr>\n<\/tbody>\n<\/table>","protected":false},"excerpt":{"rendered":"<p data-start=\"194\" data-end=\"446\"><br data-start=\"1293\" data-end=\"1296\" \/>Der speziell f\u00fcr Linde und Still Gabelstapler entwickelte EXVSF Ausgleichsmechanismus ohne R\u00e4der sorgt f\u00fcr die n\u00f6tige Balance und Stabilit\u00e4t des Staplers. Dank hochwertigem Material bietet er eine lange Lebensdauer und sichere Nutzung.<\/p>\n<p data-start=\"1533\" data-end=\"1847\"><strong data-start=\"1533\" data-end=\"1551\">Eigenschaften:<\/strong><br data-start=\"1551\" data-end=\"1554\" \/><strong data-start=\"1554\" data-end=\"1570\">Produktname:<\/strong> Linde\/Still EXVSF Ausgleichsmechanismus (Ohne R\u00e4der)<br data-start=\"1623\" data-end=\"1626\" \/><strong data-start=\"1626\" data-end=\"1642\">Teilenummer:<\/strong> 3794505500<br data-start=\"1653\" data-end=\"1656\" \/><strong data-start=\"1656\" data-end=\"1669\">Material:<\/strong> Hochfeste Metalllegierung<br data-start=\"1695\" data-end=\"1698\" \/><strong data-start=\"1698\" data-end=\"1717\">Einsatzbereich:<\/strong> Ausgleichs- und St\u00fctzsystem f\u00fcr Linde und Still Gabelstapler<br data-start=\"1778\" data-end=\"1781\" \/><strong data-start=\"1781\" data-end=\"1793\">Vorteil:<\/strong> Robuste Bauweise, lange Lebensdauer, einfache Montage<\/p>\n<p data-start=\"1849\" data-end=\"2104\">\n","protected":false},"featured_media":13834,"template":"","meta":[],"product_brand":[],"product_cat":[524,241,246,420,423,425,523],"product_tag":[],"class_list":{"0":"post-13831","1":"product","2":"type-product","3":"status-publish","4":"has-post-thumbnail","6":"product_cat-yedek-parca-still","7":"product_cat-still","8":"product_cat-linde","9":"product_cat-denge-mekanizmalar","10":"product_cat-still-denge-mekanizma","11":"product_cat-linde-denge-mekanizma","12":"product_cat-yedek-parca-linde","14":"first","15":"instock","16":"taxable","17":"shipping-taxable","18":"purchasable","19":"product-type-simple"},"_links":{"self":[{"href":"https:\/\/ceoparts.com\/de\/wp-json\/wp\/v2\/product\/13831","targetHints":{"allow":["GET"]}}],"collection":[{"href":"https:\/\/ceoparts.com\/de\/wp-json\/wp\/v2\/product"}],"about":[{"href":"https:\/\/ceoparts.com\/de\/wp-json\/wp\/v2\/types\/product"}],"wp:featuredmedia":[{"embeddable":true,"href":"https:\/\/ceoparts.com\/de\/wp-json\/wp\/v2\/media\/13834"}],"wp:attachment":[{"href":"https:\/\/ceoparts.com\/de\/wp-json\/wp\/v2\/media?parent=13831"}],"wp:term":[{"taxonomy":"product_brand","embeddable":true,"href":"https:\/\/ceoparts.com\/de\/wp-json\/wp\/v2\/product_brand?post=13831"},{"taxonomy":"product_cat","embeddable":true,"href":"https:\/\/ceoparts.com\/de\/wp-json\/wp\/v2\/product_cat?post=13831"},{"taxonomy":"product_tag","embeddable":true,"href":"https:\/\/ceoparts.com\/de\/wp-json\/wp\/v2\/product_tag?post=13831"}],"curies":[{"name":"wp","href":"https:\/\/api.w.org\/{rel}","templated":true}]}}