{"id":13858,"date":"2025-02-03T13:28:10","date_gmt":"2025-02-03T10:28:10","guid":{"rendered":"https:\/\/ceoparts.com\/?post_type=product&#038;p=13858"},"modified":"2026-05-16T14:56:05","modified_gmt":"2026-05-16T11:56:05","slug":"hyster-h-ayak-2770656","status":"publish","type":"product","link":"https:\/\/ceoparts.com\/de\/urun\/hyster-h-ayak-2770656\/","title":{"rendered":"Hyster H Fu\u00df &#8211; 2770656"},"content":{"rendered":"<p>Hyster H Fu\u00df &#8211; 2770656<\/p>","protected":false},"excerpt":{"rendered":"<p data-start=\"117\" data-end=\"336\"><br data-start=\"1069\" data-end=\"1072\" \/>Der speziell f\u00fcr Hyster Gabelstapler entwickelte H-Fu\u00df bietet dank robuster Bauweise und langlebigem Material eine sichere Nutzung. Er erh\u00f6ht die Stabilit\u00e4t des Staplers durch hohe Schlagfestigkeit und einfache Montage.<\/p>\n<p data-start=\"1293\" data-end=\"1559\"><strong data-start=\"1293\" data-end=\"1311\">Eigenschaften:<\/strong><br data-start=\"1311\" data-end=\"1314\" \/><strong data-start=\"1314\" data-end=\"1330\">Produktname:<\/strong> Hyster H-Fu\u00df<br data-start=\"1343\" data-end=\"1346\" \/><strong data-start=\"1346\" data-end=\"1362\">Teilenummer:<\/strong> 2770656<br data-start=\"1370\" data-end=\"1373\" \/><strong data-start=\"1373\" data-end=\"1386\">Material:<\/strong> Hochfeste Metalllegierung<br data-start=\"1412\" data-end=\"1415\" \/><strong data-start=\"1415\" data-end=\"1434\">Einsatzbereich:<\/strong> Ausgleichs- und St\u00fctzsystem f\u00fcr Hyster Gabelstapler<br data-start=\"1486\" data-end=\"1489\" \/><strong data-start=\"1489\" data-end=\"1501\">Vorteil:<\/strong> Robuste Bauweise, hohe Schlagfestigkeit, einfache Montage<\/p>\n<p data-start=\"1561\" data-end=\"1816\">\n","protected":false},"featured_media":13861,"template":"","meta":[],"product_brand":[],"product_cat":[256,406],"product_tag":[],"class_list":{"0":"post-13858","1":"product","2":"type-product","3":"status-publish","4":"has-post-thumbnail","6":"product_cat-hyster","7":"product_cat-catal-mekanizma","9":"first","10":"instock","11":"taxable","12":"shipping-taxable","13":"purchasable","14":"product-type-simple"},"_links":{"self":[{"href":"https:\/\/ceoparts.com\/de\/wp-json\/wp\/v2\/product\/13858","targetHints":{"allow":["GET"]}}],"collection":[{"href":"https:\/\/ceoparts.com\/de\/wp-json\/wp\/v2\/product"}],"about":[{"href":"https:\/\/ceoparts.com\/de\/wp-json\/wp\/v2\/types\/product"}],"wp:featuredmedia":[{"embeddable":true,"href":"https:\/\/ceoparts.com\/de\/wp-json\/wp\/v2\/media\/13861"}],"wp:attachment":[{"href":"https:\/\/ceoparts.com\/de\/wp-json\/wp\/v2\/media?parent=13858"}],"wp:term":[{"taxonomy":"product_brand","embeddable":true,"href":"https:\/\/ceoparts.com\/de\/wp-json\/wp\/v2\/product_brand?post=13858"},{"taxonomy":"product_cat","embeddable":true,"href":"https:\/\/ceoparts.com\/de\/wp-json\/wp\/v2\/product_cat?post=13858"},{"taxonomy":"product_tag","embeddable":true,"href":"https:\/\/ceoparts.com\/de\/wp-json\/wp\/v2\/product_tag?post=13858"}],"curies":[{"name":"wp","href":"https:\/\/api.w.org\/{rel}","templated":true}]}}