{"id":13863,"date":"2025-02-03T14:10:15","date_gmt":"2025-02-03T11:10:15","guid":{"rendered":"https:\/\/ceoparts.com\/?post_type=product&#038;p=13863"},"modified":"2026-05-17T22:39:18","modified_gmt":"2026-05-17T19:39:18","slug":"frotek-forklift-aku-baglanti-kablosu-25x75","status":"publish","type":"product","link":"https:\/\/ceoparts.com\/de\/urun\/frotek-forklift-aku-baglanti-kablosu-25x75\/","title":{"rendered":"Frotek Gabelstapler Batterieverbindungskabel 25\u00d775"},"content":{"rendered":"<p>Frotek Gabelstapler Batterieverbindungskabel 25\u00d775<\/p>","protected":false},"excerpt":{"rendered":"<p data-start=\"146\" data-end=\"380\"><br data-start=\"1201\" data-end=\"1204\" \/>Das Fr\u00f6tek Akku-Zellenverbindungskabel 25\u00d775 wird aus hochwertigen Kupferleitern und langlebigem Isolationsmaterial hergestellt. Es sorgt f\u00fcr eine sichere und unterbrechungsfreie elektrische Verbindung zwischen den Akkuzellen.<\/p>\n<p data-start=\"1432\" data-end=\"1721\"><strong data-start=\"1432\" data-end=\"1450\">Eigenschaften:<\/strong><br data-start=\"1450\" data-end=\"1453\" \/><strong data-start=\"1453\" data-end=\"1469\">Produktname:<\/strong> Fr\u00f6tek Akku-Zellenverbindungskabel 25\u00d775<br data-start=\"1510\" data-end=\"1513\" \/><strong data-start=\"1513\" data-end=\"1529\">Teilenummer:<\/strong> &#8211;<br data-start=\"1531\" data-end=\"1534\" \/><strong data-start=\"1534\" data-end=\"1547\">Material:<\/strong> Hochwertiger Kupferleiter, langlebige Isolierung<br data-start=\"1596\" data-end=\"1599\" \/><strong data-start=\"1599\" data-end=\"1618\">Einsatzbereich:<\/strong> F\u00fcr Akku-Zellenverbindungen<br data-start=\"1646\" data-end=\"1649\" \/><strong data-start=\"1649\" data-end=\"1661\">Vorteil:<\/strong> Starke Leitf\u00e4higkeit, lange Haltbarkeit, sichere Verbindung<\/p>\n<p data-start=\"1723\" data-end=\"1979\">\n","protected":false},"featured_media":13865,"template":"","meta":[],"product_brand":[],"product_cat":[442,446],"product_tag":[],"class_list":{"0":"post-13863","1":"product","2":"type-product","3":"status-publish","4":"has-post-thumbnail","6":"product_cat-aku-yedek-parcalari","7":"product_cat-aku-bar","9":"first","10":"instock","11":"taxable","12":"shipping-taxable","13":"purchasable","14":"product-type-simple"},"_links":{"self":[{"href":"https:\/\/ceoparts.com\/de\/wp-json\/wp\/v2\/product\/13863","targetHints":{"allow":["GET"]}}],"collection":[{"href":"https:\/\/ceoparts.com\/de\/wp-json\/wp\/v2\/product"}],"about":[{"href":"https:\/\/ceoparts.com\/de\/wp-json\/wp\/v2\/types\/product"}],"wp:featuredmedia":[{"embeddable":true,"href":"https:\/\/ceoparts.com\/de\/wp-json\/wp\/v2\/media\/13865"}],"wp:attachment":[{"href":"https:\/\/ceoparts.com\/de\/wp-json\/wp\/v2\/media?parent=13863"}],"wp:term":[{"taxonomy":"product_brand","embeddable":true,"href":"https:\/\/ceoparts.com\/de\/wp-json\/wp\/v2\/product_brand?post=13863"},{"taxonomy":"product_cat","embeddable":true,"href":"https:\/\/ceoparts.com\/de\/wp-json\/wp\/v2\/product_cat?post=13863"},{"taxonomy":"product_tag","embeddable":true,"href":"https:\/\/ceoparts.com\/de\/wp-json\/wp\/v2\/product_tag?post=13863"}],"curies":[{"name":"wp","href":"https:\/\/api.w.org\/{rel}","templated":true}]}}