{"id":13868,"date":"2025-02-03T15:02:34","date_gmt":"2025-02-03T12:02:34","guid":{"rendered":"https:\/\/ceoparts.com\/?post_type=product&#038;p=13868"},"modified":"2026-05-16T15:12:25","modified_gmt":"2026-05-16T12:12:25","slug":"50a-forklift-sigortasi","status":"publish","type":"product","link":"https:\/\/ceoparts.com\/de\/urun\/50a-forklift-sigortasi\/","title":{"rendered":"50 A ANL Sicherung"},"content":{"rendered":"<p>50 A ANL Sicherung<\/p>","protected":false},"excerpt":{"rendered":"<p data-start=\"97\" data-end=\"292\"><br data-start=\"1033\" data-end=\"1036\" \/>Die 50 ANL Sicherung bietet Schutz bei niedrigen bis mittleren Str\u00f6men und sichert elektrische Systeme gegen \u00dcberlastung und Kurzschluss. Die robuste Bauweise und zuverl\u00e4ssige Leistung garantieren eine lange Lebensdauer.<\/p>\n<p data-start=\"1258\" data-end=\"1545\"><strong data-start=\"1258\" data-end=\"1276\">Eigenschaften:<\/strong><br data-start=\"1276\" data-end=\"1279\" \/><strong data-start=\"1279\" data-end=\"1295\">Produktname:<\/strong> 50 ANL Sicherung<br data-start=\"1312\" data-end=\"1315\" \/><strong data-start=\"1315\" data-end=\"1331\">Teilenummer:<\/strong> &#8211;<br data-start=\"1333\" data-end=\"1336\" \/><strong data-start=\"1336\" data-end=\"1349\">Material:<\/strong> Metalllegierung und hochwertiges Sicherungsmaterial<br data-start=\"1401\" data-end=\"1404\" \/><strong data-start=\"1404\" data-end=\"1423\">Einsatzbereich:<\/strong> \u00dcberstromschutz in elektrischen Schaltkreisen<br data-start=\"1469\" data-end=\"1472\" \/><strong data-start=\"1472\" data-end=\"1484\">Vorteil:<\/strong> Zuverl\u00e4ssiger Schutz, langlebige Bauweise, lange Lebensdauer<\/p>\n<p data-start=\"1547\" data-end=\"1803\">\n","protected":false},"featured_media":13871,"template":"","meta":[],"product_brand":[],"product_cat":[442,443],"product_tag":[],"class_list":{"0":"post-13868","1":"product","2":"type-product","3":"status-publish","4":"has-post-thumbnail","6":"product_cat-aku-yedek-parcalari","7":"product_cat-aku-parcalari","9":"first","10":"instock","11":"taxable","12":"shipping-taxable","13":"purchasable","14":"product-type-simple"},"_links":{"self":[{"href":"https:\/\/ceoparts.com\/de\/wp-json\/wp\/v2\/product\/13868","targetHints":{"allow":["GET"]}}],"collection":[{"href":"https:\/\/ceoparts.com\/de\/wp-json\/wp\/v2\/product"}],"about":[{"href":"https:\/\/ceoparts.com\/de\/wp-json\/wp\/v2\/types\/product"}],"wp:featuredmedia":[{"embeddable":true,"href":"https:\/\/ceoparts.com\/de\/wp-json\/wp\/v2\/media\/13871"}],"wp:attachment":[{"href":"https:\/\/ceoparts.com\/de\/wp-json\/wp\/v2\/media?parent=13868"}],"wp:term":[{"taxonomy":"product_brand","embeddable":true,"href":"https:\/\/ceoparts.com\/de\/wp-json\/wp\/v2\/product_brand?post=13868"},{"taxonomy":"product_cat","embeddable":true,"href":"https:\/\/ceoparts.com\/de\/wp-json\/wp\/v2\/product_cat?post=13868"},{"taxonomy":"product_tag","embeddable":true,"href":"https:\/\/ceoparts.com\/de\/wp-json\/wp\/v2\/product_tag?post=13868"}],"curies":[{"name":"wp","href":"https:\/\/api.w.org\/{rel}","templated":true}]}}