{"id":13872,"date":"2025-02-03T15:06:47","date_gmt":"2025-02-03T12:06:47","guid":{"rendered":"https:\/\/ceoparts.com\/?post_type=product&#038;p=13872"},"modified":"2026-05-16T15:00:40","modified_gmt":"2026-05-16T12:00:40","slug":"250a-forklift-sigortasi","status":"publish","type":"product","link":"https:\/\/ceoparts.com\/de\/urun\/250a-forklift-sigortasi\/","title":{"rendered":"250 A ANL Sicherung"},"content":{"rendered":"<p>250 A ANL Sicherung<\/p>","protected":false},"excerpt":{"rendered":"<p data-start=\"99\" data-end=\"276\"><br data-start=\"969\" data-end=\"972\" \/>Die 250 ANL Sicherung bietet \u00dcberstrom- und Kurzschlussschutz in elektrischen Systemen. Die langlebige Bauweise und hohe Zuverl\u00e4ssigkeit erh\u00f6hen die Sicherheit der Schaltkreise.<\/p>\n<p data-start=\"1151\" data-end=\"1431\"><strong data-start=\"1151\" data-end=\"1169\">Eigenschaften:<\/strong><br data-start=\"1169\" data-end=\"1172\" \/><strong data-start=\"1172\" data-end=\"1188\">Produktname:<\/strong> 250 ANL Sicherung<br data-start=\"1206\" data-end=\"1209\" \/><strong data-start=\"1209\" data-end=\"1225\">Teilenummer:<\/strong> &#8211;<br data-start=\"1227\" data-end=\"1230\" \/><strong data-start=\"1230\" data-end=\"1243\">Material:<\/strong> Metalllegierung und hochwertiges Sicherungsmaterial<br data-start=\"1295\" data-end=\"1298\" \/><strong data-start=\"1298\" data-end=\"1317\">Einsatzbereich:<\/strong> \u00dcberstromschutz in elektrischen Schaltkreisen<br data-start=\"1363\" data-end=\"1366\" \/><strong data-start=\"1366\" data-end=\"1378\">Vorteil:<\/strong> Hoher Schutz, langlebige Bauweise, lange Lebensdauer<\/p>\n<p data-start=\"1433\" data-end=\"1643\">\n","protected":false},"featured_media":13873,"template":"","meta":[],"product_brand":[],"product_cat":[442,443],"product_tag":[],"class_list":{"0":"post-13872","1":"product","2":"type-product","3":"status-publish","4":"has-post-thumbnail","6":"product_cat-aku-yedek-parcalari","7":"product_cat-aku-parcalari","9":"first","10":"instock","11":"taxable","12":"shipping-taxable","13":"purchasable","14":"product-type-simple"},"_links":{"self":[{"href":"https:\/\/ceoparts.com\/de\/wp-json\/wp\/v2\/product\/13872","targetHints":{"allow":["GET"]}}],"collection":[{"href":"https:\/\/ceoparts.com\/de\/wp-json\/wp\/v2\/product"}],"about":[{"href":"https:\/\/ceoparts.com\/de\/wp-json\/wp\/v2\/types\/product"}],"wp:featuredmedia":[{"embeddable":true,"href":"https:\/\/ceoparts.com\/de\/wp-json\/wp\/v2\/media\/13873"}],"wp:attachment":[{"href":"https:\/\/ceoparts.com\/de\/wp-json\/wp\/v2\/media?parent=13872"}],"wp:term":[{"taxonomy":"product_brand","embeddable":true,"href":"https:\/\/ceoparts.com\/de\/wp-json\/wp\/v2\/product_brand?post=13872"},{"taxonomy":"product_cat","embeddable":true,"href":"https:\/\/ceoparts.com\/de\/wp-json\/wp\/v2\/product_cat?post=13872"},{"taxonomy":"product_tag","embeddable":true,"href":"https:\/\/ceoparts.com\/de\/wp-json\/wp\/v2\/product_tag?post=13872"}],"curies":[{"name":"wp","href":"https:\/\/api.w.org\/{rel}","templated":true}]}}