{"id":13876,"date":"2025-02-03T15:09:24","date_gmt":"2025-02-03T12:09:24","guid":{"rendered":"https:\/\/ceoparts.com\/?post_type=product&#038;p=13876"},"modified":"2026-05-16T12:45:31","modified_gmt":"2026-05-16T09:45:31","slug":"300a-forklift-sigortasi","status":"publish","type":"product","link":"https:\/\/ceoparts.com\/de\/urun\/300a-forklift-sigortasi\/","title":{"rendered":"300 A ANL Sicherung"},"content":{"rendered":"<p>300 A ANL Sicherung<\/p>","protected":false},"excerpt":{"rendered":"<p data-start=\"99\" data-end=\"262\"><br data-start=\"971\" data-end=\"974\" \/>Die 300 ANL Sicherung bietet \u00dcberstrom- und Kurzschlussschutz in elektrischen Systemen. Die langlebige Bauweise und zuverl\u00e4ssige Leistung erh\u00f6hen die Systemsicherheit.<\/p>\n<p data-start=\"1143\" data-end=\"1425\"><strong data-start=\"1143\" data-end=\"1161\">Eigenschaften:<\/strong><br data-start=\"1161\" data-end=\"1164\" \/><strong data-start=\"1164\" data-end=\"1180\">Produktname:<\/strong> 300 ANL Sicherung<br data-start=\"1198\" data-end=\"1201\" \/><strong data-start=\"1201\" data-end=\"1217\">Teilenummer:<\/strong> &#8211;<br data-start=\"1219\" data-end=\"1222\" \/><strong data-start=\"1222\" data-end=\"1235\">Material:<\/strong> Metalllegierung und hochwertiges Sicherungsmaterial<br data-start=\"1287\" data-end=\"1290\" \/><strong data-start=\"1290\" data-end=\"1309\">Einsatzbereich:<\/strong> \u00dcberstromschutz in elektrischen Schaltkreisen<br data-start=\"1355\" data-end=\"1358\" \/><strong data-start=\"1358\" data-end=\"1370\">Vorteil:<\/strong> Starker Schutz, langlebige Bauweise, lange Lebensdauer<\/p>\n<p data-start=\"1427\" data-end=\"1640\">\n","protected":false},"featured_media":13877,"template":"","meta":[],"product_brand":[],"product_cat":[442,443],"product_tag":[],"class_list":{"0":"post-13876","1":"product","2":"type-product","3":"status-publish","4":"has-post-thumbnail","6":"product_cat-aku-yedek-parcalari","7":"product_cat-aku-parcalari","9":"first","10":"instock","11":"taxable","12":"shipping-taxable","13":"purchasable","14":"product-type-simple"},"_links":{"self":[{"href":"https:\/\/ceoparts.com\/de\/wp-json\/wp\/v2\/product\/13876","targetHints":{"allow":["GET"]}}],"collection":[{"href":"https:\/\/ceoparts.com\/de\/wp-json\/wp\/v2\/product"}],"about":[{"href":"https:\/\/ceoparts.com\/de\/wp-json\/wp\/v2\/types\/product"}],"wp:featuredmedia":[{"embeddable":true,"href":"https:\/\/ceoparts.com\/de\/wp-json\/wp\/v2\/media\/13877"}],"wp:attachment":[{"href":"https:\/\/ceoparts.com\/de\/wp-json\/wp\/v2\/media?parent=13876"}],"wp:term":[{"taxonomy":"product_brand","embeddable":true,"href":"https:\/\/ceoparts.com\/de\/wp-json\/wp\/v2\/product_brand?post=13876"},{"taxonomy":"product_cat","embeddable":true,"href":"https:\/\/ceoparts.com\/de\/wp-json\/wp\/v2\/product_cat?post=13876"},{"taxonomy":"product_tag","embeddable":true,"href":"https:\/\/ceoparts.com\/de\/wp-json\/wp\/v2\/product_tag?post=13876"}],"curies":[{"name":"wp","href":"https:\/\/api.w.org\/{rel}","templated":true}]}}