{"id":13880,"date":"2025-02-03T15:14:41","date_gmt":"2025-02-03T12:14:41","guid":{"rendered":"https:\/\/ceoparts.com\/?post_type=product&#038;p=13880"},"modified":"2026-05-16T11:46:26","modified_gmt":"2026-05-16T08:46:26","slug":"400a-forklift-sigortasi","status":"publish","type":"product","link":"https:\/\/ceoparts.com\/de\/urun\/400a-forklift-sigortasi\/","title":{"rendered":"400 A ANL Sicherung"},"content":{"rendered":"<p>400 A ANL Sicherung<\/p>","protected":false},"excerpt":{"rendered":"<p data-start=\"99\" data-end=\"283\"><br data-start=\"1025\" data-end=\"1028\" \/>Die 400 ANL Sicherung bietet hohen Stromschutz und sch\u00fctzt elektrische Schaltkreise sicher vor \u00dcberlastung und Kurzschluss. Die robuste Bauweise sorgt f\u00fcr eine lange Lebensdauer.<\/p>\n<p data-start=\"1208\" data-end=\"1492\"><strong data-start=\"1208\" data-end=\"1226\">Eigenschaften:<\/strong><br data-start=\"1226\" data-end=\"1229\" \/><strong data-start=\"1229\" data-end=\"1245\">Produktname:<\/strong> 400 ANL Sicherung<br data-start=\"1263\" data-end=\"1266\" \/><strong data-start=\"1266\" data-end=\"1282\">Teilenummer:<\/strong> &#8211;<br data-start=\"1284\" data-end=\"1287\" \/><strong data-start=\"1287\" data-end=\"1300\">Material:<\/strong> Metalllegierung und hochwertiges Sicherungsmaterial<br data-start=\"1352\" data-end=\"1355\" \/><strong data-start=\"1355\" data-end=\"1374\">Einsatzbereich:<\/strong> \u00dcberstromschutz in elektrischen Systemen<br data-start=\"1415\" data-end=\"1418\" \/><strong data-start=\"1418\" data-end=\"1430\">Vorteil:<\/strong> Hoher Stromschutz, langlebige Bauweise, zuverl\u00e4ssige Leistung<\/p>\n<p data-start=\"1494\" data-end=\"1727\">\n","protected":false},"featured_media":13881,"template":"","meta":[],"product_brand":[],"product_cat":[442,443],"product_tag":[],"class_list":{"0":"post-13880","1":"product","2":"type-product","3":"status-publish","4":"has-post-thumbnail","6":"product_cat-aku-yedek-parcalari","7":"product_cat-aku-parcalari","9":"first","10":"instock","11":"taxable","12":"shipping-taxable","13":"purchasable","14":"product-type-simple"},"_links":{"self":[{"href":"https:\/\/ceoparts.com\/de\/wp-json\/wp\/v2\/product\/13880","targetHints":{"allow":["GET"]}}],"collection":[{"href":"https:\/\/ceoparts.com\/de\/wp-json\/wp\/v2\/product"}],"about":[{"href":"https:\/\/ceoparts.com\/de\/wp-json\/wp\/v2\/types\/product"}],"wp:featuredmedia":[{"embeddable":true,"href":"https:\/\/ceoparts.com\/de\/wp-json\/wp\/v2\/media\/13881"}],"wp:attachment":[{"href":"https:\/\/ceoparts.com\/de\/wp-json\/wp\/v2\/media?parent=13880"}],"wp:term":[{"taxonomy":"product_brand","embeddable":true,"href":"https:\/\/ceoparts.com\/de\/wp-json\/wp\/v2\/product_brand?post=13880"},{"taxonomy":"product_cat","embeddable":true,"href":"https:\/\/ceoparts.com\/de\/wp-json\/wp\/v2\/product_cat?post=13880"},{"taxonomy":"product_tag","embeddable":true,"href":"https:\/\/ceoparts.com\/de\/wp-json\/wp\/v2\/product_tag?post=13880"}],"curies":[{"name":"wp","href":"https:\/\/api.w.org\/{rel}","templated":true}]}}