{"id":13884,"date":"2025-02-03T15:40:38","date_gmt":"2025-02-03T12:40:38","guid":{"rendered":"https:\/\/ceoparts.com\/?post_type=product&#038;p=13884"},"modified":"2026-05-16T17:25:06","modified_gmt":"2026-05-16T14:25:06","slug":"toyota-motor-devir-sensoru-141801324071","status":"publish","type":"product","link":"https:\/\/ceoparts.com\/de\/urun\/toyota-motor-devir-sensoru-141801324071\/","title":{"rendered":"Toyota Motor Drehzahlsensor &#8211; 141801324071"},"content":{"rendered":"<p>Toyota Motor Drehzahlsensor &#8211; 141801324071<\/p>","protected":false},"excerpt":{"rendered":"<p data-start=\"136\" data-end=\"349\"><br data-start=\"1211\" data-end=\"1214\" \/>Speziell f\u00fcr Toyota Gabelstapler und Arbeitsmaschinen entwickelt, misst dieser Motorsensorsensor die Drehzahl des Motors pr\u00e4zise und sorgt f\u00fcr eine genaue Leistungs\u00fcberwachung. Robuste Bauweise f\u00fcr eine lange Lebensdauer.<\/p>\n<p data-start=\"1437\" data-end=\"1749\"><strong data-start=\"1437\" data-end=\"1455\">Eigenschaften:<\/strong><br data-start=\"1455\" data-end=\"1458\" \/><strong data-start=\"1458\" data-end=\"1474\">Produktname:<\/strong> Toyota Motorsensor<br data-start=\"1493\" data-end=\"1496\" \/><strong data-start=\"1496\" data-end=\"1512\">Teilenummer:<\/strong> 141801324071<br data-start=\"1525\" data-end=\"1528\" \/><strong data-start=\"1528\" data-end=\"1541\">Material:<\/strong> Hochwertige elektronische und metallische Komponenten<br data-start=\"1595\" data-end=\"1598\" \/><strong data-start=\"1598\" data-end=\"1617\">Einsatzbereich:<\/strong> Drehzahlmessung f\u00fcr Toyota Gabelstapler und Arbeitsmaschinen<br data-start=\"1678\" data-end=\"1681\" \/><strong data-start=\"1681\" data-end=\"1693\">Vorteil:<\/strong> Pr\u00e4zise Messung, langlebige Bauweise, lange Lebensdauer<\/p>\n<p data-start=\"1751\" data-end=\"2026\">\n","protected":false},"featured_media":13885,"template":"","meta":[],"product_brand":[],"product_cat":[530,469,521],"product_tag":[],"class_list":{"0":"post-13884","1":"product","2":"type-product","3":"status-publish","4":"has-post-thumbnail","6":"product_cat-yedek-parca-toyota","7":"product_cat-elektrik-ve-sistem-parcalari","8":"product_cat-toyota","10":"first","11":"instock","12":"taxable","13":"shipping-taxable","14":"purchasable","15":"product-type-simple"},"_links":{"self":[{"href":"https:\/\/ceoparts.com\/de\/wp-json\/wp\/v2\/product\/13884","targetHints":{"allow":["GET"]}}],"collection":[{"href":"https:\/\/ceoparts.com\/de\/wp-json\/wp\/v2\/product"}],"about":[{"href":"https:\/\/ceoparts.com\/de\/wp-json\/wp\/v2\/types\/product"}],"wp:featuredmedia":[{"embeddable":true,"href":"https:\/\/ceoparts.com\/de\/wp-json\/wp\/v2\/media\/13885"}],"wp:attachment":[{"href":"https:\/\/ceoparts.com\/de\/wp-json\/wp\/v2\/media?parent=13884"}],"wp:term":[{"taxonomy":"product_brand","embeddable":true,"href":"https:\/\/ceoparts.com\/de\/wp-json\/wp\/v2\/product_brand?post=13884"},{"taxonomy":"product_cat","embeddable":true,"href":"https:\/\/ceoparts.com\/de\/wp-json\/wp\/v2\/product_cat?post=13884"},{"taxonomy":"product_tag","embeddable":true,"href":"https:\/\/ceoparts.com\/de\/wp-json\/wp\/v2\/product_tag?post=13884"}],"curies":[{"name":"wp","href":"https:\/\/api.w.org\/{rel}","templated":true}]}}