{"id":13889,"date":"2025-02-03T16:13:52","date_gmt":"2025-02-03T13:13:52","guid":{"rendered":"https:\/\/ceoparts.com\/?post_type=product&#038;p=13889"},"modified":"2026-05-16T18:22:58","modified_gmt":"2026-05-16T15:22:58","slug":"linde-elektrik-motoru-18425458-50163570400","status":"publish","type":"product","link":"https:\/\/ceoparts.com\/de\/urun\/linde-elektrik-motoru-18425458-50163570400\/","title":{"rendered":"Linde Elektromotor &#8211; 18425458, 50163570400"},"content":{"rendered":"<p>Linde Elektromotor &#8211; 18425458, 50163570400<\/p>","protected":false},"excerpt":{"rendered":"<p data-start=\"135\" data-end=\"415\"><br data-start=\"1311\" data-end=\"1314\" \/>Dieser speziell f\u00fcr Linde Gabelstapler gefertigte Elektromotor bietet eine leistungsstarke Performance und eine langlebige Bauweise f\u00fcr eine lange Lebensdauer. Dank seines energieeffizienten Designs sorgt er f\u00fcr Energieeinsparungen und maximale Leistung beim Fahren und Heben.<\/p>\n<p data-start=\"1592\" data-end=\"1897\"><strong data-start=\"1592\" data-end=\"1610\">Eigenschaften:<\/strong><br data-start=\"1610\" data-end=\"1613\" \/><strong data-start=\"1613\" data-end=\"1629\">Produktname:<\/strong> Linde Elektromotor<br data-start=\"1648\" data-end=\"1651\" \/><strong data-start=\"1651\" data-end=\"1667\">Teilenummer:<\/strong> 18425458, 50163570400<br data-start=\"1689\" data-end=\"1692\" \/><strong data-start=\"1692\" data-end=\"1705\">Material:<\/strong> Hochwertiges Metall und Kupferwicklung<br data-start=\"1744\" data-end=\"1747\" \/><strong data-start=\"1747\" data-end=\"1766\">Einsatzbereich:<\/strong> Antriebs- und Hebesysteme f\u00fcr Linde Gabelstapler<br data-start=\"1815\" data-end=\"1818\" \/><strong data-start=\"1818\" data-end=\"1830\">Vorteil:<\/strong> Hohe Leistung, energieeffizient, langlebige und robuste Ausf\u00fchrung<\/p>\n<p data-start=\"1899\" data-end=\"2224\">\n","protected":false},"featured_media":13890,"template":"","meta":[],"product_brand":[],"product_cat":[246,470,523],"product_tag":[],"class_list":{"0":"post-13889","1":"product","2":"type-product","3":"status-publish","4":"has-post-thumbnail","6":"product_cat-linde","7":"product_cat-diger-yedek-parcalar","8":"product_cat-yedek-parca-linde","10":"first","11":"instock","12":"taxable","13":"shipping-taxable","14":"purchasable","15":"product-type-simple"},"_links":{"self":[{"href":"https:\/\/ceoparts.com\/de\/wp-json\/wp\/v2\/product\/13889","targetHints":{"allow":["GET"]}}],"collection":[{"href":"https:\/\/ceoparts.com\/de\/wp-json\/wp\/v2\/product"}],"about":[{"href":"https:\/\/ceoparts.com\/de\/wp-json\/wp\/v2\/types\/product"}],"wp:featuredmedia":[{"embeddable":true,"href":"https:\/\/ceoparts.com\/de\/wp-json\/wp\/v2\/media\/13890"}],"wp:attachment":[{"href":"https:\/\/ceoparts.com\/de\/wp-json\/wp\/v2\/media?parent=13889"}],"wp:term":[{"taxonomy":"product_brand","embeddable":true,"href":"https:\/\/ceoparts.com\/de\/wp-json\/wp\/v2\/product_brand?post=13889"},{"taxonomy":"product_cat","embeddable":true,"href":"https:\/\/ceoparts.com\/de\/wp-json\/wp\/v2\/product_cat?post=13889"},{"taxonomy":"product_tag","embeddable":true,"href":"https:\/\/ceoparts.com\/de\/wp-json\/wp\/v2\/product_tag?post=13889"}],"curies":[{"name":"wp","href":"https:\/\/api.w.org\/{rel}","templated":true}]}}