{"id":13912,"date":"2025-02-04T15:31:22","date_gmt":"2025-02-04T12:31:22","guid":{"rendered":"https:\/\/ceoparts.com\/?post_type=product&#038;p=13912"},"modified":"2026-05-16T17:12:34","modified_gmt":"2026-05-16T14:12:34","slug":"jungheinrich-etv216-gaz-pedali-51884459","status":"publish","type":"product","link":"https:\/\/ceoparts.com\/de\/urun\/jungheinrich-etv216-gaz-pedali-51884459\/","title":{"rendered":"Jungheinrich ETV216 Gaspedal &#8211; 51884459"},"content":{"rendered":"<p>Jungheinrich ETV216 Gaspedal &#8211; 51884459<\/p>\n<p>2EP(C)5000-2EP(C)6500\u00a06.14 &#8211; 12.16<br \/>\n2EP(C)5000-2EP(C)6500\u00a04.12 &#8211; 12.14<br \/>\n2EPC 40 &#8211; 2EP 55\u00a012.15 &#8211;<br \/>\n2EPC 40 &#8211; 2EP 55\u00a06.14 &#8211; 12.16<br \/>\n2EPC 40 &#8211; 2EP 55\u00a010.13 &#8211; 6.14<br \/>\n2EPC 8000 &#8211; 2EP 11000\u00a012.15 &#8211;<br \/>\n2EPC 8000 &#8211; 2EP 11000\u00a06.14 &#8211; 12.16<br \/>\n2EPC 8000 &#8211; 2EP 11000\u00a010.13 &#8211; 12.14<br \/>\n2ET2500-2ET4000\u00a010.21 &#8211;<br \/>\n2ET2500-2ET4000\u00a02.16 &#8211; 10.21<br \/>\n2FBC 40 &#8211; 2FB55\u00a010.13 &#8211; 6.14<br \/>\n2FBC 40 &#8211; 2FB55\u00a012.15 &#8211;<br \/>\n2FBC 40 &#8211; 2FB55\u00a06.14 &#8211; 12.16<br \/>\n3EP(C)5000-7000\u00a011.23 &#8211;<br \/>\nDFG 3s\u00a08.21 &#8211; 5.23<br \/>\nDFG 4s\u00a05.20 &#8211; 5.23<br \/>\nDPH16N-DPH20N\u00a010.21 &#8211; 5.23<br \/>\nDPH25N-DPH35LN\u00a010.21 &#8211; 5.23<br \/>\nEFG 112-220\u00a09.21 &#8211;<br \/>\nEFG 213 &#8211; 220\u00a02.16 &#8211; 10.21<br \/>\nEFG 213 &#8211; 220 (US)\u00a010.21 &#8211;<br \/>\nEFG 213 &#8211; 220 (US)\u00a02.16 &#8211; 10.21<br \/>\nEFG 316 &#8211; 320\u00a02.16 &#8211; 10.21<br \/>\nEFG 316 &#8211; 320\u00a09.21 &#8211;<br \/>\nEFG 316 &#8211; 320 (US)\u00a02.16 &#8211; 10.21<br \/>\nEFG 316 &#8211; 320 (US)\u00a010.21 &#8211;<br \/>\nEFG 4\u00a011.23 &#8211;<br \/>\nEFG 4 (US)\u00a011.23 &#8211;<br \/>\nEFG 425-430\u00a04.12 &#8211; 12.14<br \/>\nEFG 425-430 (US)\u00a01.13 &#8211; 12.14<br \/>\nEFG 425-430\/ S30\u00a06.14 &#8211;<br \/>\nEFG 425-430\/ S30 (US)\u00a06.14 &#8211; 12.16<br \/>\nEFG 535k-S50\u00a012.15 &#8211;<br \/>\nEFG 535k-S50\u00a010.13 &#8211; 12.14<br \/>\nEFG 535k-S50\u00a06.14 &#8211; 12.16<br \/>\nEFG 535k-S50 (US)\u00a06.14 &#8211; 12.16<br \/>\nEFG 535k-S50 (US)\u00a010.13 &#8211; 12.14<br \/>\nEFG 535k-S50 (US)\u00a012.15 &#8211;<br \/>\nEFG MB216k\/MB218k\/MB220\u00a04.19 &#8211;<br \/>\nEFG MB216k\/MB218k\/MB220 HELI\u00a04.20 &#8211;<br \/>\nEFG MC316\/MC316k\/MC320\u00a04.19 &#8211;<br \/>\nEFG MC316\/MC316k\/MC320 HELI\u00a04.20 &#8211;<br \/>\nEFX 410 S\/F (2013)\u00a01.13 &#8211;<br \/>\nEFX 411\/414 S\/F\/I\u00a04.23 &#8211;<br \/>\nEFX 411\/414 S\/F\/I (US)\u00a04.23 &#8211;<br \/>\nEFX 413 I (2013)\u00a01.13 &#8211;<br \/>\nEP3000-EP4000\u00a010.21 &#8211;<br \/>\nEP3000-EP4000\u00a02.16 &#8211; 10.21<br \/>\nESE 430 (2023)\u00a05.23 &#8211;<br \/>\nESE 533 (2023)\u00a05.23 &#8211;<br \/>\nET 210-212 2021\u00a02.22 &#8211;<br \/>\nET 210-212 2021 (CN)\u00a02.22 &#8211;<br \/>\nET 210-212 2021 (US)\u00a02.22 &#8211;<br \/>\nET 214-216 2021\u00a02.22 &#8211;<br \/>\nET 214-216 2021 (CN)\u00a02.22 &#8211;<br \/>\nET 214-216 2021 (US)\u00a02.22 &#8211;<br \/>\nET 318-325 2021\u00a012.21 &#8211;<br \/>\nET 318-325 2021 (CN)\u00a012.21 &#8211;<br \/>\nET 318-325 2021 (US)\u00a012.21 &#8211;<br \/>\nETM\/V 214-325 Cab\u00a09.11 &#8211;<br \/>\nETM\/V 214\/216\u00a09.11 &#8211;<br \/>\nETM\/V 214\/216 (CN)\u00a012.11 &#8211;<br \/>\nETM\/V 214\/216 (US)\u00a09.11 &#8211;<br \/>\nETM\/V 318-325\u00a010.13 &#8211;<br \/>\nETM\/V 318-325 (CN)\u00a010.13 &#8211;<br \/>\nETM\/V 318-325 (US)\u00a010.13 &#8211;<br \/>\nETV 110\/112\u00a05.14 &#8211;<br \/>\nETV 110\/112 (CN)\u00a05.14 &#8211;<br \/>\nETV 110\/112 (US)\u00a05.14 &#8211;<br \/>\nETV 216i\u00a03.18 &#8211;<br \/>\nETV 216i (CN)\u00a03.18 &#8211;<br \/>\nETV 216i (US)\u00a03.18 &#8211;<br \/>\nETV 216i 2021\u00a02.22 &#8211;<br \/>\nETV 216i 2021 (CN)\u00a02.22 &#8211;<br \/>\nETV 216i 2021 (US)\u00a02.22 &#8211;<br \/>\nETV 216i 2023\u00a06.23 &#8211;<br \/>\nETV C 16\/20\u00a03.15 &#8211;<br \/>\nETV C 16\/20 (CN)\u00a03.15 &#8211;<br \/>\nETV C 16\/20 (US)\u00a03.15 &#8211;<br \/>\nETV C16 2021 (CN)\u00a02.22 &#8211;<br \/>\nETV C20 2021\u00a02.22 &#8211;<br \/>\nETV C20 2021 (US)\u00a02.22 &#8211;<br \/>\nETV MB 214\/216\u00a03.23 &#8211;<br \/>\nETV MC 320\u00a03.23 &#8211;<br \/>\nETV Q20\/Q25\u00a08.22 &#8211;<br \/>\nETV Q20\/Q25 (CN)\u00a08.22 &#8211;<br \/>\nETV Q20\/Q25 (US)\u00a08.22 &#8211;<br \/>\nETV-Q 20-25\u00a01.17 &#8211;<br \/>\nETV-Q 20-25 (CN)\u00a01.17 &#8211;<br \/>\nETV-Q 20-25 (US)\u00a01.17 &#8211;<br \/>\nEZS 570\/580\/590\/5100\u00a02.23 &#8211;<br \/>\nEZS 570\/580\/590\/5100 (US)\u00a02.23 &#8211;<br \/>\nEZW 515\u00a01.15 &#8211;<br \/>\nGPH16N-GPH20N\u00a010.21 &#8211; 5.23<br \/>\nGPH25N-GPH35LN\u00a010.21 &#8211; 5.23<br \/>\nReach trucks\u00a07.13 &#8211;<br \/>\nTFG 316\u00a05.14 &#8211; 7.16<br \/>\nTFG 316-320\u00a03.16 &#8211; 9.21<br \/>\nTFG 320\u00a05.14 &#8211; 7.16<br \/>\nTFG 3s\u00a08.21 &#8211; 5.23<br \/>\nTFG 425\u00a05.14 &#8211; 7.16<br \/>\nTFG 425-435\u00a05.16 &#8211; 9.21<br \/>\nTFG 425df\u00a01.15 &#8211; 7.16<br \/>\nTFG 430\u00a05.14 &#8211; 7.16<br \/>\nTFG 430df\u00a01.15 &#8211; 7.16<br \/>\nTFG 435\u00a05.14 &#8211; 7.16<br \/>\nTFG 435df\u00a01.15 &#8211; 7.16<br \/>\nTFG 4s\u00a08.21 &#8211; 5.23<br \/>\nTFG 540\u00a04.16 &#8211; 7.16<br \/>\nTFG 540-S50\u00a06.16 &#8211;<br \/>\nTFG 545\u00a04.16 &#8211; 7.16<br \/>\nTFG S50\u00a04.16 &#8211; 7.16<\/p>","protected":false},"excerpt":{"rendered":"<p data-start=\"141\" data-end=\"381\"><br data-start=\"1272\" data-end=\"1275\" \/>Dieses speziell f\u00fcr das Jungheinrich ETV216 Gabelstaplermodell entwickelte Gaspedal bietet dem Bediener eine pr\u00e4zise Geschwindigkeitsregelung und sichere Bedienung. Das robuste Metallgeh\u00e4use und die rutschfeste Gummioberfl\u00e4che gew\u00e4hrleisten eine lange Lebensdauer und komfortable Nutzung.<\/p>\n<p data-start=\"1565\" data-end=\"1916\"><strong data-start=\"1565\" data-end=\"1583\">Eigenschaften:<\/strong><br data-start=\"1583\" data-end=\"1586\" \/><strong data-start=\"1586\" data-end=\"1602\">Produktname:<\/strong> Jungheinrich ETV216 Gaspedal<br data-start=\"1631\" data-end=\"1634\" \/><strong data-start=\"1634\" data-end=\"1650\">Teilenummer:<\/strong> 51884459<br data-start=\"1659\" data-end=\"1662\" \/><strong data-start=\"1662\" data-end=\"1675\">Material:<\/strong> Robustes Metall mit rutschfester Gummibeschichtung<br data-start=\"1726\" data-end=\"1729\" \/><strong data-start=\"1729\" data-end=\"1748\">Einsatzbereich:<\/strong> Gaskontrollsystem f\u00fcr Jungheinrich ETV216 Gabelstapler<br data-start=\"1803\" data-end=\"1806\" \/><strong data-start=\"1806\" data-end=\"1818\">Vorteil:<\/strong> Pr\u00e4zise Geschwindigkeitskontrolle, rutschfeste Oberfl\u00e4che, ergonomische und langlebige Ausf\u00fchrung<\/p>\n<p data-start=\"1918\" data-end=\"2243\">\n","protected":false},"featured_media":13913,"template":"","meta":[],"product_brand":[],"product_cat":[236,471,522],"product_tag":[],"class_list":{"0":"post-13912","1":"product","2":"type-product","3":"status-publish","4":"has-post-thumbnail","6":"product_cat-jungheinrich","7":"product_cat-joystick-pedal-yedek-parca","8":"product_cat-yedek-parca-jungheinrich","10":"first","11":"instock","12":"taxable","13":"shipping-taxable","14":"purchasable","15":"product-type-simple"},"_links":{"self":[{"href":"https:\/\/ceoparts.com\/de\/wp-json\/wp\/v2\/product\/13912","targetHints":{"allow":["GET"]}}],"collection":[{"href":"https:\/\/ceoparts.com\/de\/wp-json\/wp\/v2\/product"}],"about":[{"href":"https:\/\/ceoparts.com\/de\/wp-json\/wp\/v2\/types\/product"}],"wp:featuredmedia":[{"embeddable":true,"href":"https:\/\/ceoparts.com\/de\/wp-json\/wp\/v2\/media\/13913"}],"wp:attachment":[{"href":"https:\/\/ceoparts.com\/de\/wp-json\/wp\/v2\/media?parent=13912"}],"wp:term":[{"taxonomy":"product_brand","embeddable":true,"href":"https:\/\/ceoparts.com\/de\/wp-json\/wp\/v2\/product_brand?post=13912"},{"taxonomy":"product_cat","embeddable":true,"href":"https:\/\/ceoparts.com\/de\/wp-json\/wp\/v2\/product_cat?post=13912"},{"taxonomy":"product_tag","embeddable":true,"href":"https:\/\/ceoparts.com\/de\/wp-json\/wp\/v2\/product_tag?post=13912"}],"curies":[{"name":"wp","href":"https:\/\/api.w.org\/{rel}","templated":true}]}}