{"id":13958,"date":"2025-02-04T17:58:10","date_gmt":"2025-02-04T14:58:10","guid":{"rendered":"https:\/\/ceoparts.com\/?post_type=product&#038;p=13958"},"modified":"2026-05-16T14:34:08","modified_gmt":"2026-05-16T11:34:08","slug":"efp-005-gaz-pedali","status":"publish","type":"product","link":"https:\/\/ceoparts.com\/de\/urun\/efp-005-gaz-pedali\/","title":{"rendered":"Efp-005 Gaspedal"},"content":{"rendered":"<p>Efp-005 Gaspedal<\/p>\n<p><\/p>","protected":false},"excerpt":{"rendered":"<p data-start=\"105\" data-end=\"286\"><br data-start=\"1063\" data-end=\"1066\" \/>Das EFP\u2011005 Gaspedal erm\u00f6glicht eine pr\u00e4zise Geschwindigkeitsregelung f\u00fcr Gabelstapler und Industriefahrzeuge. Seine robuste Bauweise und ergonomisches Design bieten eine langlebige und komfortable Nutzung.<\/p>\n<p data-start=\"1274\" data-end=\"1599\"><strong data-start=\"1274\" data-end=\"1292\">Eigenschaften:<\/strong><br data-start=\"1292\" data-end=\"1295\" \/><strong data-start=\"1295\" data-end=\"1311\">Produktname:<\/strong> EFP\u2011005 Gaspedal<br data-start=\"1328\" data-end=\"1331\" \/><strong data-start=\"1331\" data-end=\"1347\">Teilenummer:<\/strong> EFP\u2011005<br data-start=\"1355\" data-end=\"1358\" \/><strong data-start=\"1358\" data-end=\"1371\">Material:<\/strong> Robuste Kunststoff- und Metallkomponenten<br data-start=\"1413\" data-end=\"1416\" \/><strong data-start=\"1416\" data-end=\"1435\">Einsatzbereich:<\/strong> Geschwindigkeitsregelsysteme f\u00fcr Gabelstapler und Industriefahrzeuge<br data-start=\"1504\" data-end=\"1507\" \/><strong data-start=\"1507\" data-end=\"1519\">Vorteil:<\/strong> Pr\u00e4zise Geschwindigkeitsregelung, langlebige Konstruktion, ergonomisches Design<\/p>\n<p data-start=\"1601\" data-end=\"1838\">\n","protected":false},"featured_media":13959,"template":"","meta":[],"product_brand":[],"product_cat":[471],"product_tag":[],"class_list":{"0":"post-13958","1":"product","2":"type-product","3":"status-publish","4":"has-post-thumbnail","6":"product_cat-joystick-pedal-yedek-parca","8":"first","9":"instock","10":"taxable","11":"shipping-taxable","12":"purchasable","13":"product-type-simple"},"_links":{"self":[{"href":"https:\/\/ceoparts.com\/de\/wp-json\/wp\/v2\/product\/13958","targetHints":{"allow":["GET"]}}],"collection":[{"href":"https:\/\/ceoparts.com\/de\/wp-json\/wp\/v2\/product"}],"about":[{"href":"https:\/\/ceoparts.com\/de\/wp-json\/wp\/v2\/types\/product"}],"wp:featuredmedia":[{"embeddable":true,"href":"https:\/\/ceoparts.com\/de\/wp-json\/wp\/v2\/media\/13959"}],"wp:attachment":[{"href":"https:\/\/ceoparts.com\/de\/wp-json\/wp\/v2\/media?parent=13958"}],"wp:term":[{"taxonomy":"product_brand","embeddable":true,"href":"https:\/\/ceoparts.com\/de\/wp-json\/wp\/v2\/product_brand?post=13958"},{"taxonomy":"product_cat","embeddable":true,"href":"https:\/\/ceoparts.com\/de\/wp-json\/wp\/v2\/product_cat?post=13958"},{"taxonomy":"product_tag","embeddable":true,"href":"https:\/\/ceoparts.com\/de\/wp-json\/wp\/v2\/product_tag?post=13958"}],"curies":[{"name":"wp","href":"https:\/\/api.w.org\/{rel}","templated":true}]}}