{"id":13963,"date":"2025-02-06T10:12:32","date_gmt":"2025-02-06T07:12:32","guid":{"rendered":"https:\/\/ceoparts.com\/?post_type=product&#038;p=13963"},"modified":"2026-05-17T02:14:26","modified_gmt":"2026-05-16T23:14:26","slug":"hyster-h-ayak-takim-2770656","status":"publish","type":"product","link":"https:\/\/ceoparts.com\/de\/urun\/hyster-h-ayak-takim-2770656\/","title":{"rendered":"Hyster H Fu\u00dfmontage &#8211; 2770656"},"content":{"rendered":"<p>Hyster H Fu\u00dfmontage &#8211; 2770656<\/p>","protected":false},"excerpt":{"rendered":"<p data-start=\"117\" data-end=\"308\"><br data-start=\"1067\" data-end=\"1070\" \/>Die speziell f\u00fcr Hyster Gabelstapler entwickelte H-Fu\u00df-Baugruppe erh\u00f6ht die Stabilit\u00e4t des Gabelstaplers und sorgt f\u00fcr eine sichere Arbeitsumgebung. Hergestellt aus langlebigen Materialien bietet sie eine lange Lebensdauer.<\/p>\n<p data-start=\"1295\" data-end=\"1586\"><strong data-start=\"1295\" data-end=\"1313\">Eigenschaften:<\/strong><br data-start=\"1313\" data-end=\"1316\" \/><strong data-start=\"1316\" data-end=\"1332\">Produktname:<\/strong> Hyster H-Fu\u00df-Baugruppe<br data-start=\"1355\" data-end=\"1358\" \/><strong data-start=\"1358\" data-end=\"1374\">Teilenummer:<\/strong> 2770656<br data-start=\"1382\" data-end=\"1385\" \/><strong data-start=\"1385\" data-end=\"1398\">Material:<\/strong> Hochfester Metalllegierung<br data-start=\"1425\" data-end=\"1428\" \/><strong data-start=\"1428\" data-end=\"1447\">Einsatzbereich:<\/strong> Stabilit\u00e4ts- und Unterst\u00fctzungssystem f\u00fcr Hyster Gabelstapler<br data-start=\"1509\" data-end=\"1512\" \/><strong data-start=\"1512\" data-end=\"1524\">Vorteil:<\/strong> Verst\u00e4rkte Konstruktion, lange Lebensdauer, sichere Bedienung<\/p>\n<p data-start=\"1588\" data-end=\"1821\">\n","protected":false},"featured_media":13964,"template":"","meta":[],"product_brand":[],"product_cat":[256,406],"product_tag":[],"class_list":{"0":"post-13963","1":"product","2":"type-product","3":"status-publish","4":"has-post-thumbnail","6":"product_cat-hyster","7":"product_cat-catal-mekanizma","9":"first","10":"instock","11":"taxable","12":"shipping-taxable","13":"purchasable","14":"product-type-simple"},"_links":{"self":[{"href":"https:\/\/ceoparts.com\/de\/wp-json\/wp\/v2\/product\/13963","targetHints":{"allow":["GET"]}}],"collection":[{"href":"https:\/\/ceoparts.com\/de\/wp-json\/wp\/v2\/product"}],"about":[{"href":"https:\/\/ceoparts.com\/de\/wp-json\/wp\/v2\/types\/product"}],"wp:featuredmedia":[{"embeddable":true,"href":"https:\/\/ceoparts.com\/de\/wp-json\/wp\/v2\/media\/13964"}],"wp:attachment":[{"href":"https:\/\/ceoparts.com\/de\/wp-json\/wp\/v2\/media?parent=13963"}],"wp:term":[{"taxonomy":"product_brand","embeddable":true,"href":"https:\/\/ceoparts.com\/de\/wp-json\/wp\/v2\/product_brand?post=13963"},{"taxonomy":"product_cat","embeddable":true,"href":"https:\/\/ceoparts.com\/de\/wp-json\/wp\/v2\/product_cat?post=13963"},{"taxonomy":"product_tag","embeddable":true,"href":"https:\/\/ceoparts.com\/de\/wp-json\/wp\/v2\/product_tag?post=13963"}],"curies":[{"name":"wp","href":"https:\/\/api.w.org\/{rel}","templated":true}]}}