{"id":13968,"date":"2025-02-06T14:29:36","date_gmt":"2025-02-06T11:29:36","guid":{"rendered":"https:\/\/ceoparts.com\/?post_type=product&#038;p=13968"},"modified":"2026-05-16T16:34:08","modified_gmt":"2026-05-16T13:34:08","slug":"jungheinrich-efg-320-gaz-pedali-26915305-4513630","status":"publish","type":"product","link":"https:\/\/ceoparts.com\/de\/urun\/jungheinrich-efg-320-gaz-pedali-26915305-4513630\/","title":{"rendered":"Jungheinrich EFG 320 Gaspedal  &#8211; 26915305 , 4513630"},"content":{"rendered":"<p>Jungheinrich EFG 320 Gaspedal  &#8211; 26915305 , 4513630<\/p>\n<p>Jungheinrich 51224270, 04513630, 26915305, 11003630<\/p>\n<p>&nbsp;<\/p>\n<table border=\"0\" width=\"254\" cellspacing=\"0\" cellpadding=\"0\">\n<colgroup>\n<col width=\"150\" \/>\n<col width=\"104\" \/><\/colgroup>\n<tbody>\n<tr>\n<td width=\"150\" height=\"17\"><span style=\"font-family: Arial CE; font-size: small;\">EFG 110 &#8211; 115<\/span><\/td>\n<td width=\"104\"><span style=\"font-family: Arial CE; font-size: small;\">1.04 &#8211;<\/span><\/td>\n<\/tr>\n<tr>\n<td height=\"17\"><span style=\"font-family: Arial CE; font-size: small;\">EFG 110k SP<\/span><\/td>\n<td><span style=\"font-family: Arial CE; font-size: small;\">11.09 &#8211;<\/span><\/td>\n<\/tr>\n<tr>\n<td height=\"17\"><span style=\"font-family: Arial CE; font-size: small;\">EFG 213 &#8211; 220<\/span><\/td>\n<td><span style=\"font-family: Arial CE; font-size: small;\">8.04 &#8211; 1.09<\/span><\/td>\n<\/tr>\n<tr>\n<td height=\"17\"><span style=\"font-family: Arial CE; font-size: small;\">EFG 316 &#8211; 320<\/span><\/td>\n<td><span style=\"font-family: Arial CE; font-size: small;\">8.04 &#8211; 1.09<\/span><\/td>\n<\/tr>\n<tr>\n<td height=\"17\"><span style=\"font-family: Arial CE; font-size: small;\">EFG 422-430<\/span><\/td>\n<td><span style=\"font-family: Arial CE; font-size: small;\">11.04 &#8211; 11.09<\/span><\/td>\n<\/tr>\n<tr>\n<td height=\"17\"><span style=\"font-family: Arial CE; font-size: small;\">EFG 422-430<\/span><\/td>\n<td><span style=\"font-family: Arial CE; font-size: small;\">10.99 &#8211; 10.04<\/span><\/td>\n<\/tr>\n<tr>\n<td height=\"17\"><span style=\"font-family: Arial CE; font-size: small;\">EFG 422-430<\/span><\/td>\n<td><span style=\"font-family: Arial CE; font-size: small;\">11.09 &#8211;<\/span><\/td>\n<\/tr>\n<tr>\n<td height=\"17\"><span style=\"font-family: Arial CE; font-size: small;\">EFG 535-550<\/span><\/td>\n<td><span style=\"font-family: Arial CE; font-size: small;\">11.09 &#8211;<\/span><\/td>\n<\/tr>\n<tr>\n<td height=\"17\"><span style=\"font-family: Arial CE; font-size: small;\">EFG 535-550<\/span><\/td>\n<td><span style=\"font-family: Arial CE; font-size: small;\">1.04 &#8211; 11.09<\/span><\/td>\n<\/tr>\n<tr>\n<td height=\"17\"><span style=\"font-family: Arial CE; font-size: small;\">EFG 550 MP<\/span><\/td>\n<td><span style=\"font-family: Arial CE; font-size: small;\">1.04 &#8211;<\/span><\/td>\n<\/tr>\n<tr>\n<td height=\"17\"><span style=\"font-family: Arial CE; font-size: small;\">EFG-DF 12,5-18<\/span><\/td>\n<td><span style=\"font-family: Arial CE; font-size: small;\">12.95 &#8211; 4.99<\/span><\/td>\n<\/tr>\n<tr>\n<td height=\"17\"><span style=\"font-family: Arial CE; font-size: small;\">EFG-DF 13-20<\/span><\/td>\n<td><span style=\"font-family: Arial CE; font-size: small;\">5.99 &#8211; 11.06<\/span><\/td>\n<\/tr>\n<tr>\n<td height=\"17\"><span style=\"font-family: Arial CE; font-size: small;\">EFG-DF 15MP<\/span><\/td>\n<td><span style=\"font-family: Arial CE; font-size: small;\">1.00 &#8211;<\/span><\/td>\n<\/tr>\n<tr>\n<td height=\"17\"><span style=\"font-family: Arial CE; font-size: small;\">EFG-DF 15SP<\/span><\/td>\n<td><span style=\"font-family: Arial CE; font-size: small;\">1.00 &#8211; 11.06<\/span><\/td>\n<\/tr>\n<tr>\n<td height=\"17\"><span style=\"font-family: Arial CE; font-size: small;\">EFG-DFac 13-20<\/span><\/td>\n<td><span style=\"font-family: Arial CE; font-size: small;\">5.02 &#8211;<\/span><\/td>\n<\/tr>\n<tr>\n<td height=\"17\"><span style=\"font-family: Arial CE; font-size: small;\">EFG-DH 10<\/span><\/td>\n<td><span style=\"font-family: Arial CE; font-size: small;\">4.02 &#8211;<\/span><\/td>\n<\/tr>\n<tr>\n<td height=\"17\"><span style=\"font-family: Arial CE; font-size: small;\">EFG-DH 12,5\/15B<\/span><\/td>\n<td><span style=\"font-family: Arial CE; font-size: small;\">5.96 &#8211; 12.02<\/span><\/td>\n<\/tr>\n<tr>\n<td height=\"17\"><span style=\"font-family: Arial CE; font-size: small;\">EFG-DHac 10LMP<\/span><\/td>\n<td><span style=\"font-family: Arial CE; font-size: small;\">7.02 &#8211;<\/span><\/td>\n<\/tr>\n<tr>\n<td height=\"17\"><span style=\"font-family: Arial CE; font-size: small;\">EFG-DHac 10LMP<\/span><\/td>\n<td><span style=\"font-family: Arial CE; font-size: small;\">8.04 &#8211;<\/span><\/td>\n<\/tr>\n<tr>\n<td height=\"17\"><span style=\"font-family: Arial CE; font-size: small;\">EFG-DHac 10LSP<\/span><\/td>\n<td><span style=\"font-family: Arial CE; font-size: small;\">7.02 &#8211;<\/span><\/td>\n<\/tr>\n<tr>\n<td height=\"17\"><span style=\"font-family: Arial CE; font-size: small;\">EFG-DHac 10MP<\/span><\/td>\n<td><span style=\"font-family: Arial CE; font-size: small;\">7.02 &#8211;<\/span><\/td>\n<\/tr>\n<tr>\n<td height=\"17\"><span style=\"font-family: Arial CE; font-size: small;\">EFG-DHac 10SP<\/span><\/td>\n<td><span style=\"font-family: Arial CE; font-size: small;\">7.02 &#8211;<\/span><\/td>\n<\/tr>\n<tr>\n<td height=\"17\"><span style=\"font-family: Arial CE; font-size: small;\">EFG-DHac 12,5MP<\/span><\/td>\n<td><span style=\"font-family: Arial CE; font-size: small;\">7.02 &#8211;<\/span><\/td>\n<\/tr>\n<tr>\n<td height=\"17\"><span style=\"font-family: Arial CE; font-size: small;\">EFG-DHac 12,5SP<\/span><\/td>\n<td><span style=\"font-family: Arial CE; font-size: small;\">7.02 &#8211;<\/span><\/td>\n<\/tr>\n<tr>\n<td height=\"17\"><span style=\"font-family: Arial CE; font-size: small;\">EFG-DHac 15MP<\/span><\/td>\n<td><span style=\"font-family: Arial CE; font-size: small;\">7.02 &#8211;<\/span><\/td>\n<\/tr>\n<tr>\n<td height=\"17\"><span style=\"font-family: Arial CE; font-size: small;\">EFG-DHac 15SP<\/span><\/td>\n<td><span style=\"font-family: Arial CE; font-size: small;\">7.02 &#8211;<\/span><\/td>\n<\/tr>\n<tr>\n<td height=\"17\"><span style=\"font-family: Arial CE; font-size: small;\">EFG-V 16\/20<\/span><\/td>\n<td><span style=\"font-family: Arial CE; font-size: small;\">12.95 &#8211; 5.99<\/span><\/td>\n<\/tr>\n<tr>\n<td height=\"17\"><span style=\"font-family: Arial CE; font-size: small;\">EFG-V 16\/20<\/span><\/td>\n<td><span style=\"font-family: Arial CE; font-size: small;\">6.99 &#8211; 2.02<\/span><\/td>\n<\/tr>\n<tr>\n<td height=\"17\"><span style=\"font-family: Arial CE; font-size: small;\">EFG-V 16\/20<\/span><\/td>\n<td><span style=\"font-family: Arial CE; font-size: small;\">3.95 &#8211; 11.95<\/span><\/td>\n<\/tr>\n<tr>\n<td height=\"17\"><span style=\"font-family: Arial CE; font-size: small;\">EFG-V 20L-30<\/span><\/td>\n<td><span style=\"font-family: Arial CE; font-size: small;\">7.95 &#8211;<\/span><\/td>\n<\/tr>\n<tr>\n<td height=\"17\"><span style=\"font-family: Arial CE; font-size: small;\">EFG-VAC 16\/20<\/span><\/td>\n<td><span style=\"font-family: Arial CE; font-size: small;\">8.99 &#8211;<\/span><\/td>\n<\/tr>\n<tr>\n<td height=\"17\"><span style=\"font-family: Arial CE; font-size: small;\">EFG-VAC 25\/30<\/span><\/td>\n<td><span style=\"font-family: Arial CE; font-size: small;\">5.97 &#8211; 12.01<\/span><\/td>\n<\/tr>\n<tr>\n<td height=\"17\"><span style=\"font-family: Arial CE; font-size: small;\">EFX 100\/125<\/span><\/td>\n<td><span style=\"font-family: Arial CE; font-size: small;\">6.97 &#8211; 12.03<\/span><\/td>\n<\/tr>\n<tr>\n<td height=\"17\"><span style=\"font-family: Arial CE; font-size: small;\">EFX 410\/413 S\/F I<\/span><\/td>\n<td><span style=\"font-family: Arial CE; font-size: small;\">10.04 &#8211;<\/span><\/td>\n<\/tr>\n<tr>\n<td height=\"17\"><span style=\"font-family: Arial CE; font-size: small;\">EFXac 100 IF<\/span><\/td>\n<td><span style=\"font-family: Arial CE; font-size: small;\">7.02 &#8211; 9.04<\/span><\/td>\n<\/tr>\n<tr>\n<td height=\"17\"><span style=\"font-family: Arial CE; font-size: small;\">EFXac 100 SF<\/span><\/td>\n<td><span style=\"font-family: Arial CE; font-size: small;\">7.02 &#8211; 9.04<\/span><\/td>\n<\/tr>\n<tr>\n<td height=\"17\"><span style=\"font-family: Arial CE; font-size: small;\">EFXac 125 IF<\/span><\/td>\n<td><span style=\"font-family: Arial CE; font-size: small;\">7.02 &#8211; 9.04<\/span><\/td>\n<\/tr>\n<tr>\n<td height=\"17\"><span style=\"font-family: Arial CE; font-size: small;\">EP 40 MP<\/span><\/td>\n<td><span style=\"font-family: Arial CE; font-size: small;\">11.09 &#8211;<\/span><\/td>\n<\/tr>\n<tr>\n<td height=\"17\"><span style=\"font-family: Arial CE; font-size: small;\">EP 45N (CAT)<\/span><\/td>\n<td><span style=\"font-family: Arial CE; font-size: small;\">4.05 &#8211; 11.09<\/span><\/td>\n<\/tr>\n<tr>\n<td height=\"17\"><span style=\"font-family: Arial CE; font-size: small;\">ERP 16-20<\/span><\/td>\n<td><span style=\"font-family: Arial CE; font-size: small;\">6.95 &#8211; 7.98<\/span><\/td>\n<\/tr>\n<tr>\n<td height=\"17\"><span style=\"font-family: Arial CE; font-size: small;\">ETX 125\/150<\/span><\/td>\n<td><span style=\"font-family: Arial CE; font-size: small;\">8.95 &#8211; 12.00<\/span><\/td>\n<\/tr>\n<tr>\n<td height=\"17\"><span style=\"font-family: Arial CE; font-size: small;\">ETX 513\/515 S\/F I \/ S*<\/span><\/td>\n<td><span style=\"font-family: Arial CE; font-size: small;\">10.04 &#8211;<\/span><\/td>\n<\/tr>\n<tr>\n<td height=\"17\"><span style=\"font-family: Arial CE; font-size: small;\">ETX AC 125<\/span><\/td>\n<td><span style=\"font-family: Arial CE; font-size: small;\">1.01 &#8211; 9.04<\/span><\/td>\n<\/tr>\n<tr>\n<td height=\"17\"><span style=\"font-family: Arial CE; font-size: small;\">ETX AC 125IF<\/span><\/td>\n<td><span style=\"font-family: Arial CE; font-size: small;\">1.01 &#8211; 9.04<\/span><\/td>\n<\/tr>\n<tr>\n<td height=\"17\"><span style=\"font-family: Arial CE; font-size: small;\">ETX AC 150 \/ AC 150 KH<\/span><\/td>\n<td><span style=\"font-family: Arial CE; font-size: small;\">1.01 &#8211; 9.04<\/span><\/td>\n<\/tr>\n<tr>\n<td height=\"17\"><span style=\"font-family: Arial CE; font-size: small;\">ETX AC 150 SX<\/span><\/td>\n<td><span style=\"font-family: Arial CE; font-size: small;\">1.01 &#8211; 9.04<\/span><\/td>\n<\/tr>\n<tr>\n<td height=\"17\"><span style=\"font-family: Arial CE; font-size: small;\">FB 10-15 MK 5 (KOM)<\/span><\/td>\n<td><span style=\"font-family: Arial CE; font-size: small;\">6.95 &#8211; 4.96<\/span><\/td>\n<\/tr>\n<tr>\n<td height=\"17\"><span style=\"font-family: Arial CE; font-size: small;\">FB 10-15 MK 6 (KOM)<\/span><\/td>\n<td><span style=\"font-family: Arial CE; font-size: small;\">4.96 &#8211; 3.01<\/span><\/td>\n<\/tr>\n<tr>\n<td height=\"17\"><span style=\"font-family: Arial CE; font-size: small;\">FB 13-20 (KOM)<\/span><\/td>\n<td><span style=\"font-family: Arial CE; font-size: small;\">4.98 &#8211; 3.01<\/span><\/td>\n<\/tr>\n<tr>\n<td height=\"17\"><span style=\"font-family: Arial CE; font-size: small;\">FB 40-50<\/span><\/td>\n<td><span style=\"font-family: Arial CE; font-size: small;\">4.05 &#8211;<\/span><\/td>\n<\/tr>\n<tr>\n<td height=\"17\"><span style=\"font-family: Arial CE; font-size: small;\">JE 10-15 MK 5 (STB)<\/span><\/td>\n<td><span style=\"font-family: Arial CE; font-size: small;\">1.93 &#8211; 5.96<\/span><\/td>\n<\/tr>\n<tr>\n<td height=\"17\"><span style=\"font-family: Arial CE; font-size: small;\">JE 10-15 MK 6 (STB)<\/span><\/td>\n<td><span style=\"font-family: Arial CE; font-size: small;\">3.96 &#8211;<\/span><\/td>\n<\/tr>\n<tr>\n<td height=\"17\"><span style=\"font-family: Arial CE; font-size: small;\">JE ac 10-15<\/span><\/td>\n<td><span style=\"font-family: Arial CE; font-size: small;\">11.04 &#8211; 1.08<\/span><\/td>\n<\/tr>\n<tr>\n<td height=\"17\"><span style=\"font-family: Arial CE; font-size: small;\">KE 16 &#8211; 20<\/span><\/td>\n<td><span style=\"font-family: Arial CE; font-size: small;\">8.04 &#8211;<\/span><\/td>\n<\/tr>\n<tr>\n<td height=\"17\"><span style=\"font-family: Arial CE; font-size: small;\">KE 16-20 ac-system MK 7 (STB)<\/span><\/td>\n<td><span style=\"font-family: Arial CE; font-size: small;\">3.99 &#8211;<\/span><\/td>\n<\/tr>\n<tr>\n<td height=\"17\"><span style=\"font-family: Arial CE; font-size: small;\">KE 16-20 MK 5\/6 (STB)<\/span><\/td>\n<td><span style=\"font-family: Arial CE; font-size: small;\">8.93 &#8211; 5.98<\/span><\/td>\n<\/tr>\n<tr>\n<td height=\"17\"><span style=\"font-family: Arial CE; font-size: small;\">KE 16-20 MK 7 (STB)<\/span><\/td>\n<td><span style=\"font-family: Arial CE; font-size: small;\">3.98 &#8211;<\/span><\/td>\n<\/tr>\n<tr>\n<td height=\"17\"><span style=\"font-family: Arial CE; font-size: small;\">LE 13 &#8211; 20<\/span><\/td>\n<td><span style=\"font-family: Arial CE; font-size: small;\">8.04 &#8211;<\/span><\/td>\n<\/tr>\n<tr>\n<td height=\"17\"><span style=\"font-family: Arial CE; font-size: small;\">LE 13-20 MK 5\/6 (STB)<\/span><\/td>\n<td><span style=\"font-family: Arial CE; font-size: small;\">10.96 &#8211; 5.98<\/span><\/td>\n<\/tr>\n<tr>\n<td height=\"17\"><span style=\"font-family: Arial CE; font-size: small;\">LE 13-20 MK 7 (STB)<\/span><\/td>\n<td><span style=\"font-family: Arial CE; font-size: small;\">3.98 &#8211;<\/span><\/td>\n<\/tr>\n<tr>\n<td height=\"17\"><span style=\"font-family: Arial CE; font-size: small;\">PE 16 MK 5 (STB)<\/span><\/td>\n<td><span style=\"font-family: Arial CE; font-size: small;\">9.93 &#8211; 5.96<\/span><\/td>\n<\/tr>\n<tr>\n<td height=\"17\"><span style=\"font-family: Arial CE; font-size: small;\">PE 20-30 MK 6 (STB)<\/span><\/td>\n<td><span style=\"font-family: Arial CE; font-size: small;\">5.93 &#8211; 3.01<\/span><\/td>\n<\/tr>\n<tr>\n<td height=\"17\"><span style=\"font-family: Arial CE; font-size: small;\">PE 22-30 MK 7 (STB)<\/span><\/td>\n<td><span style=\"font-family: Arial CE; font-size: small;\">1.01 &#8211;<\/span><\/td>\n<\/tr>\n<tr>\n<td height=\"17\"><span style=\"font-family: Arial CE; font-size: small;\">PE-D 25-30 MK 5 (STB)<\/span><\/td>\n<td><span style=\"font-family: Arial CE; font-size: small;\">9.96 &#8211; 5.01<\/span><\/td>\n<\/tr>\n<tr>\n<td height=\"17\"><span style=\"font-family: Arial CE; font-size: small;\">WD 10-12 MK 3 (STB)<\/span><\/td>\n<td><span style=\"font-family: Arial CE; font-size: small;\">4.93 &#8211; 12.98<\/span><\/td>\n<\/tr>\n<tr>\n<td height=\"17\"><span style=\"font-family: Arial CE; font-size: small;\">WD 13-15 MK 4 (STB)<\/span><\/td>\n<td><span style=\"font-family: Arial CE; font-size: small;\">2.01 &#8211; 12.04<\/span><\/td>\n<\/tr>\n<tr>\n<td height=\"17\"><span style=\"font-family: Arial CE; font-size: small;\">WD 15 MK 3 (STB)<\/span><\/td>\n<td><span style=\"font-family: Arial CE; font-size: small;\">8.94 &#8211; 3.01<\/span><\/td>\n<\/tr>\n<tr>\n<td height=\"17\"><span style=\"font-family: Arial CE; font-size: small;\">WM 10-13 MK 2 (STB)<\/span><\/td>\n<td><span style=\"font-family: Arial CE; font-size: small;\">6.94 &#8211; 12.02<\/span><\/td>\n<\/tr>\n<\/tbody>\n<\/table>","protected":false},"excerpt":{"rendered":"<p data-start=\"151\" data-end=\"393\"><br data-start=\"1221\" data-end=\"1224\" \/>Speziell f\u00fcr das Jungheinrich EFG 320 Gabelstaplermodell entwickelt, erm\u00f6glicht dieses Gaspedal eine pr\u00e4zise und komfortable Geschwindigkeitsregelung. Seine robusten Materialien sorgen f\u00fcr eine lange Lebensdauer und tragen zu sicherem Fahren bei.<\/p>\n<p data-start=\"1472\" data-end=\"1800\"><strong data-start=\"1472\" data-end=\"1490\">Eigenschaften:<\/strong><br data-start=\"1490\" data-end=\"1493\" \/><strong data-start=\"1493\" data-end=\"1509\">Produktname:<\/strong> Jungheinrich EFG 320 Gaspedal<br data-start=\"1539\" data-end=\"1542\" \/><strong data-start=\"1542\" data-end=\"1558\">Teilenummer:<\/strong> 26915305, 4513630<br data-start=\"1576\" data-end=\"1579\" \/><strong data-start=\"1579\" data-end=\"1592\">Material:<\/strong> Robuster Kunststoff und Metalllegierung<br data-start=\"1632\" data-end=\"1635\" \/><strong data-start=\"1635\" data-end=\"1654\">Einsatzbereich:<\/strong> Geschwindigkeitsregelsysteme f\u00fcr Jungheinrich EFG 320 Gabelstapler<br data-start=\"1721\" data-end=\"1724\" \/><strong data-start=\"1724\" data-end=\"1736\">Vorteil:<\/strong> Pr\u00e4zise Steuerung, langlebige Konstruktion, komfortable Nutzung<\/p>\n<p data-start=\"1802\" data-end=\"2065\">\n","protected":false},"featured_media":13969,"template":"","meta":[],"product_brand":[],"product_cat":[236,471,522],"product_tag":[],"class_list":{"0":"post-13968","1":"product","2":"type-product","3":"status-publish","4":"has-post-thumbnail","6":"product_cat-jungheinrich","7":"product_cat-joystick-pedal-yedek-parca","8":"product_cat-yedek-parca-jungheinrich","10":"first","11":"instock","12":"taxable","13":"shipping-taxable","14":"purchasable","15":"product-type-simple"},"_links":{"self":[{"href":"https:\/\/ceoparts.com\/de\/wp-json\/wp\/v2\/product\/13968","targetHints":{"allow":["GET"]}}],"collection":[{"href":"https:\/\/ceoparts.com\/de\/wp-json\/wp\/v2\/product"}],"about":[{"href":"https:\/\/ceoparts.com\/de\/wp-json\/wp\/v2\/types\/product"}],"wp:featuredmedia":[{"embeddable":true,"href":"https:\/\/ceoparts.com\/de\/wp-json\/wp\/v2\/media\/13969"}],"wp:attachment":[{"href":"https:\/\/ceoparts.com\/de\/wp-json\/wp\/v2\/media?parent=13968"}],"wp:term":[{"taxonomy":"product_brand","embeddable":true,"href":"https:\/\/ceoparts.com\/de\/wp-json\/wp\/v2\/product_brand?post=13968"},{"taxonomy":"product_cat","embeddable":true,"href":"https:\/\/ceoparts.com\/de\/wp-json\/wp\/v2\/product_cat?post=13968"},{"taxonomy":"product_tag","embeddable":true,"href":"https:\/\/ceoparts.com\/de\/wp-json\/wp\/v2\/product_tag?post=13968"}],"curies":[{"name":"wp","href":"https:\/\/api.w.org\/{rel}","templated":true}]}}