{"id":13975,"date":"2025-02-06T15:03:40","date_gmt":"2025-02-06T12:03:40","guid":{"rendered":"https:\/\/ceoparts.com\/?post_type=product&#038;p=13975"},"modified":"2026-05-16T19:46:45","modified_gmt":"2026-05-16T16:46:45","slug":"jungheinrich-switch-induct-approximation-50462522","status":"publish","type":"product","link":"https:\/\/ceoparts.com\/de\/urun\/jungheinrich-switch-induct-approximation-50462522\/","title":{"rendered":"Jungheinrich Induktiver N\u00e4herungsschalter"},"content":{"rendered":"<p>Jungheinrich Induktiver N\u00e4herungsschalter<\/p>\n<p>Jungheinrich 50462522<\/p>\n<p>ETM\/V 214\/216\u00a012.03 &#8211; 10.12<br \/>\nETM\/V 320\/325\u00a012.04 &#8211; 2.14<br \/>\nETV 110\/112\u00a011.05 &#8211; 6.14<br \/>\nETV 114\/116\u00a011.05 &#8211; 12.11<br \/>\nETV C 16\u00a06.08 &#8211; 5.15<br \/>\nETV C 20\u00a06.08 &#8211; 4.15<br \/>\nETVQ 20\/25\u00a09.10 &#8211;<br \/>\nETM\/V 214\/216\u00a09.11 &#8211;<br \/>\nETM\/V 214\/216 (US)\u00a01.11 &#8211; 10.12<br \/>\nETV 110\/112 (US)\u00a01.11 &#8211; 6.14<br \/>\nETV 114\/116 (US)\u00a01.11 &#8211; 10.11<br \/>\nETV C 16 (US)\u00a01.11 &#8211; 5.15<br \/>\nETV C 20 (US)\u00a01.11 &#8211; 4.15<br \/>\nETM\/V 320\/325 (US)\u00a01.11 &#8211; 2.14<br \/>\nETVQ 20\/25 (US)\u00a01.11 &#8211;<br \/>\nETM\/V 214\/216 (US)\u00a09.11 &#8211;<br \/>\nETV 114n\/116n\u00a07.11 &#8211; 1.18<br \/>\nETM\/V 214-325 Cab\u00a09.11 &#8211;<br \/>\nETM\/V 214\/216 (CN)\u00a012.11 &#8211;<br \/>\nETV C 16 (CN)\u00a012.11 &#8211; 5.15<br \/>\nETV 110\/112 (CN)\u00a012.11 &#8211; 6.14<br \/>\nETV 114\/116 (CN)\u00a011.11 &#8211; 1.12<br \/>\nETM\/V 214\/216 (CN)\u00a012.11 &#8211; 10.12<br \/>\nETV C 20 (CN)\u00a012.11 &#8211; 4.15<br \/>\nETM\/V 320\/325 (CN)\u00a012.11 &#8211; 2.14<br \/>\nETVQ 20\/25 (CN)\u00a012.11 &#8211;<br \/>\nETM\/V 318-325\u00a010.13 &#8211;<br \/>\nETM\/V 318-325 (US)\u00a010.13 &#8211;<br \/>\nETM\/V 318-325 (CN)\u00a010.13 &#8211;<br \/>\nETV 110\/112\u00a05.14 &#8211;<br \/>\nETV 110\/112 (US)\u00a05.14 &#8211;<br \/>\nETV 110\/112 (CN)\u00a05.14 &#8211;<br \/>\nEmpilhadores de mastro retr\u00e1ctil\u00a07.13 &#8211;<br \/>\nETV C 16\/20\u00a03.15 &#8211;<br \/>\nETV C 16\/20 (US)\u00a03.15 &#8211;<br \/>\nETV C 16\/20 (CN)\u00a03.15 &#8211;<br \/>\nETV 118n\/ 120n\u00a01.14 &#8211; 1.18<br \/>\nETV-Q 20-25\u00a01.17 &#8211;<br \/>\nETV-Q 20-25 (US)\u00a01.17 &#8211;<br \/>\nETV-Q 20-25 (CN)\u00a01.17 &#8211;<br \/>\nETV 114n\/116n\u00a01.18 &#8211; 3.23<br \/>\nETV 118n\/ 120n\u00a01.18 &#8211; 3.23<br \/>\nETV 116n HELI\u00a05.17 &#8211; 3.23<br \/>\nETV 120n HELI\u00a05.17 &#8211; 3.23<br \/>\nET 214-216 2021\u00a02.22 &#8211;<br \/>\nET 214-216 2021 (US)\u00a02.22 &#8211;<br \/>\nET 214-216 2021 (CN)\u00a02.22 &#8211;<br \/>\nET 210-212 2021\u00a02.22 &#8211;<br \/>\nET 210-212 2021 (CN)\u00a02.22 &#8211;<br \/>\nETV C20 2021\u00a02.22 &#8211;<br \/>\nETV C16 2021 (CN)\u00a02.22 &#8211;<br \/>\nETV Q20\/Q25\u00a08.22 &#8211;<br \/>\nETV Q20\/Q25 (CN)\u00a08.22 &#8211;<br \/>\nETV Q20\/Q25 (US)\u00a08.22 &#8211;<\/p>","protected":false},"excerpt":{"rendered":"<p data-start=\"161\" data-end=\"397\"><br data-start=\"1190\" data-end=\"1193\" \/>Der f\u00fcr Jungheinrich Gabelstapler entwickelte induktive N\u00e4herungsschalter erkennt Metallobjekte ber\u00fchrungslos. Seine robuste Bauweise und pr\u00e4zise Funktion gew\u00e4hrleisten eine sichere und effektive Anwendung in Gabelstapler-Steuerungssystemen.<\/p>\n<p data-start=\"1436\" data-end=\"1752\"><strong data-start=\"1436\" data-end=\"1454\">Eigenschaften:<\/strong><br data-start=\"1454\" data-end=\"1457\" \/><strong data-start=\"1457\" data-end=\"1473\">Produktname:<\/strong> Jungheinrich Induktiver N\u00e4herungsschalter<br data-start=\"1515\" data-end=\"1518\" \/><strong data-start=\"1518\" data-end=\"1534\">Teilenummer:<\/strong> 50462522<br data-start=\"1543\" data-end=\"1546\" \/><strong data-start=\"1546\" data-end=\"1559\">Material:<\/strong> Metall- und elektronische Komponenten<br data-start=\"1597\" data-end=\"1600\" \/><strong data-start=\"1600\" data-end=\"1619\">Einsatzbereich:<\/strong> Steuerungs- und Automatisierungssysteme f\u00fcr Gabelstapler<br data-start=\"1676\" data-end=\"1679\" \/><strong data-start=\"1679\" data-end=\"1691\">Vorteil:<\/strong> Ber\u00fchrungslose Erkennung, hohe Pr\u00e4zision, langlebiges Design<\/p>\n<p data-start=\"1754\" data-end=\"2037\">\n","protected":false},"featured_media":13978,"template":"","meta":[],"product_brand":[],"product_cat":[236,469,522],"product_tag":[],"class_list":{"0":"post-13975","1":"product","2":"type-product","3":"status-publish","4":"has-post-thumbnail","6":"product_cat-jungheinrich","7":"product_cat-elektrik-ve-sistem-parcalari","8":"product_cat-yedek-parca-jungheinrich","10":"first","11":"instock","12":"taxable","13":"shipping-taxable","14":"purchasable","15":"product-type-simple"},"_links":{"self":[{"href":"https:\/\/ceoparts.com\/de\/wp-json\/wp\/v2\/product\/13975","targetHints":{"allow":["GET"]}}],"collection":[{"href":"https:\/\/ceoparts.com\/de\/wp-json\/wp\/v2\/product"}],"about":[{"href":"https:\/\/ceoparts.com\/de\/wp-json\/wp\/v2\/types\/product"}],"wp:featuredmedia":[{"embeddable":true,"href":"https:\/\/ceoparts.com\/de\/wp-json\/wp\/v2\/media\/13978"}],"wp:attachment":[{"href":"https:\/\/ceoparts.com\/de\/wp-json\/wp\/v2\/media?parent=13975"}],"wp:term":[{"taxonomy":"product_brand","embeddable":true,"href":"https:\/\/ceoparts.com\/de\/wp-json\/wp\/v2\/product_brand?post=13975"},{"taxonomy":"product_cat","embeddable":true,"href":"https:\/\/ceoparts.com\/de\/wp-json\/wp\/v2\/product_cat?post=13975"},{"taxonomy":"product_tag","embeddable":true,"href":"https:\/\/ceoparts.com\/de\/wp-json\/wp\/v2\/product_tag?post=13975"}],"curies":[{"name":"wp","href":"https:\/\/api.w.org\/{rel}","templated":true}]}}