{"id":14005,"date":"2025-02-06T16:26:25","date_gmt":"2025-02-06T13:26:25","guid":{"rendered":"https:\/\/ceoparts.com\/?post_type=product&#038;p=14005"},"modified":"2026-05-16T14:01:13","modified_gmt":"2026-05-16T11:01:13","slug":"linde-motor-komur-seti-0009718214","status":"publish","type":"product","link":"https:\/\/ceoparts.com\/de\/urun\/linde-motor-komur-seti-0009718214\/","title":{"rendered":"Linde Motor Kohlenb\u00fcrstenset &#8211; 0009718214"},"content":{"rendered":"<p>Linde Motor Kohlenb\u00fcrstenset &#8211; 0009718214<\/p>","protected":false},"excerpt":{"rendered":"<p data-start=\"126\" data-end=\"374\"><br data-start=\"1126\" data-end=\"1129\" \/>Das speziell f\u00fcr Linde Gabelstaplermotoren entwickelte Motor-Kohleb\u00fcrsten-Set gew\u00e4hrleistet einen effizienten und unterbrechungsfreien Motorbetrieb. Hergestellt aus hochwertigem Kohlenstoffmaterial bietet es eine lange Lebensdauer und reduziert den Motorverschlei\u00df.<\/p>\n<p data-start=\"1396\" data-end=\"1660\"><strong data-start=\"1396\" data-end=\"1414\">Eigenschaften:<\/strong><br data-start=\"1414\" data-end=\"1417\" \/><strong data-start=\"1417\" data-end=\"1433\">Produktname:<\/strong> Linde Motor-Kohleb\u00fcrsten-Set<br data-start=\"1462\" data-end=\"1465\" \/><strong data-start=\"1465\" data-end=\"1481\">Teilenummer:<\/strong> 0009718214<br data-start=\"1492\" data-end=\"1495\" \/><strong data-start=\"1495\" data-end=\"1508\">Material:<\/strong> Hochwertiger Kohlenstoff<br data-start=\"1533\" data-end=\"1536\" \/><strong data-start=\"1536\" data-end=\"1555\">Einsatzbereich:<\/strong> Elektromotoren von Linde Gabelstaplern<br data-start=\"1594\" data-end=\"1597\" \/><strong data-start=\"1597\" data-end=\"1609\">Vorteil:<\/strong> Lange Lebensdauer, hohe Leitf\u00e4higkeit, Motorschutz<\/p>\n<p data-start=\"1662\" data-end=\"1922\">\n","protected":false},"featured_media":14006,"template":"","meta":[],"product_brand":[],"product_cat":[246,441,470,523],"product_tag":[],"class_list":{"0":"post-14005","1":"product","2":"type-product","3":"status-publish","4":"has-post-thumbnail","6":"product_cat-linde","7":"product_cat-yedek-parca","8":"product_cat-diger-yedek-parcalar","9":"product_cat-yedek-parca-linde","11":"first","12":"instock","13":"taxable","14":"shipping-taxable","15":"purchasable","16":"product-type-simple"},"_links":{"self":[{"href":"https:\/\/ceoparts.com\/de\/wp-json\/wp\/v2\/product\/14005","targetHints":{"allow":["GET"]}}],"collection":[{"href":"https:\/\/ceoparts.com\/de\/wp-json\/wp\/v2\/product"}],"about":[{"href":"https:\/\/ceoparts.com\/de\/wp-json\/wp\/v2\/types\/product"}],"wp:featuredmedia":[{"embeddable":true,"href":"https:\/\/ceoparts.com\/de\/wp-json\/wp\/v2\/media\/14006"}],"wp:attachment":[{"href":"https:\/\/ceoparts.com\/de\/wp-json\/wp\/v2\/media?parent=14005"}],"wp:term":[{"taxonomy":"product_brand","embeddable":true,"href":"https:\/\/ceoparts.com\/de\/wp-json\/wp\/v2\/product_brand?post=14005"},{"taxonomy":"product_cat","embeddable":true,"href":"https:\/\/ceoparts.com\/de\/wp-json\/wp\/v2\/product_cat?post=14005"},{"taxonomy":"product_tag","embeddable":true,"href":"https:\/\/ceoparts.com\/de\/wp-json\/wp\/v2\/product_tag?post=14005"}],"curies":[{"name":"wp","href":"https:\/\/api.w.org\/{rel}","templated":true}]}}