{"id":14017,"date":"2025-02-07T14:34:10","date_gmt":"2025-02-07T11:34:10","guid":{"rendered":"https:\/\/ceoparts.com\/?post_type=product&#038;p=14017"},"modified":"2026-05-16T06:16:32","modified_gmt":"2026-05-16T03:16:32","slug":"20x17-mm-denge-teker-burc","status":"publish","type":"product","link":"https:\/\/ceoparts.com\/de\/urun\/20x17-mm-denge-teker-burc\/","title":{"rendered":"20&#215;17 mm Balance-Rad Buchse"},"content":{"rendered":"<p>20&#215;17 mm Balance-Rad Buchse<\/p>","protected":false},"excerpt":{"rendered":"<p data-start=\"119\" data-end=\"364\"><br data-start=\"1184\" data-end=\"1187\" \/>Die 20\u00d717 mm D\u00e4mpfungsbuchse wurde f\u00fcr St\u00fctzradsysteme von Gabelstaplern und Hubwagen entwickelt und sorgt f\u00fcr einen stabilen und sicheren Lauf des Rads am Chassis. Die verschlei\u00df- und sto\u00dffeste Konstruktion bietet eine lange Lebensdauer.<\/p>\n<p data-start=\"1427\" data-end=\"1708\"><strong data-start=\"1427\" data-end=\"1445\">Eigenschaften:<\/strong><br data-start=\"1445\" data-end=\"1448\" \/><strong data-start=\"1448\" data-end=\"1464\">Produktname:<\/strong> 20\u00d717 mm D\u00e4mpfungsbuchse<br data-start=\"1489\" data-end=\"1492\" \/><strong data-start=\"1492\" data-end=\"1508\">Teilenummer:<\/strong> \u2014<br data-start=\"1510\" data-end=\"1513\" \/><strong data-start=\"1513\" data-end=\"1526\">Material:<\/strong> Hochfester Stahl und Verbundmaterial<br data-start=\"1563\" data-end=\"1566\" \/><strong data-start=\"1566\" data-end=\"1585\">Einsatzbereich:<\/strong> St\u00fctzradsysteme f\u00fcr Gabelstapler und Hubwagen<br data-start=\"1631\" data-end=\"1634\" \/><strong data-start=\"1634\" data-end=\"1646\">Vorteil:<\/strong> Robuste Bauweise, lange Lebensdauer, hohe Stabilit\u00e4tsleistung<\/p>\n<p data-start=\"1710\" data-end=\"1981\">\n","protected":false},"featured_media":14021,"template":"","meta":[],"product_brand":[],"product_cat":[464,466],"product_tag":[],"class_list":{"0":"post-14017","1":"product","2":"type-product","3":"status-publish","4":"has-post-thumbnail","6":"product_cat-burc-ve-mill-grubu","7":"product_cat-denge-teker-burcu","9":"first","10":"instock","11":"taxable","12":"shipping-taxable","13":"purchasable","14":"product-type-simple"},"_links":{"self":[{"href":"https:\/\/ceoparts.com\/de\/wp-json\/wp\/v2\/product\/14017","targetHints":{"allow":["GET"]}}],"collection":[{"href":"https:\/\/ceoparts.com\/de\/wp-json\/wp\/v2\/product"}],"about":[{"href":"https:\/\/ceoparts.com\/de\/wp-json\/wp\/v2\/types\/product"}],"wp:featuredmedia":[{"embeddable":true,"href":"https:\/\/ceoparts.com\/de\/wp-json\/wp\/v2\/media\/14021"}],"wp:attachment":[{"href":"https:\/\/ceoparts.com\/de\/wp-json\/wp\/v2\/media?parent=14017"}],"wp:term":[{"taxonomy":"product_brand","embeddable":true,"href":"https:\/\/ceoparts.com\/de\/wp-json\/wp\/v2\/product_brand?post=14017"},{"taxonomy":"product_cat","embeddable":true,"href":"https:\/\/ceoparts.com\/de\/wp-json\/wp\/v2\/product_cat?post=14017"},{"taxonomy":"product_tag","embeddable":true,"href":"https:\/\/ceoparts.com\/de\/wp-json\/wp\/v2\/product_tag?post=14017"}],"curies":[{"name":"wp","href":"https:\/\/api.w.org\/{rel}","templated":true}]}}