{"id":14022,"date":"2025-02-07T14:39:43","date_gmt":"2025-02-07T11:39:43","guid":{"rendered":"https:\/\/ceoparts.com\/?post_type=product&#038;p=14022"},"modified":"2026-05-16T11:46:23","modified_gmt":"2026-05-16T08:46:23","slug":"t16-denge-teker-burc","status":"publish","type":"product","link":"https:\/\/ceoparts.com\/de\/urun\/t16-denge-teker-burc\/","title":{"rendered":"T16 Balance-Rad Buchse"},"content":{"rendered":"<p>T16 Balance-Rad Buchse<\/p>","protected":false},"excerpt":{"rendered":"<p data-start=\"111\" data-end=\"325\"><br data-start=\"1100\" data-end=\"1103\" \/>Der speziell f\u00fcr T16 Hubwagen und Gabelstapler entwickelte D\u00e4mpfungsbuchse sorgt f\u00fcr einen stabilen und sicheren Lauf des Lauf- und St\u00fctzrades. Die sto\u00dffeste Konstruktion gew\u00e4hrleistet eine lange Lebensdauer.<\/p>\n<p data-start=\"1313\" data-end=\"1581\"><strong data-start=\"1313\" data-end=\"1331\">Eigenschaften:<\/strong><br data-start=\"1331\" data-end=\"1334\" \/><strong data-start=\"1334\" data-end=\"1350\">Produktname:<\/strong> T16 D\u00e4mpfungsbuchse<br data-start=\"1370\" data-end=\"1373\" \/><strong data-start=\"1373\" data-end=\"1389\">Teilenummer:<\/strong> \u2014<br data-start=\"1391\" data-end=\"1394\" \/><strong data-start=\"1394\" data-end=\"1407\">Material:<\/strong> Verschlei\u00dffester Stahl und Verbundmaterial<br data-start=\"1450\" data-end=\"1453\" \/><strong data-start=\"1453\" data-end=\"1472\">Einsatzbereich:<\/strong> St\u00fctzradsysteme f\u00fcr T16 Modelle<br data-start=\"1504\" data-end=\"1507\" \/><strong data-start=\"1507\" data-end=\"1519\">Vorteil:<\/strong> Robuste Bauweise, lange Lebensdauer, hohe Stabilit\u00e4tsleistung<\/p>\n<p data-start=\"1583\" data-end=\"1839\">\n","protected":false},"featured_media":14023,"template":"","meta":[],"product_brand":[],"product_cat":[464,466],"product_tag":[],"class_list":{"0":"post-14022","1":"product","2":"type-product","3":"status-publish","4":"has-post-thumbnail","6":"product_cat-burc-ve-mill-grubu","7":"product_cat-denge-teker-burcu","9":"first","10":"instock","11":"taxable","12":"shipping-taxable","13":"purchasable","14":"product-type-simple"},"_links":{"self":[{"href":"https:\/\/ceoparts.com\/de\/wp-json\/wp\/v2\/product\/14022","targetHints":{"allow":["GET"]}}],"collection":[{"href":"https:\/\/ceoparts.com\/de\/wp-json\/wp\/v2\/product"}],"about":[{"href":"https:\/\/ceoparts.com\/de\/wp-json\/wp\/v2\/types\/product"}],"wp:featuredmedia":[{"embeddable":true,"href":"https:\/\/ceoparts.com\/de\/wp-json\/wp\/v2\/media\/14023"}],"wp:attachment":[{"href":"https:\/\/ceoparts.com\/de\/wp-json\/wp\/v2\/media?parent=14022"}],"wp:term":[{"taxonomy":"product_brand","embeddable":true,"href":"https:\/\/ceoparts.com\/de\/wp-json\/wp\/v2\/product_brand?post=14022"},{"taxonomy":"product_cat","embeddable":true,"href":"https:\/\/ceoparts.com\/de\/wp-json\/wp\/v2\/product_cat?post=14022"},{"taxonomy":"product_tag","embeddable":true,"href":"https:\/\/ceoparts.com\/de\/wp-json\/wp\/v2\/product_tag?post=14022"}],"curies":[{"name":"wp","href":"https:\/\/api.w.org\/{rel}","templated":true}]}}