{"id":14041,"date":"2025-02-07T15:23:02","date_gmt":"2025-02-07T12:23:02","guid":{"rendered":"https:\/\/ceoparts.com\/?post_type=product&#038;p=14041"},"modified":"2026-05-16T21:10:58","modified_gmt":"2026-05-16T18:10:58","slug":"linde-direksiyon-aksonu-sol-16024530311","status":"publish","type":"product","link":"https:\/\/ceoparts.com\/de\/urun\/linde-direksiyon-aksonu-sol-16024530311\/","title":{"rendered":"Linde Linker Lenk-Axon &#8211; 16024530311"},"content":{"rendered":"<p>Linde Linker Lenk-Axon &#8211; 16024530311<\/p>\n<p>LINDE<br \/>\n388 E35,40,45,50,<br \/>\n392 H20,H25,<br \/>\n393 H25,H30,H35(RH) forklift<br \/>\n388\/392\/393<\/p>","protected":false},"excerpt":{"rendered":"<p data-start=\"137\" data-end=\"360\"><br data-start=\"1114\" data-end=\"1117\" \/>Die linke Lenkachse f\u00fcr Linde Gabelstapler sorgt f\u00fcr einen sicheren und pr\u00e4zisen Betrieb des Lenksystems. Die robuste Konstruktion und hochwertige Verarbeitung garantieren eine lange und zuverl\u00e4ssige Lebensdauer.<\/p>\n<p data-start=\"1331\" data-end=\"1581\"><strong data-start=\"1331\" data-end=\"1349\">Eigenschaften:<\/strong><br data-start=\"1349\" data-end=\"1352\" \/><strong data-start=\"1352\" data-end=\"1368\">Produktname:<\/strong> Linde Lenkachse links<br data-start=\"1390\" data-end=\"1393\" \/><strong data-start=\"1393\" data-end=\"1409\">Teilenummer:<\/strong> 16024530311<br data-start=\"1421\" data-end=\"1424\" \/><strong data-start=\"1424\" data-end=\"1437\">Material:<\/strong> Hochfester Stahl<br data-start=\"1454\" data-end=\"1457\" \/><strong data-start=\"1457\" data-end=\"1476\">Einsatzbereich:<\/strong> Lenksysteme f\u00fcr Linde Gabelstapler<br data-start=\"1511\" data-end=\"1514\" \/><strong data-start=\"1514\" data-end=\"1526\">Vorteil:<\/strong> Robuste Bauweise, lange Lebensdauer, pr\u00e4zise Steuerung<\/p>\n<p data-start=\"1583\" data-end=\"1811\">\n","protected":false},"featured_media":14038,"template":"","meta":[],"product_brand":[],"product_cat":[246,450,523],"product_tag":[],"class_list":{"0":"post-14041","1":"product","2":"type-product","3":"status-publish","4":"has-post-thumbnail","6":"product_cat-linde","7":"product_cat-direksiyon-sistemleri","8":"product_cat-yedek-parca-linde","10":"first","11":"instock","12":"taxable","13":"shipping-taxable","14":"purchasable","15":"product-type-simple"},"_links":{"self":[{"href":"https:\/\/ceoparts.com\/de\/wp-json\/wp\/v2\/product\/14041","targetHints":{"allow":["GET"]}}],"collection":[{"href":"https:\/\/ceoparts.com\/de\/wp-json\/wp\/v2\/product"}],"about":[{"href":"https:\/\/ceoparts.com\/de\/wp-json\/wp\/v2\/types\/product"}],"wp:featuredmedia":[{"embeddable":true,"href":"https:\/\/ceoparts.com\/de\/wp-json\/wp\/v2\/media\/14038"}],"wp:attachment":[{"href":"https:\/\/ceoparts.com\/de\/wp-json\/wp\/v2\/media?parent=14041"}],"wp:term":[{"taxonomy":"product_brand","embeddable":true,"href":"https:\/\/ceoparts.com\/de\/wp-json\/wp\/v2\/product_brand?post=14041"},{"taxonomy":"product_cat","embeddable":true,"href":"https:\/\/ceoparts.com\/de\/wp-json\/wp\/v2\/product_cat?post=14041"},{"taxonomy":"product_tag","embeddable":true,"href":"https:\/\/ceoparts.com\/de\/wp-json\/wp\/v2\/product_tag?post=14041"}],"curies":[{"name":"wp","href":"https:\/\/api.w.org\/{rel}","templated":true}]}}