{"id":14047,"date":"2025-02-07T16:08:53","date_gmt":"2025-02-07T13:08:53","guid":{"rendered":"https:\/\/ceoparts.com\/?post_type=product&#038;p=14047"},"modified":"2026-05-16T10:58:11","modified_gmt":"2026-05-16T07:58:11","slug":"bt-toyota-cesab-lpe200-dayanma-kolu-pedi-7580132","status":"publish","type":"product","link":"https:\/\/ceoparts.com\/de\/urun\/bt-toyota-cesab-lpe200-dayanma-kolu-pedi-7580132\/","title":{"rendered":"BT Toyota Cesab LPE200 Widerstandsarm Polster &#8211; 7580132"},"content":{"rendered":"<p>BT Toyota Cesab LPE200 Widerstandsarm Polster &#8211; 7580132<\/p>","protected":false},"excerpt":{"rendered":"<p data-start=\"159\" data-end=\"371\"><br data-start=\"1196\" data-end=\"1199\" \/>Speziell f\u00fcr BT-, Toyota- und Cesab LPE200-Gabelstapler konzipiert, erh\u00f6ht das Armlehnenpolster den Bedienkomfort und reduziert Vibrationen. Das weiche und langlebige Material sorgt f\u00fcr eine lange Lebensdauer.<\/p>\n<p data-start=\"1410\" data-end=\"1731\"><strong data-start=\"1410\" data-end=\"1428\">Eigenschaften:<\/strong><br data-start=\"1428\" data-end=\"1431\" \/><strong data-start=\"1431\" data-end=\"1447\">Produktname:<\/strong> BT Toyota Cesab LPE200 Armlehnenpolster<br data-start=\"1487\" data-end=\"1490\" \/><strong data-start=\"1490\" data-end=\"1506\">Teilenummer:<\/strong> 7580132<br data-start=\"1514\" data-end=\"1517\" \/><strong data-start=\"1517\" data-end=\"1530\">Material:<\/strong> Robuste Gummi- und Polyurethanmischung<br data-start=\"1569\" data-end=\"1572\" \/><strong data-start=\"1572\" data-end=\"1591\">Einsatzbereich:<\/strong> Armlehnen-Systeme f\u00fcr BT, Toyota und Cesab LPE200 Gabelstapler<br data-start=\"1654\" data-end=\"1657\" \/><strong data-start=\"1657\" data-end=\"1669\">Vorteil:<\/strong> Bequeme Oberfl\u00e4che, sto\u00dfd\u00e4mpfende Struktur, lange Lebensdauer<\/p>\n<p data-start=\"1733\" data-end=\"1974\">\n","protected":false},"featured_media":14050,"template":"","meta":[],"product_brand":[],"product_cat":[251,450,518,521,530],"product_tag":[],"class_list":{"0":"post-14047","1":"product","2":"type-product","3":"status-publish","4":"has-post-thumbnail","6":"product_cat-bt","7":"product_cat-direksiyon-sistemleri","8":"product_cat-yedek-parca-bt","9":"product_cat-toyota","10":"product_cat-yedek-parca-toyota","12":"first","13":"instock","14":"taxable","15":"shipping-taxable","16":"purchasable","17":"product-type-simple"},"_links":{"self":[{"href":"https:\/\/ceoparts.com\/de\/wp-json\/wp\/v2\/product\/14047","targetHints":{"allow":["GET"]}}],"collection":[{"href":"https:\/\/ceoparts.com\/de\/wp-json\/wp\/v2\/product"}],"about":[{"href":"https:\/\/ceoparts.com\/de\/wp-json\/wp\/v2\/types\/product"}],"wp:featuredmedia":[{"embeddable":true,"href":"https:\/\/ceoparts.com\/de\/wp-json\/wp\/v2\/media\/14050"}],"wp:attachment":[{"href":"https:\/\/ceoparts.com\/de\/wp-json\/wp\/v2\/media?parent=14047"}],"wp:term":[{"taxonomy":"product_brand","embeddable":true,"href":"https:\/\/ceoparts.com\/de\/wp-json\/wp\/v2\/product_brand?post=14047"},{"taxonomy":"product_cat","embeddable":true,"href":"https:\/\/ceoparts.com\/de\/wp-json\/wp\/v2\/product_cat?post=14047"},{"taxonomy":"product_tag","embeddable":true,"href":"https:\/\/ceoparts.com\/de\/wp-json\/wp\/v2\/product_tag?post=14047"}],"curies":[{"name":"wp","href":"https:\/\/api.w.org\/{rel}","templated":true}]}}