{"id":14056,"date":"2025-02-07T16:12:11","date_gmt":"2025-02-07T13:12:11","guid":{"rendered":"https:\/\/ceoparts.com\/?post_type=product&#038;p=14056"},"modified":"2026-05-16T21:36:21","modified_gmt":"2026-05-16T18:36:21","slug":"bt-toyota-cesab-lpe200-ped-yuvasi-7580131","status":"publish","type":"product","link":"https:\/\/ceoparts.com\/de\/urun\/bt-toyota-cesab-lpe200-ped-yuvasi-7580131\/","title":{"rendered":"BT Toyota Cesab LPE200 Ped Yuvas\u0131 &#8211; 7580131"},"content":{"rendered":"<p class=\"qtranxs-available-languages-message qtranxs-available-languages-message-de\">Leider ist der Eintrag nur auf <a href=\"https:\/\/ceoparts.com\/tr\/wp-json\/wp\/v2\/product\/14056\" class=\"qtranxs-available-language-link qtranxs-available-language-link-tr\" title=\"Turkish\">Turkish<\/a> verf\u00fcgbar.<\/p>","protected":false},"excerpt":{"rendered":"<p data-start=\"147\" data-end=\"348\"><br data-start=\"1105\" data-end=\"1108\" \/>Das Pedalgeh\u00e4use f\u00fcr BT, Toyota und Cesab LPE200 Gabelstapler sorgt f\u00fcr einen sicheren und stabilen Betrieb des Pedalsystems. Aus langlebigen Materialien f\u00fcr eine lange Lebensdauer gefertigt.<\/p>\n<p data-start=\"1301\" data-end=\"1584\"><strong data-start=\"1301\" data-end=\"1319\">Eigenschaften:<\/strong><br data-start=\"1319\" data-end=\"1322\" \/><strong data-start=\"1322\" data-end=\"1338\">Produktname:<\/strong> BT Toyota Cesab LPE200 Pedalgeh\u00e4use<br data-start=\"1374\" data-end=\"1377\" \/><strong data-start=\"1377\" data-end=\"1393\">Teilenummer:<\/strong> 7580131<br data-start=\"1401\" data-end=\"1404\" \/><strong data-start=\"1404\" data-end=\"1417\">Material:<\/strong> Hochfestes Metall<br data-start=\"1435\" data-end=\"1438\" \/><strong data-start=\"1438\" data-end=\"1457\">Einsatzbereich:<\/strong> Pedalsysteme f\u00fcr BT, Toyota und Cesab LPE200 Gabelstapler<br data-start=\"1515\" data-end=\"1518\" \/><strong data-start=\"1518\" data-end=\"1530\">Vorteil:<\/strong> Robuste Bauweise, lange Lebensdauer, einfache Montage<\/p>\n<p data-start=\"1586\" data-end=\"1799\">\n","protected":false},"featured_media":14059,"template":"","meta":[],"product_brand":[],"product_cat":[251,450,518,521,530],"product_tag":[],"class_list":{"0":"post-14056","1":"product","2":"type-product","3":"status-publish","4":"has-post-thumbnail","6":"product_cat-bt","7":"product_cat-direksiyon-sistemleri","8":"product_cat-yedek-parca-bt","9":"product_cat-toyota","10":"product_cat-yedek-parca-toyota","12":"first","13":"instock","14":"taxable","15":"shipping-taxable","16":"purchasable","17":"product-type-simple"},"_links":{"self":[{"href":"https:\/\/ceoparts.com\/de\/wp-json\/wp\/v2\/product\/14056","targetHints":{"allow":["GET"]}}],"collection":[{"href":"https:\/\/ceoparts.com\/de\/wp-json\/wp\/v2\/product"}],"about":[{"href":"https:\/\/ceoparts.com\/de\/wp-json\/wp\/v2\/types\/product"}],"wp:featuredmedia":[{"embeddable":true,"href":"https:\/\/ceoparts.com\/de\/wp-json\/wp\/v2\/media\/14059"}],"wp:attachment":[{"href":"https:\/\/ceoparts.com\/de\/wp-json\/wp\/v2\/media?parent=14056"}],"wp:term":[{"taxonomy":"product_brand","embeddable":true,"href":"https:\/\/ceoparts.com\/de\/wp-json\/wp\/v2\/product_brand?post=14056"},{"taxonomy":"product_cat","embeddable":true,"href":"https:\/\/ceoparts.com\/de\/wp-json\/wp\/v2\/product_cat?post=14056"},{"taxonomy":"product_tag","embeddable":true,"href":"https:\/\/ceoparts.com\/de\/wp-json\/wp\/v2\/product_tag?post=14056"}],"curies":[{"name":"wp","href":"https:\/\/api.w.org\/{rel}","templated":true}]}}