{"id":14070,"date":"2025-02-07T16:38:27","date_gmt":"2025-02-07T13:38:27","guid":{"rendered":"https:\/\/ceoparts.com\/?post_type=product&#038;p=14070"},"modified":"2026-05-16T14:05:33","modified_gmt":"2026-05-16T11:05:33","slug":"linde-karin-butonu-3005430303","status":"publish","type":"product","link":"https:\/\/ceoparts.com\/de\/urun\/linde-karin-butonu-3005430303\/","title":{"rendered":"Linde Bauchknopf &#8211; 3005430303"},"content":{"rendered":"<p>Linde Bauchknopf &#8211; 3005430303<\/p>","protected":false},"excerpt":{"rendered":"<p data-start=\"110\" data-end=\"315\"><br data-start=\"998\" data-end=\"1001\" \/>Der Linde Bauchtaster ist speziell f\u00fcr Linde Gabelstapler entwickelt und unterst\u00fctzt den Bediener bei schneller und sicherer Steuerung. Hergestellt aus langlebigen Materialien f\u00fcr eine lange Lebensdauer.<\/p>\n<p data-start=\"1206\" data-end=\"1479\"><strong data-start=\"1206\" data-end=\"1224\">Eigenschaften:<\/strong><br data-start=\"1224\" data-end=\"1227\" \/><strong data-start=\"1227\" data-end=\"1243\">Produktname:<\/strong> Linde Bauchtaster<br data-start=\"1261\" data-end=\"1264\" \/><strong data-start=\"1264\" data-end=\"1280\">Teilenummer:<\/strong> 3005430303<br data-start=\"1291\" data-end=\"1294\" \/><strong data-start=\"1294\" data-end=\"1307\">Material:<\/strong> Robuste Kunststoff- und Metallkomponenten<br data-start=\"1349\" data-end=\"1352\" \/><strong data-start=\"1352\" data-end=\"1371\">Einsatzbereich:<\/strong> Steuerungssysteme f\u00fcr Gabelstapler<br data-start=\"1406\" data-end=\"1409\" \/><strong data-start=\"1409\" data-end=\"1421\">Vorteil:<\/strong> Einfache Bedienung, langlebiges Design, schnelle Reaktion<\/p>\n<p data-start=\"1481\" data-end=\"1704\">\n","protected":false},"featured_media":14071,"template":"","meta":[],"product_brand":[],"product_cat":[246,451,454,523],"product_tag":[],"class_list":{"0":"post-14070","1":"product","2":"type-product","3":"status-publish","4":"has-post-thumbnail","6":"product_cat-linde","7":"product_cat-aksesuar-grubu","8":"product_cat-switch-ve-buton","9":"product_cat-yedek-parca-linde","11":"first","12":"instock","13":"taxable","14":"shipping-taxable","15":"purchasable","16":"product-type-simple"},"_links":{"self":[{"href":"https:\/\/ceoparts.com\/de\/wp-json\/wp\/v2\/product\/14070","targetHints":{"allow":["GET"]}}],"collection":[{"href":"https:\/\/ceoparts.com\/de\/wp-json\/wp\/v2\/product"}],"about":[{"href":"https:\/\/ceoparts.com\/de\/wp-json\/wp\/v2\/types\/product"}],"wp:featuredmedia":[{"embeddable":true,"href":"https:\/\/ceoparts.com\/de\/wp-json\/wp\/v2\/media\/14071"}],"wp:attachment":[{"href":"https:\/\/ceoparts.com\/de\/wp-json\/wp\/v2\/media?parent=14070"}],"wp:term":[{"taxonomy":"product_brand","embeddable":true,"href":"https:\/\/ceoparts.com\/de\/wp-json\/wp\/v2\/product_brand?post=14070"},{"taxonomy":"product_cat","embeddable":true,"href":"https:\/\/ceoparts.com\/de\/wp-json\/wp\/v2\/product_cat?post=14070"},{"taxonomy":"product_tag","embeddable":true,"href":"https:\/\/ceoparts.com\/de\/wp-json\/wp\/v2\/product_tag?post=14070"}],"curies":[{"name":"wp","href":"https:\/\/api.w.org\/{rel}","templated":true}]}}