{"id":14110,"date":"2025-02-08T12:07:22","date_gmt":"2025-02-08T09:07:22","guid":{"rendered":"https:\/\/ceoparts.com\/?post_type=product&#038;p=14110"},"modified":"2026-05-16T07:30:20","modified_gmt":"2026-05-16T04:30:20","slug":"acil-stop-butonu-400a","status":"publish","type":"product","link":"https:\/\/ceoparts.com\/de\/urun\/acil-stop-butonu-400a\/","title":{"rendered":"Not-Aus-Schalter 400A"},"content":{"rendered":"<p>Not-Aus-Schalter 400A<\/p>","protected":false},"excerpt":{"rendered":"<p data-start=\"103\" data-end=\"289\"><br data-start=\"1001\" data-end=\"1004\" \/>Der Not-Aus-Knopf mit 400A Kapazit\u00e4t sorgt f\u00fcr eine schnelle und sichere Abschaltung von Gabelstaplern und Industriemaschinen. Langlebige Materialien gew\u00e4hrleisten eine zuverl\u00e4ssige und langlebige Nutzung.<\/p>\n<p data-start=\"1211\" data-end=\"1497\"><strong data-start=\"1211\" data-end=\"1229\">Eigenschaften:<\/strong><br data-start=\"1229\" data-end=\"1232\" \/><strong data-start=\"1232\" data-end=\"1248\">Produktname:<\/strong> Not-Aus-Knopf 400A<br data-start=\"1267\" data-end=\"1270\" \/><strong data-start=\"1270\" data-end=\"1286\">Teilenummer:<\/strong> \u2013<br data-start=\"1288\" data-end=\"1291\" \/><strong data-start=\"1291\" data-end=\"1304\">Material:<\/strong> Robuste Kunststoff- und Metallkomponenten<br data-start=\"1346\" data-end=\"1349\" \/><strong data-start=\"1349\" data-end=\"1368\">Einsatzbereich:<\/strong> Not-Aus-System f\u00fcr Gabelstapler und Industriemaschinen<br data-start=\"1423\" data-end=\"1426\" \/><strong data-start=\"1426\" data-end=\"1438\">Vorteil:<\/strong> Schnelle Reaktion, sichere Abschaltung, langlebiges Design<\/p>\n<p data-start=\"1499\" data-end=\"1704\">\n","protected":false},"featured_media":14111,"template":"","meta":[],"product_brand":[],"product_cat":[469],"product_tag":[],"class_list":{"0":"post-14110","1":"product","2":"type-product","3":"status-publish","4":"has-post-thumbnail","6":"product_cat-elektrik-ve-sistem-parcalari","8":"first","9":"instock","10":"taxable","11":"shipping-taxable","12":"purchasable","13":"product-type-simple"},"_links":{"self":[{"href":"https:\/\/ceoparts.com\/de\/wp-json\/wp\/v2\/product\/14110","targetHints":{"allow":["GET"]}}],"collection":[{"href":"https:\/\/ceoparts.com\/de\/wp-json\/wp\/v2\/product"}],"about":[{"href":"https:\/\/ceoparts.com\/de\/wp-json\/wp\/v2\/types\/product"}],"wp:featuredmedia":[{"embeddable":true,"href":"https:\/\/ceoparts.com\/de\/wp-json\/wp\/v2\/media\/14111"}],"wp:attachment":[{"href":"https:\/\/ceoparts.com\/de\/wp-json\/wp\/v2\/media?parent=14110"}],"wp:term":[{"taxonomy":"product_brand","embeddable":true,"href":"https:\/\/ceoparts.com\/de\/wp-json\/wp\/v2\/product_brand?post=14110"},{"taxonomy":"product_cat","embeddable":true,"href":"https:\/\/ceoparts.com\/de\/wp-json\/wp\/v2\/product_cat?post=14110"},{"taxonomy":"product_tag","embeddable":true,"href":"https:\/\/ceoparts.com\/de\/wp-json\/wp\/v2\/product_tag?post=14110"}],"curies":[{"name":"wp","href":"https:\/\/api.w.org\/{rel}","templated":true}]}}