{"id":14120,"date":"2025-02-08T12:34:02","date_gmt":"2025-02-08T09:34:02","guid":{"rendered":"https:\/\/ceoparts.com\/?post_type=product&#038;p=14120"},"modified":"2026-05-16T15:55:32","modified_gmt":"2026-05-16T12:55:32","slug":"kontak-anahtari-toyota-komatsu-7fd10-45-57590-23333-71","status":"publish","type":"product","link":"https:\/\/ceoparts.com\/de\/urun\/kontak-anahtari-toyota-komatsu-7fd10-45-57590-23333-71\/","title":{"rendered":"Z\u00fcndschloss Toyota Komatsu 7FD10-45 &#8211; 57590-23333-71"},"content":{"rendered":"<p>Z\u00fcndschloss Toyota Komatsu 7FD10-45 &#8211; 57590-23333-71<\/p>\n<p><strong>Referans OEM\u00a0Numaralar\u0131:<\/strong><br \/>\nTY57590-23330-71 \/\u00a0575902333071 \/\u00a057590-23330-71<br \/>\nTY57590-23340-71 \/\u00a0575902334071 \/\u00a057590-23340-71<br \/>\nTY57590-23342-71 \/\u00a0575902334271 \/\u00a057590-23342-71<br \/>\nTY57590-30562-71 \/\u00a0575903056271 \/\u00a057590-30562-71<br \/>\n57590-23343-71<br \/>\n57590-23341-71<br \/>\n57510-23000-71<\/p>","protected":false},"excerpt":{"rendered":"<p data-start=\"156\" data-end=\"355\"><br data-start=\"1158\" data-end=\"1161\" \/>Der Z\u00fcndschalter ist speziell f\u00fcr das Toyota Komatsu 7FD10-45 Gabelstapler-Modell entwickelt und gew\u00e4hrleistet einen sicheren und reibungslosen Betrieb des Fahrzeugs. Hergestellt aus langlebigen Materialien f\u00fcr eine lange Lebensdauer.<\/p>\n<p data-start=\"1397\" data-end=\"1707\"><strong data-start=\"1397\" data-end=\"1415\">Eigenschaften:<\/strong><br data-start=\"1415\" data-end=\"1418\" \/><strong data-start=\"1418\" data-end=\"1434\">Produktname:<\/strong> Toyota Komatsu 7FD10-45 Z\u00fcndschalter<br data-start=\"1471\" data-end=\"1474\" \/><strong data-start=\"1474\" data-end=\"1490\">Teilenummer:<\/strong> 57590-23333-71<br data-start=\"1505\" data-end=\"1508\" \/><strong data-start=\"1508\" data-end=\"1521\">Material:<\/strong> Robuste Metall- und Kunststoffkomponenten<br data-start=\"1563\" data-end=\"1566\" \/><strong data-start=\"1566\" data-end=\"1585\">Einsatzbereich:<\/strong> Z\u00fcndsystem f\u00fcr Toyota Komatsu 7FD10-45 Gabelstapler<br data-start=\"1637\" data-end=\"1640\" \/><strong data-start=\"1640\" data-end=\"1652\">Vorteil:<\/strong> Sicherer Betrieb, robustes Design und einfache Montage<\/p>\n<p data-start=\"1709\" data-end=\"1951\">\n","protected":false},"featured_media":14121,"template":"","meta":[],"product_brand":[],"product_cat":[469,521,530],"product_tag":[],"class_list":{"0":"post-14120","1":"product","2":"type-product","3":"status-publish","4":"has-post-thumbnail","6":"product_cat-elektrik-ve-sistem-parcalari","7":"product_cat-toyota","8":"product_cat-yedek-parca-toyota","10":"first","11":"instock","12":"taxable","13":"shipping-taxable","14":"purchasable","15":"product-type-simple"},"_links":{"self":[{"href":"https:\/\/ceoparts.com\/de\/wp-json\/wp\/v2\/product\/14120","targetHints":{"allow":["GET"]}}],"collection":[{"href":"https:\/\/ceoparts.com\/de\/wp-json\/wp\/v2\/product"}],"about":[{"href":"https:\/\/ceoparts.com\/de\/wp-json\/wp\/v2\/types\/product"}],"wp:featuredmedia":[{"embeddable":true,"href":"https:\/\/ceoparts.com\/de\/wp-json\/wp\/v2\/media\/14121"}],"wp:attachment":[{"href":"https:\/\/ceoparts.com\/de\/wp-json\/wp\/v2\/media?parent=14120"}],"wp:term":[{"taxonomy":"product_brand","embeddable":true,"href":"https:\/\/ceoparts.com\/de\/wp-json\/wp\/v2\/product_brand?post=14120"},{"taxonomy":"product_cat","embeddable":true,"href":"https:\/\/ceoparts.com\/de\/wp-json\/wp\/v2\/product_cat?post=14120"},{"taxonomy":"product_tag","embeddable":true,"href":"https:\/\/ceoparts.com\/de\/wp-json\/wp\/v2\/product_tag?post=14120"}],"curies":[{"name":"wp","href":"https:\/\/api.w.org\/{rel}","templated":true}]}}