{"id":14125,"date":"2025-02-08T12:38:31","date_gmt":"2025-02-08T09:38:31","guid":{"rendered":"https:\/\/ceoparts.com\/?post_type=product&#038;p=14125"},"modified":"2026-05-16T21:02:19","modified_gmt":"2026-05-16T18:02:19","slug":"kontak-anahtari-seti503-4493184","status":"publish","type":"product","link":"https:\/\/ceoparts.com\/de\/urun\/kontak-anahtari-seti503-4493184\/","title":{"rendered":"Z\u00fcndschloss-Satz 503 &#8211; 4493184"},"content":{"rendered":"<p>Z\u00fcndschloss-Satz 503 &#8211; 4493184<\/p>","protected":false},"excerpt":{"rendered":"<p data-start=\"119\" data-end=\"330\"><br data-start=\"1073\" data-end=\"1076\" \/>Das Z\u00fcndschaltersatz ist f\u00fcr Linde 503 Gabelstapler-Modelle geeignet und gew\u00e4hrleistet einen sicheren und reibungslosen Betrieb. Das Set enth\u00e4lt Schl\u00fcssel und Z\u00fcndschalter. Hergestellt aus langlebigen Materialien f\u00fcr eine lange Lebensdauer.<\/p>\n<p data-start=\"1318\" data-end=\"1596\"><strong data-start=\"1318\" data-end=\"1336\">Eigenschaften:<\/strong><br data-start=\"1336\" data-end=\"1339\" \/><strong data-start=\"1339\" data-end=\"1355\">Produktname:<\/strong> Z\u00fcndschaltersatz 503<br data-start=\"1376\" data-end=\"1379\" \/><strong data-start=\"1379\" data-end=\"1395\">Teilenummer:<\/strong> 4493184<br data-start=\"1403\" data-end=\"1406\" \/><strong data-start=\"1406\" data-end=\"1419\">Material:<\/strong> Robuste Metall- und Kunststoffkomponenten<br data-start=\"1461\" data-end=\"1464\" \/><strong data-start=\"1464\" data-end=\"1483\">Einsatzbereich:<\/strong> Z\u00fcndsystem f\u00fcr Linde 503 Gabelstapler<br data-start=\"1521\" data-end=\"1524\" \/><strong data-start=\"1524\" data-end=\"1536\">Vorteil:<\/strong> Praktische Set-Nutzung, sichere und langlebige Konstruktion<\/p>\n<p data-start=\"1598\" data-end=\"1859\">\n","protected":false},"featured_media":13547,"template":"","meta":[],"product_brand":[],"product_cat":[469],"product_tag":[],"class_list":{"0":"post-14125","1":"product","2":"type-product","3":"status-publish","4":"has-post-thumbnail","6":"product_cat-elektrik-ve-sistem-parcalari","8":"first","9":"instock","10":"taxable","11":"shipping-taxable","12":"purchasable","13":"product-type-simple"},"_links":{"self":[{"href":"https:\/\/ceoparts.com\/de\/wp-json\/wp\/v2\/product\/14125","targetHints":{"allow":["GET"]}}],"collection":[{"href":"https:\/\/ceoparts.com\/de\/wp-json\/wp\/v2\/product"}],"about":[{"href":"https:\/\/ceoparts.com\/de\/wp-json\/wp\/v2\/types\/product"}],"wp:featuredmedia":[{"embeddable":true,"href":"https:\/\/ceoparts.com\/de\/wp-json\/wp\/v2\/media\/13547"}],"wp:attachment":[{"href":"https:\/\/ceoparts.com\/de\/wp-json\/wp\/v2\/media?parent=14125"}],"wp:term":[{"taxonomy":"product_brand","embeddable":true,"href":"https:\/\/ceoparts.com\/de\/wp-json\/wp\/v2\/product_brand?post=14125"},{"taxonomy":"product_cat","embeddable":true,"href":"https:\/\/ceoparts.com\/de\/wp-json\/wp\/v2\/product_cat?post=14125"},{"taxonomy":"product_tag","embeddable":true,"href":"https:\/\/ceoparts.com\/de\/wp-json\/wp\/v2\/product_tag?post=14125"}],"curies":[{"name":"wp","href":"https:\/\/api.w.org\/{rel}","templated":true}]}}