{"id":14127,"date":"2025-02-08T12:57:41","date_gmt":"2025-02-08T09:57:41","guid":{"rendered":"https:\/\/ceoparts.com\/?post_type=product&#038;p=14127"},"modified":"2026-05-16T14:01:34","modified_gmt":"2026-05-16T11:01:34","slug":"acil-stop-butonu-ed100-48v-100a-1114-540000-00","status":"publish","type":"product","link":"https:\/\/ceoparts.com\/de\/urun\/acil-stop-butonu-ed100-48v-100a-1114-540000-00\/","title":{"rendered":"Not-Aus-Schalter ED100 48V 100A &#8211; 1114-540000-00"},"content":{"rendered":"<p>Not-Aus-Schalter ED100 48V 100A &#8211; 1114-540000-00<\/p>","protected":false},"excerpt":{"rendered":"<p data-start=\"140\" data-end=\"323\"><br data-start=\"1102\" data-end=\"1105\" \/>Der Not-Aus-Knopf ED100 mit 48V und 100A Kapazit\u00e4t sorgt f\u00fcr eine schnelle und sichere Abschaltung von Gabelstaplern und Industriemaschinen. Langlebige Materialien gew\u00e4hrleisten eine lange Lebensdauer.<\/p>\n<p data-start=\"1308\" data-end=\"1620\"><strong data-start=\"1308\" data-end=\"1326\">Eigenschaften:<\/strong><br data-start=\"1326\" data-end=\"1329\" \/><strong data-start=\"1329\" data-end=\"1345\">Produktname:<\/strong> Not-Aus-Knopf ED100 48V 100A<br data-start=\"1374\" data-end=\"1377\" \/><strong data-start=\"1377\" data-end=\"1393\">Teilenummer:<\/strong> 1114-540000-00<br data-start=\"1408\" data-end=\"1411\" \/><strong data-start=\"1411\" data-end=\"1424\">Material:<\/strong> Robuste Kunststoff- und Metallkomponenten<br data-start=\"1466\" data-end=\"1469\" \/><strong data-start=\"1469\" data-end=\"1488\">Einsatzbereich:<\/strong> Not-Aus-System f\u00fcr Gabelstapler und Industriemaschinen<br data-start=\"1543\" data-end=\"1546\" \/><strong data-start=\"1546\" data-end=\"1558\">Vorteil:<\/strong> Schnelle Reaktion, sichere Abschaltung und langlebiges Design<\/p>\n<p data-start=\"1622\" data-end=\"1846\">\n","protected":false},"featured_media":14128,"template":"","meta":[],"product_brand":[],"product_cat":[469],"product_tag":[],"class_list":{"0":"post-14127","1":"product","2":"type-product","3":"status-publish","4":"has-post-thumbnail","6":"product_cat-elektrik-ve-sistem-parcalari","8":"first","9":"instock","10":"taxable","11":"shipping-taxable","12":"purchasable","13":"product-type-simple"},"_links":{"self":[{"href":"https:\/\/ceoparts.com\/de\/wp-json\/wp\/v2\/product\/14127","targetHints":{"allow":["GET"]}}],"collection":[{"href":"https:\/\/ceoparts.com\/de\/wp-json\/wp\/v2\/product"}],"about":[{"href":"https:\/\/ceoparts.com\/de\/wp-json\/wp\/v2\/types\/product"}],"wp:featuredmedia":[{"embeddable":true,"href":"https:\/\/ceoparts.com\/de\/wp-json\/wp\/v2\/media\/14128"}],"wp:attachment":[{"href":"https:\/\/ceoparts.com\/de\/wp-json\/wp\/v2\/media?parent=14127"}],"wp:term":[{"taxonomy":"product_brand","embeddable":true,"href":"https:\/\/ceoparts.com\/de\/wp-json\/wp\/v2\/product_brand?post=14127"},{"taxonomy":"product_cat","embeddable":true,"href":"https:\/\/ceoparts.com\/de\/wp-json\/wp\/v2\/product_cat?post=14127"},{"taxonomy":"product_tag","embeddable":true,"href":"https:\/\/ceoparts.com\/de\/wp-json\/wp\/v2\/product_tag?post=14127"}],"curies":[{"name":"wp","href":"https:\/\/api.w.org\/{rel}","templated":true}]}}