{"id":14142,"date":"2025-02-10T14:32:43","date_gmt":"2025-02-10T11:32:43","guid":{"rendered":"https:\/\/ceoparts.com\/?post_type=product&#038;p=14142"},"modified":"2026-05-16T21:52:56","modified_gmt":"2026-05-16T18:52:56","slug":"kontak-anahtari-linde-503-2-kademeli","status":"publish","type":"product","link":"https:\/\/ceoparts.com\/de\/urun\/kontak-anahtari-linde-503-2-kademeli\/","title":{"rendered":"Kontakt-Schl\u00fcssel Linde 503 2-Stufig"},"content":{"rendered":"<p>Kontakt-Schl\u00fcssel Linde 503 2-Stufig<\/p>","protected":false},"excerpt":{"rendered":"<p data-start=\"133\" data-end=\"350\"><br data-start=\"1120\" data-end=\"1123\" \/>Der 2-stufige Z\u00fcndschalter ist speziell f\u00fcr Linde 503 Gabelstapler-Modelle entwickelt und gew\u00e4hrleistet einen sicheren und kontrollierten Betrieb des Fahrzeugs. Seine robuste Bauweise und hochwertigen Materialien sorgen f\u00fcr eine lange Lebensdauer.<\/p>\n<p data-start=\"1372\" data-end=\"1659\"><strong data-start=\"1372\" data-end=\"1390\">Eigenschaften:<\/strong><br data-start=\"1390\" data-end=\"1393\" \/><strong data-start=\"1393\" data-end=\"1409\">Produktname:<\/strong> Linde 503 2-stufiger Z\u00fcndschalter<br data-start=\"1443\" data-end=\"1446\" \/><strong data-start=\"1446\" data-end=\"1462\">Teilenummer:<\/strong> \u2013<br data-start=\"1464\" data-end=\"1467\" \/><strong data-start=\"1467\" data-end=\"1480\">Material:<\/strong> Robuste Metall- und Kunststoffkomponenten<br data-start=\"1522\" data-end=\"1525\" \/><strong data-start=\"1525\" data-end=\"1544\">Einsatzbereich:<\/strong> Z\u00fcndsystem f\u00fcr Linde 503 Gabelstapler<br data-start=\"1582\" data-end=\"1585\" \/><strong data-start=\"1585\" data-end=\"1597\">Vorteil:<\/strong> Zwei-Stufen-Steuerung, sichere Nutzung und langlebiges Design<\/p>\n<p data-start=\"1661\" data-end=\"1925\">\n","protected":false},"featured_media":14143,"template":"","meta":[],"product_brand":[],"product_cat":[246,469,523],"product_tag":[],"class_list":{"0":"post-14142","1":"product","2":"type-product","3":"status-publish","4":"has-post-thumbnail","6":"product_cat-linde","7":"product_cat-elektrik-ve-sistem-parcalari","8":"product_cat-yedek-parca-linde","10":"first","11":"instock","12":"taxable","13":"shipping-taxable","14":"purchasable","15":"product-type-simple"},"_links":{"self":[{"href":"https:\/\/ceoparts.com\/de\/wp-json\/wp\/v2\/product\/14142","targetHints":{"allow":["GET"]}}],"collection":[{"href":"https:\/\/ceoparts.com\/de\/wp-json\/wp\/v2\/product"}],"about":[{"href":"https:\/\/ceoparts.com\/de\/wp-json\/wp\/v2\/types\/product"}],"wp:featuredmedia":[{"embeddable":true,"href":"https:\/\/ceoparts.com\/de\/wp-json\/wp\/v2\/media\/14143"}],"wp:attachment":[{"href":"https:\/\/ceoparts.com\/de\/wp-json\/wp\/v2\/media?parent=14142"}],"wp:term":[{"taxonomy":"product_brand","embeddable":true,"href":"https:\/\/ceoparts.com\/de\/wp-json\/wp\/v2\/product_brand?post=14142"},{"taxonomy":"product_cat","embeddable":true,"href":"https:\/\/ceoparts.com\/de\/wp-json\/wp\/v2\/product_cat?post=14142"},{"taxonomy":"product_tag","embeddable":true,"href":"https:\/\/ceoparts.com\/de\/wp-json\/wp\/v2\/product_tag?post=14142"}],"curies":[{"name":"wp","href":"https:\/\/api.w.org\/{rel}","templated":true}]}}