{"id":14146,"date":"2025-02-10T14:43:18","date_gmt":"2025-02-10T11:43:18","guid":{"rendered":"https:\/\/ceoparts.com\/?post_type=product&#038;p=14146"},"modified":"2026-05-16T16:18:46","modified_gmt":"2026-05-16T13:18:46","slug":"kontak-anahtari-daewoo-7-soket","status":"publish","type":"product","link":"https:\/\/ceoparts.com\/de\/urun\/kontak-anahtari-daewoo-7-soket\/","title":{"rendered":"Kontakt-Schl\u00fcssel Daewoo 7 Steckdose"},"content":{"rendered":"<p>Kontakt-Schl\u00fcssel Daewoo 7 Steckdose<\/p>","protected":false},"excerpt":{"rendered":"<p data-start=\"121\" data-end=\"301\"><br data-start=\"1019\" data-end=\"1022\" \/>Der 7-polige Z\u00fcndschalter ist f\u00fcr Daewoo-Gabelstapler konzipiert und gew\u00e4hrleistet einen sicheren und unterbrechungsfreien Betrieb des Fahrzeugs. Hergestellt aus langlebigen Materialien f\u00fcr eine lange Lebensdauer.<\/p>\n<p data-start=\"1237\" data-end=\"1510\"><strong data-start=\"1237\" data-end=\"1255\">Eigenschaften:<\/strong><br data-start=\"1255\" data-end=\"1258\" \/><strong data-start=\"1258\" data-end=\"1274\">Produktname:<\/strong> Daewoo 7-poliger Z\u00fcndschalter<br data-start=\"1304\" data-end=\"1307\" \/><strong data-start=\"1307\" data-end=\"1323\">Teilenummer:<\/strong> \u2013<br data-start=\"1325\" data-end=\"1328\" \/><strong data-start=\"1328\" data-end=\"1341\">Material:<\/strong> Robuste Metall- und Kunststoffkomponenten<br data-start=\"1383\" data-end=\"1386\" \/><strong data-start=\"1386\" data-end=\"1405\">Einsatzbereich:<\/strong> Z\u00fcndsystem f\u00fcr Daewoo-Gabelstapler<br data-start=\"1440\" data-end=\"1443\" \/><strong data-start=\"1443\" data-end=\"1455\">Vorteil:<\/strong> Sicherer Betrieb, robustes Design und einfache Montage<\/p>\n<p data-start=\"1512\" data-end=\"1728\">\n","protected":false},"featured_media":14147,"template":"","meta":[],"product_brand":[],"product_cat":[469],"product_tag":[],"class_list":{"0":"post-14146","1":"product","2":"type-product","3":"status-publish","4":"has-post-thumbnail","6":"product_cat-elektrik-ve-sistem-parcalari","8":"first","9":"instock","10":"taxable","11":"shipping-taxable","12":"purchasable","13":"product-type-simple"},"_links":{"self":[{"href":"https:\/\/ceoparts.com\/de\/wp-json\/wp\/v2\/product\/14146","targetHints":{"allow":["GET"]}}],"collection":[{"href":"https:\/\/ceoparts.com\/de\/wp-json\/wp\/v2\/product"}],"about":[{"href":"https:\/\/ceoparts.com\/de\/wp-json\/wp\/v2\/types\/product"}],"wp:featuredmedia":[{"embeddable":true,"href":"https:\/\/ceoparts.com\/de\/wp-json\/wp\/v2\/media\/14147"}],"wp:attachment":[{"href":"https:\/\/ceoparts.com\/de\/wp-json\/wp\/v2\/media?parent=14146"}],"wp:term":[{"taxonomy":"product_brand","embeddable":true,"href":"https:\/\/ceoparts.com\/de\/wp-json\/wp\/v2\/product_brand?post=14146"},{"taxonomy":"product_cat","embeddable":true,"href":"https:\/\/ceoparts.com\/de\/wp-json\/wp\/v2\/product_cat?post=14146"},{"taxonomy":"product_tag","embeddable":true,"href":"https:\/\/ceoparts.com\/de\/wp-json\/wp\/v2\/product_tag?post=14146"}],"curies":[{"name":"wp","href":"https:\/\/api.w.org\/{rel}","templated":true}]}}