{"id":14150,"date":"2025-02-10T15:01:31","date_gmt":"2025-02-10T12:01:31","guid":{"rendered":"https:\/\/ceoparts.com\/?post_type=product&#038;p=14150"},"modified":"2026-05-16T15:28:37","modified_gmt":"2026-05-16T12:28:37","slug":"kontak-anahtari-komatsu-t-16-6-soket-3eb-55-51120","status":"publish","type":"product","link":"https:\/\/ceoparts.com\/de\/urun\/kontak-anahtari-komatsu-t-16-6-soket-3eb-55-51120\/","title":{"rendered":"Kontak Anahtar\u0131 KOMATSU T-16 6 Soket &#8211; 3EB-55-51120"},"content":{"rendered":"<p><\/p>\n<p><\/p>\n<ul>\n<li>KOMATSU FD20<\/li>\n<li>KOMATSU30-16<\/li>\n<li>KOMATSU 17\/20<\/li>\n<\/ul>\n<p><\/p>","protected":false},"excerpt":{"rendered":"<p data-start=\"148\" data-end=\"353\"><br data-start=\"1124\" data-end=\"1127\" \/>Der 6-polige Z\u00fcndschalter ist speziell f\u00fcr Komatsu T-16 Gabelstapler-Modelle entwickelt und gew\u00e4hrleistet einen sicheren und reibungslosen Betrieb des Fahrzeugs. Hergestellt aus langlebigen Materialien f\u00fcr eine lange Lebensdauer.<\/p>\n<p data-start=\"1358\" data-end=\"1654\"><strong data-start=\"1358\" data-end=\"1376\">Eigenschaften:<\/strong><br data-start=\"1376\" data-end=\"1379\" \/><strong data-start=\"1379\" data-end=\"1395\">Produktname:<\/strong> Komatsu T-16 6-poliger Z\u00fcndschalter<br data-start=\"1431\" data-end=\"1434\" \/><strong data-start=\"1434\" data-end=\"1450\">Teilenummer:<\/strong> 3EB-55-51120<br data-start=\"1463\" data-end=\"1466\" \/><strong data-start=\"1466\" data-end=\"1479\">Material:<\/strong> Robuste Metall- und Kunststoffkomponenten<br data-start=\"1521\" data-end=\"1524\" \/><strong data-start=\"1524\" data-end=\"1543\">Einsatzbereich:<\/strong> Z\u00fcndsystem f\u00fcr Komatsu T-16 Gabelstapler<br data-start=\"1584\" data-end=\"1587\" \/><strong data-start=\"1587\" data-end=\"1599\">Vorteil:<\/strong> Sicherer Betrieb, robustes Design und einfache Montage<\/p>\n<p data-start=\"1656\" data-end=\"1896\">\n","protected":false},"featured_media":14151,"template":"","meta":[],"product_brand":[],"product_cat":[469],"product_tag":[],"class_list":{"0":"post-14150","1":"product","2":"type-product","3":"status-publish","4":"has-post-thumbnail","6":"product_cat-elektrik-ve-sistem-parcalari","8":"first","9":"instock","10":"taxable","11":"shipping-taxable","12":"purchasable","13":"product-type-simple"},"_links":{"self":[{"href":"https:\/\/ceoparts.com\/de\/wp-json\/wp\/v2\/product\/14150","targetHints":{"allow":["GET"]}}],"collection":[{"href":"https:\/\/ceoparts.com\/de\/wp-json\/wp\/v2\/product"}],"about":[{"href":"https:\/\/ceoparts.com\/de\/wp-json\/wp\/v2\/types\/product"}],"wp:featuredmedia":[{"embeddable":true,"href":"https:\/\/ceoparts.com\/de\/wp-json\/wp\/v2\/media\/14151"}],"wp:attachment":[{"href":"https:\/\/ceoparts.com\/de\/wp-json\/wp\/v2\/media?parent=14150"}],"wp:term":[{"taxonomy":"product_brand","embeddable":true,"href":"https:\/\/ceoparts.com\/de\/wp-json\/wp\/v2\/product_brand?post=14150"},{"taxonomy":"product_cat","embeddable":true,"href":"https:\/\/ceoparts.com\/de\/wp-json\/wp\/v2\/product_cat?post=14150"},{"taxonomy":"product_tag","embeddable":true,"href":"https:\/\/ceoparts.com\/de\/wp-json\/wp\/v2\/product_tag?post=14150"}],"curies":[{"name":"wp","href":"https:\/\/api.w.org\/{rel}","templated":true}]}}