{"id":14163,"date":"2025-02-10T16:12:58","date_gmt":"2025-02-10T13:12:58","guid":{"rendered":"https:\/\/ceoparts.com\/?post_type=product&#038;p=14163"},"modified":"2026-05-16T11:56:31","modified_gmt":"2026-05-16T08:56:31","slug":"gosterge-paneli-tcm-22n2-40301a-22n52-40801","status":"publish","type":"product","link":"https:\/\/ceoparts.com\/de\/urun\/gosterge-paneli-tcm-22n2-40301a-22n52-40801\/","title":{"rendered":"G\u00f6sterge Paneli TCM &#8211; 22N2-40301A , 22N52-40801"},"content":{"rendered":"<p class=\"qtranxs-available-languages-message qtranxs-available-languages-message-de\">Leider ist der Eintrag nur auf <a href=\"https:\/\/ceoparts.com\/tr\/wp-json\/wp\/v2\/product\/14163\" class=\"qtranxs-available-language-link qtranxs-available-language-link-tr\" title=\"Turkish\">Turkish<\/a> verf\u00fcgbar.<\/p>","protected":false},"excerpt":{"rendered":"<p data-start=\"126\" data-end=\"350\"><br data-start=\"1211\" data-end=\"1214\" \/>Das TCM-Anzeigefeld erm\u00f6glicht es dem Bediener, die Leistung und den Zustand von Gabelstaplern und Industriemaschinen einfach zu \u00fcberwachen. Kompatibel mit den Teilenummern 22N2-40301A und 22N52-40801, zeichnet es sich durch ein robustes und pr\u00e4zises Design aus.<\/p>\n<p data-start=\"1478\" data-end=\"1815\"><strong data-start=\"1478\" data-end=\"1496\">Eigenschaften:<\/strong><br data-start=\"1496\" data-end=\"1499\" \/><strong data-start=\"1499\" data-end=\"1515\">Produktname:<\/strong> TCM-Anzeigefeld<br data-start=\"1531\" data-end=\"1534\" \/><strong data-start=\"1534\" data-end=\"1550\">Teilenummer:<\/strong> 22N2-40301A, 22N52-40801<br data-start=\"1575\" data-end=\"1578\" \/><strong data-start=\"1578\" data-end=\"1591\">Material:<\/strong> Robustes Kunststoffgeh\u00e4use und elektronische Bauteile<br data-start=\"1645\" data-end=\"1648\" \/><strong data-start=\"1648\" data-end=\"1667\">Einsatzbereich:<\/strong> Leistungs- und Zustands\u00fcberwachung von Gabelstaplern und Industriemaschinen<br data-start=\"1743\" data-end=\"1746\" \/><strong data-start=\"1746\" data-end=\"1758\">Vorteil:<\/strong> Hohe Genauigkeit, robustes Design und einfache Bedienung<\/p>\n<p data-start=\"1817\" data-end=\"2086\">\n","protected":false},"featured_media":14165,"template":"","meta":[],"product_brand":[],"product_cat":[431],"product_tag":[],"class_list":{"0":"post-14163","1":"product","2":"type-product","3":"status-publish","4":"has-post-thumbnail","6":"product_cat-ekranlar-ve-kartlar","8":"first","9":"instock","10":"taxable","11":"shipping-taxable","12":"purchasable","13":"product-type-simple"},"_links":{"self":[{"href":"https:\/\/ceoparts.com\/de\/wp-json\/wp\/v2\/product\/14163","targetHints":{"allow":["GET"]}}],"collection":[{"href":"https:\/\/ceoparts.com\/de\/wp-json\/wp\/v2\/product"}],"about":[{"href":"https:\/\/ceoparts.com\/de\/wp-json\/wp\/v2\/types\/product"}],"wp:featuredmedia":[{"embeddable":true,"href":"https:\/\/ceoparts.com\/de\/wp-json\/wp\/v2\/media\/14165"}],"wp:attachment":[{"href":"https:\/\/ceoparts.com\/de\/wp-json\/wp\/v2\/media?parent=14163"}],"wp:term":[{"taxonomy":"product_brand","embeddable":true,"href":"https:\/\/ceoparts.com\/de\/wp-json\/wp\/v2\/product_brand?post=14163"},{"taxonomy":"product_cat","embeddable":true,"href":"https:\/\/ceoparts.com\/de\/wp-json\/wp\/v2\/product_cat?post=14163"},{"taxonomy":"product_tag","embeddable":true,"href":"https:\/\/ceoparts.com\/de\/wp-json\/wp\/v2\/product_tag?post=14163"}],"curies":[{"name":"wp","href":"https:\/\/api.w.org\/{rel}","templated":true}]}}