{"id":14170,"date":"2025-02-10T16:17:59","date_gmt":"2025-02-10T13:17:59","guid":{"rendered":"https:\/\/ceoparts.com\/?post_type=product&#038;p=14170"},"modified":"2026-05-16T17:40:30","modified_gmt":"2026-05-16T14:40:30","slug":"gosterge-saati-906-24v-dlb-908l24bz1","status":"publish","type":"product","link":"https:\/\/ceoparts.com\/de\/urun\/gosterge-saati-906-24v-dlb-908l24bz1\/","title":{"rendered":"Anzeigeuhr 906 24V &#8211; DLB-908L24BZ1"},"content":{"rendered":"<p>Anzeigeuhr 906 24V &#8211; DLB-908L24BZ1<\/p>","protected":false},"excerpt":{"rendered":"<p data-start=\"137\" data-end=\"401\"><br data-start=\"1262\" data-end=\"1265\" \/>Die Stundenz\u00e4hleruhr 906 24V \u2013 DLB-908L24BZ1 ist ein langlebiger und pr\u00e4ziser Stundenz\u00e4hler, der zur \u00dcberwachung der Betriebszeit und Motorleistung in Gabelstaplern und Industriemaschinen verwendet wird. Sie ist f\u00fcr den Betrieb mit 24V ausgelegt und bietet eine lange Lebensdauer.<\/p>\n<p data-start=\"1547\" data-end=\"1885\"><strong data-start=\"1547\" data-end=\"1565\">Eigenschaften:<\/strong><br data-start=\"1565\" data-end=\"1568\" \/><strong data-start=\"1568\" data-end=\"1584\">Produktname:<\/strong> Stundenz\u00e4hleruhr 906 24V<br data-start=\"1609\" data-end=\"1612\" \/><strong data-start=\"1612\" data-end=\"1628\">Teilenummer:<\/strong> DLB-908L24BZ1<br data-start=\"1642\" data-end=\"1645\" \/><strong data-start=\"1645\" data-end=\"1658\">Material:<\/strong> Robustes Kunststoffgeh\u00e4use und pr\u00e4ziser Mechanismus<br data-start=\"1710\" data-end=\"1713\" \/><strong data-start=\"1713\" data-end=\"1732\">Einsatzbereich:<\/strong> \u00dcberwachung der Betriebszeit und Leistung von Gabelstaplern und Industriemaschinen<br data-start=\"1815\" data-end=\"1818\" \/><strong data-start=\"1818\" data-end=\"1830\">Vorteil:<\/strong> Hohe Genauigkeit, robustes Design und einfache Montage<\/p>\n<p data-start=\"1887\" data-end=\"2177\">\n","protected":false},"featured_media":14171,"template":"","meta":[],"product_brand":[],"product_cat":[431],"product_tag":[],"class_list":{"0":"post-14170","1":"product","2":"type-product","3":"status-publish","4":"has-post-thumbnail","6":"product_cat-ekranlar-ve-kartlar","8":"first","9":"instock","10":"taxable","11":"shipping-taxable","12":"purchasable","13":"product-type-simple"},"_links":{"self":[{"href":"https:\/\/ceoparts.com\/de\/wp-json\/wp\/v2\/product\/14170","targetHints":{"allow":["GET"]}}],"collection":[{"href":"https:\/\/ceoparts.com\/de\/wp-json\/wp\/v2\/product"}],"about":[{"href":"https:\/\/ceoparts.com\/de\/wp-json\/wp\/v2\/types\/product"}],"wp:featuredmedia":[{"embeddable":true,"href":"https:\/\/ceoparts.com\/de\/wp-json\/wp\/v2\/media\/14171"}],"wp:attachment":[{"href":"https:\/\/ceoparts.com\/de\/wp-json\/wp\/v2\/media?parent=14170"}],"wp:term":[{"taxonomy":"product_brand","embeddable":true,"href":"https:\/\/ceoparts.com\/de\/wp-json\/wp\/v2\/product_brand?post=14170"},{"taxonomy":"product_cat","embeddable":true,"href":"https:\/\/ceoparts.com\/de\/wp-json\/wp\/v2\/product_cat?post=14170"},{"taxonomy":"product_tag","embeddable":true,"href":"https:\/\/ceoparts.com\/de\/wp-json\/wp\/v2\/product_tag?post=14170"}],"curies":[{"name":"wp","href":"https:\/\/api.w.org\/{rel}","templated":true}]}}