{"id":14175,"date":"2025-02-10T16:33:58","date_gmt":"2025-02-10T13:33:58","guid":{"rendered":"https:\/\/ceoparts.com\/?post_type=product&#038;p=14175"},"modified":"2026-05-16T17:33:43","modified_gmt":"2026-05-16T14:33:43","slug":"kontaktor-dc-24v-400a","status":"publish","type":"product","link":"https:\/\/ceoparts.com\/de\/urun\/kontaktor-dc-24v-400a\/","title":{"rendered":"Kontaktor DC 24V &#8211; 400A"},"content":{"rendered":"<p>Kontaktor DC 24V &#8211; 400A<\/p>","protected":false},"excerpt":{"rendered":"<p data-start=\"114\" data-end=\"376\"><br data-start=\"1311\" data-end=\"1314\" \/>Der DC 24V \u2013 400A Kontaktor ist f\u00fcr die sichere und schnelle Steuerung von Hochstrom-Gleichstromkreisen in Gabelstaplern und Industriefahrzeugen konzipiert. Seine robuste Bauweise und hochleitf\u00e4higen Kupferanschl\u00fcsse gew\u00e4hrleisten eine langlebige und zuverl\u00e4ssige Leistung.<\/p>\n<p data-start=\"1589\" data-end=\"1927\"><strong data-start=\"1589\" data-end=\"1607\">Eigenschaften:<\/strong><br data-start=\"1607\" data-end=\"1610\" \/><strong data-start=\"1610\" data-end=\"1626\">Produktname:<\/strong> DC 24V \u2013 400A Kontaktor<br data-start=\"1650\" data-end=\"1653\" \/><strong data-start=\"1653\" data-end=\"1669\">Teilenummer:<\/strong> DC 24V \u2013 400A<br data-start=\"1683\" data-end=\"1686\" \/><strong data-start=\"1686\" data-end=\"1699\">Material:<\/strong> Hochleitf\u00e4hige Kupferanschl\u00fcsse und schlagfestes Kunststoffgeh\u00e4use<br data-start=\"1766\" data-end=\"1769\" \/><strong data-start=\"1769\" data-end=\"1788\">Einsatzbereich:<\/strong> Haupt-Gleichstromkreise von Gabelstaplern und Arbeitsmaschinen<br data-start=\"1851\" data-end=\"1854\" \/><strong data-start=\"1854\" data-end=\"1866\">Vorteil:<\/strong> Hohe Stromkapazit\u00e4t, schnelle Reaktion und lange Lebensdauer<\/p>\n<p data-start=\"1929\" data-end=\"2238\">\n","protected":false},"featured_media":14303,"template":"","meta":[],"product_brand":[],"product_cat":[462],"product_tag":[],"class_list":{"0":"post-14175","1":"product","2":"type-product","3":"status-publish","4":"has-post-thumbnail","6":"product_cat-kontaktorler","8":"first","9":"instock","10":"taxable","11":"shipping-taxable","12":"purchasable","13":"product-type-simple"},"_links":{"self":[{"href":"https:\/\/ceoparts.com\/de\/wp-json\/wp\/v2\/product\/14175","targetHints":{"allow":["GET"]}}],"collection":[{"href":"https:\/\/ceoparts.com\/de\/wp-json\/wp\/v2\/product"}],"about":[{"href":"https:\/\/ceoparts.com\/de\/wp-json\/wp\/v2\/types\/product"}],"wp:featuredmedia":[{"embeddable":true,"href":"https:\/\/ceoparts.com\/de\/wp-json\/wp\/v2\/media\/14303"}],"wp:attachment":[{"href":"https:\/\/ceoparts.com\/de\/wp-json\/wp\/v2\/media?parent=14175"}],"wp:term":[{"taxonomy":"product_brand","embeddable":true,"href":"https:\/\/ceoparts.com\/de\/wp-json\/wp\/v2\/product_brand?post=14175"},{"taxonomy":"product_cat","embeddable":true,"href":"https:\/\/ceoparts.com\/de\/wp-json\/wp\/v2\/product_cat?post=14175"},{"taxonomy":"product_tag","embeddable":true,"href":"https:\/\/ceoparts.com\/de\/wp-json\/wp\/v2\/product_tag?post=14175"}],"curies":[{"name":"wp","href":"https:\/\/api.w.org\/{rel}","templated":true}]}}