{"id":14215,"date":"2025-02-11T11:23:53","date_gmt":"2025-02-11T08:23:53","guid":{"rendered":"https:\/\/ceoparts.com\/?post_type=product&#038;p=14215"},"modified":"2026-05-16T22:12:20","modified_gmt":"2026-05-16T19:12:20","slug":"albright-kontaktor-sw180b-3-24v","status":"publish","type":"product","link":"https:\/\/ceoparts.com\/de\/urun\/albright-kontaktor-sw180b-3-24v\/","title":{"rendered":"Albright Kontaktor SW180B-3 24v"},"content":{"rendered":"<p>Albright Kontaktor SW180B-3 24v<\/p>","protected":false},"excerpt":{"rendered":"<p data-start=\"134\" data-end=\"410\"><br data-start=\"1376\" data-end=\"1379\" \/>Der Albright SW180B-3 24V Kontaktor ist f\u00fcr die sichere und schnelle Steuerung von Mittel- und Hochstromkreisen in Gabelstaplern und Industriefahrzeugen konzipiert. Seine robuste Bauweise und hochleitf\u00e4higen Kupferanschl\u00fcsse gew\u00e4hrleisten eine langlebige und zuverl\u00e4ssige Leistung.<\/p>\n<p data-start=\"1662\" data-end=\"2001\"><strong data-start=\"1662\" data-end=\"1680\">Eigenschaften:<\/strong><br data-start=\"1680\" data-end=\"1683\" \/><strong data-start=\"1683\" data-end=\"1699\">Produktname:<\/strong> Albright SW180B-3 24V Kontaktor<br data-start=\"1731\" data-end=\"1734\" \/><strong data-start=\"1734\" data-end=\"1750\">Teilenummer:<\/strong> SW180B-3 24V<br data-start=\"1763\" data-end=\"1766\" \/><strong data-start=\"1766\" data-end=\"1779\">Material:<\/strong> Hochleitf\u00e4hige Kupferanschl\u00fcsse und schlagfestes Kunststoffgeh\u00e4use<br data-start=\"1846\" data-end=\"1849\" \/><strong data-start=\"1849\" data-end=\"1868\">Einsatzbereich:<\/strong> Hauptstromkreise von Gabelstaplern und Arbeitsmaschinen<br data-start=\"1924\" data-end=\"1927\" \/><strong data-start=\"1927\" data-end=\"1939\">Vorteil:<\/strong> Hohe Stromfestigkeit, schnelle Reaktion und lange Lebensdauer<\/p>\n<p data-start=\"2003\" data-end=\"2303\">\n","protected":false},"featured_media":14218,"template":"","meta":[],"product_brand":[],"product_cat":[462],"product_tag":[],"class_list":{"0":"post-14215","1":"product","2":"type-product","3":"status-publish","4":"has-post-thumbnail","6":"product_cat-kontaktorler","8":"first","9":"instock","10":"taxable","11":"shipping-taxable","12":"purchasable","13":"product-type-simple"},"_links":{"self":[{"href":"https:\/\/ceoparts.com\/de\/wp-json\/wp\/v2\/product\/14215","targetHints":{"allow":["GET"]}}],"collection":[{"href":"https:\/\/ceoparts.com\/de\/wp-json\/wp\/v2\/product"}],"about":[{"href":"https:\/\/ceoparts.com\/de\/wp-json\/wp\/v2\/types\/product"}],"wp:featuredmedia":[{"embeddable":true,"href":"https:\/\/ceoparts.com\/de\/wp-json\/wp\/v2\/media\/14218"}],"wp:attachment":[{"href":"https:\/\/ceoparts.com\/de\/wp-json\/wp\/v2\/media?parent=14215"}],"wp:term":[{"taxonomy":"product_brand","embeddable":true,"href":"https:\/\/ceoparts.com\/de\/wp-json\/wp\/v2\/product_brand?post=14215"},{"taxonomy":"product_cat","embeddable":true,"href":"https:\/\/ceoparts.com\/de\/wp-json\/wp\/v2\/product_cat?post=14215"},{"taxonomy":"product_tag","embeddable":true,"href":"https:\/\/ceoparts.com\/de\/wp-json\/wp\/v2\/product_tag?post=14215"}],"curies":[{"name":"wp","href":"https:\/\/api.w.org\/{rel}","templated":true}]}}